{"id":4541,"date":"2026-05-07T15:09:55","date_gmt":"2026-05-07T15:09:55","guid":{"rendered":"https:\/\/profisaison.com\/profisaison-ti-aiutiamo-a-gestire-nuovamente-il-tuo-sap-real-esatet\/"},"modified":"2026-05-12T17:09:30","modified_gmt":"2026-05-12T17:09:30","slug":"profisaison-ti-aiutiamo-a-gestire-nuovamente-il-tuo-sap-real-esatet","status":"publish","type":"page","link":"https:\/\/profisaison.com\/it\/","title":{"rendered":"ProfiSaison - Ti aiutiamo a gestire nuovamente il tuo SAP\u00ae Real Estate"},"content":{"rendered":"\n<h2 class=\"wp-block-heading has-text-align-left\"><em>Per organizzazioni che gestiscono portafogli seri (immobiliari) su SAP RE-FX.<\/em><\/h2>\n\n<div class=\"ps-div-sub\" role=\"separator\" aria-hidden=\"true\"><span class=\"ps-div-sub__line\"><\/span><img src=\"https:\/\/www.pics1.profisaison.com\/assets2\/logos2\/ps03.png\" alt=\"\" class=\"ps-div-sub__icon\" loading=\"lazy\" decoding=\"async\" width=\"22\" height=\"22\"\/><span class=\"ps-div-sub__line ps-div-sub__line--r\"><\/span><\/div><style>.ps-div-sub {\n    display: flex;\n    align-items: center;\n    gap: .9rem;\n    width: 100%;\n    max-width: 520px;\n    margin: 2.25rem auto;\n    padding: 0 1rem;\n    box-sizing: border-box;\n  }\n  .ps-div-sub__line {\n    flex: 1;\n    display: block;\n    height: 1px;\n    opacity: .4;\n    background: linear-gradient(90deg, transparent, #5D8AA8 55%);\n  }\n  .ps-div-sub__line--r {\n    background: linear-gradient(90deg, #5D8AA8, transparent 55%);\n  }\n  .ps-div-sub__icon {\n    width: auto;\n    height: 20px;\n    max-width: 22px;\n    object-fit: contain;\n    opacity: .65;\n    display: block;\n    transition: opacity .35s ease, transform .45s cubic-bezier(.16,1,.3,1);\n  }\n  .ps-div-sub__icon:hover {\n    opacity: 1;\n    transform: rotate(12deg) scale(1.1);\n  }\n  @media (prefers-reduced-motion: reduce) {\n    .ps-div-sub__icon { transition: none; }\n  }\n<\/style>\n\n<h4 class=\"wp-block-heading has-text-align-left\">E per gli <a href=\"https:\/\/profisaison.com\/it\/system-integrators-sap-re-fx-e-il-collo-di-bottiglia-nei-nostri-impegni\/\">integratori di sistema<\/a> - per sostenerla, aiutarla a governare di nuovo.<\/h4>\n\n<div class=\"ps-div-sub\" role=\"separator\" aria-hidden=\"true\"><span class=\"ps-div-sub__line\"><\/span><img src=\"https:\/\/www.pics1.profisaison.com\/assets2\/logos2\/ps03.png\" alt=\"\" class=\"ps-div-sub__icon\" loading=\"lazy\" decoding=\"async\" width=\"22\" height=\"22\"\/><span class=\"ps-div-sub__line ps-div-sub__line--r\"><\/span><\/div><style>.ps-div-sub {\n    display: flex;\n    align-items: center;\n    gap: .9rem;\n    width: 100%;\n    max-width: 520px;\n    margin: 2.25rem auto;\n    padding: 0 1rem;\n    box-sizing: border-box;\n  }\n  .ps-div-sub__line {\n    flex: 1;\n    display: block;\n    height: 1px;\n    opacity: .4;\n    background: linear-gradient(90deg, transparent, #5D8AA8 55%);\n  }\n  .ps-div-sub__line--r {\n    background: linear-gradient(90deg, #5D8AA8, transparent 55%);\n  }\n  .ps-div-sub__icon {\n    width: auto;\n    height: 20px;\n    max-width: 22px;\n    object-fit: contain;\n    opacity: .65;\n    display: block;\n    transition: opacity .35s ease, transform .45s cubic-bezier(.16,1,.3,1);\n  }\n  .ps-div-sub__icon:hover {\n    opacity: 1;\n    transform: rotate(12deg) scale(1.1);\n  }\n  @media (prefers-reduced-motion: reduce) {\n    .ps-div-sub__icon { transition: none; }\n  }\n<\/style>\n\n<h3 class=\"wp-block-heading has-text-align-left\"><em>Quale di queste descrive meglio la vostra organizzazione?<\/em><\/h3>\n\n<div class=\"wp-block-columns is-layout-flex wp-container-core-columns-is-layout-28f84493 wp-block-columns-is-layout-flex\">\n<div class=\"wp-block-column is-layout-flow wp-block-column-is-layout-flow\" style=\"flex-basis:100%\">\n<div class=\"wp-block-group\"><div class=\"wp-block-group__inner-container is-layout-constrained wp-block-group-is-layout-constrained\">\n<div class=\"wp-block-columns is-layout-flex wp-container-core-columns-is-layout-28f84493 wp-block-columns-is-layout-flex\">\n<div class=\"wp-block-column is-vertically-aligned-stretch has-background is-layout-flow wp-block-column-is-layout-flow\" style=\"background-color:#ceb888\">\n<figure class=\"wp-block-image size-medium\" style=\"margin-top:var(--wp--preset--spacing--20);margin-right:var(--wp--preset--spacing--20);margin-bottom:var(--wp--preset--spacing--20);margin-left:var(--wp--preset--spacing--20)\"><a href=\"https:\/\/profisaison.com\/homepage\/real-estate\/\"><img loading=\"lazy\" decoding=\"async\" width=\"300\" height=\"200\" src=\"https:\/\/profisaison.com\/wp-content\/uploads\/2026\/04\/CB669050-C403-4058-A4B5-5FB5BECCDB3F-300x200.png\" alt=\"\" class=\"wp-image-1879\" style=\"aspect-ratio:16\/9;object-fit:cover\" srcset=\"https:\/\/profisaison.com\/wp-content\/uploads\/2026\/04\/CB669050-C403-4058-A4B5-5FB5BECCDB3F-300x200.png 300w, https:\/\/profisaison.com\/wp-content\/uploads\/2026\/04\/CB669050-C403-4058-A4B5-5FB5BECCDB3F-416x277.png 416w, https:\/\/profisaison.com\/wp-content\/uploads\/2026\/04\/CB669050-C403-4058-A4B5-5FB5BECCDB3F-1024x683.png 1024w, https:\/\/profisaison.com\/wp-content\/uploads\/2026\/04\/CB669050-C403-4058-A4B5-5FB5BECCDB3F-768x512.png 768w, https:\/\/profisaison.com\/wp-content\/uploads\/2026\/04\/CB669050-C403-4058-A4B5-5FB5BECCDB3F.png 1536w\" sizes=\"auto, (max-width: 300px) 100vw, 300px\" \/><\/a><\/figure>\n\n\n\n<div class=\"wp-block-group is-vertical is-content-justification-stretch is-layout-flex wp-container-core-group-is-layout-887de842 wp-block-group-is-layout-flex\">\n<h2 class=\"wp-block-heading has-text-align-center\">Societ\u00e0 Immobiliare<\/h2>\n\n\n\n<hr class=\"wp-block-separator has-alpha-channel-opacity\"\/>\n\n\n\n<p class=\"has-text-align-center has-normal-font-size\" style=\"margin-top:var(--wp--preset--spacing--20);margin-right:var(--wp--preset--spacing--30);margin-bottom:var(--wp--preset--spacing--20);margin-left:var(--wp--preset--spacing--30)\">L&#8217;immobile \u00e8 il nostro core business \u2014 residenziale, commerciale, industriale o portafogli misti.<br\/>SAP RE-FX gestisce le nostre operazioni: leasing, costi di servizio, cicli di vita contrattuali.<\/p>\n\n\n\n<p class=\"has-text-align-center\"><em>\u279d<\/em> <em><strong>Se si \u00e8 spostato, si \u00e8 fermato o \u00e8 diventato opaco,<\/strong><\/em><\/p>\n<\/div>\n\n\n\n<div class=\"wp-block-buttons is-content-justification-center is-layout-flex wp-container-core-buttons-is-layout-1fb448e7 wp-block-buttons-is-layout-flex\">\n<div class=\"wp-block-button\"><a class=\"wp-block-button__link has-white-color has-text-color has-background has-link-color wp-element-button\" href=\"https:\/\/profisaison.com\/homepage\/real-estate\/\" style=\"background-color:#2f1806\">&#8230; <em><strong>Inizia da qui.<\/strong><\/em><\/a><\/div>\n<\/div>\n<\/div>\n\n\n\n<div class=\"wp-block-column is-vertically-aligned-stretch has-background is-layout-flow wp-block-column-is-layout-flow\" style=\"background-color:#ceb888\">\n<figure class=\"wp-block-image size-medium\" style=\"margin-top:var(--wp--preset--spacing--20);margin-right:var(--wp--preset--spacing--20);margin-bottom:var(--wp--preset--spacing--20);margin-left:var(--wp--preset--spacing--20)\"><a href=\"https:\/\/profisaison.com\/homepage\/public-real-estate\/\"><img loading=\"lazy\" decoding=\"async\" width=\"300\" height=\"200\" src=\"https:\/\/profisaison.com\/wp-content\/uploads\/2026\/04\/386CA129-CBF9-4342-9645-75B9EAD8A8BF-300x200.png\" alt=\"\" class=\"wp-image-1877\" style=\"aspect-ratio:16\/9;object-fit:cover\" srcset=\"https:\/\/profisaison.com\/wp-content\/uploads\/2026\/04\/386CA129-CBF9-4342-9645-75B9EAD8A8BF-300x200.png 300w, https:\/\/profisaison.com\/wp-content\/uploads\/2026\/04\/386CA129-CBF9-4342-9645-75B9EAD8A8BF-416x277.png 416w, https:\/\/profisaison.com\/wp-content\/uploads\/2026\/04\/386CA129-CBF9-4342-9645-75B9EAD8A8BF-1024x683.png 1024w, https:\/\/profisaison.com\/wp-content\/uploads\/2026\/04\/386CA129-CBF9-4342-9645-75B9EAD8A8BF-768x512.png 768w, https:\/\/profisaison.com\/wp-content\/uploads\/2026\/04\/386CA129-CBF9-4342-9645-75B9EAD8A8BF.png 1536w\" sizes=\"auto, (max-width: 300px) 100vw, 300px\" \/><\/a><\/figure>\n\n\n\n<div class=\"wp-block-group is-vertical is-content-justification-stretch is-layout-flex wp-container-core-group-is-layout-353c4f5a wp-block-group-is-layout-flex\">\n<h2 class=\"wp-block-heading has-text-align-center\">Settore pubblico<\/h2>\n\n\n\n<hr class=\"wp-block-separator has-alpha-channel-opacity\"\/>\n\n\n\n<p class=\"has-text-align-center has-normal-font-size\" style=\"margin-top:var(--wp--preset--spacing--20);margin-right:var(--wp--preset--spacing--30);margin-bottom:var(--wp--preset--spacing--20);margin-left:var(--wp--preset--spacing--30)\">Siamo uffici di propriet\u00e0 governativa, enti immobiliari statali, fornitori di infrastrutture privatizzate. La nostra configurazione RE-FX comporta responsabilit\u00e0 verso regolatori e revisori. <\/p>\n\n\n\n<p class=\"has-text-align-center\"><em>\u279d<\/em> <em><strong>Quando il sistema non corrisponde pi\u00f9 a come lavori realmente<\/strong><\/em>,<br\/><\/p>\n<\/div>\n\n\n\n<div class=\"wp-block-buttons is-content-justification-center is-layout-flex wp-container-core-buttons-is-layout-1fb448e7 wp-block-buttons-is-layout-flex\">\n<div class=\"wp-block-button is-style-fill\"><a class=\"wp-block-button__link has-white-color has-text-color has-background has-link-color wp-element-button\" href=\"https:\/\/profisaison.com\/homepage\/public-real-estate\/\" style=\"background-color:#2f1806\">&#8230; <em><strong>Inizia da qui.<\/strong><\/em><\/a><\/div>\n<\/div>\n<\/div>\n\n\n\n<div class=\"wp-block-column is-vertically-aligned-stretch has-background is-layout-flow wp-block-column-is-layout-flow\" style=\"background-color:#ceb888\">\n<figure class=\"wp-block-image size-medium\" style=\"margin-top:var(--wp--preset--spacing--20);margin-right:var(--wp--preset--spacing--20);margin-bottom:var(--wp--preset--spacing--20);margin-left:var(--wp--preset--spacing--20)\"><a href=\"https:\/\/profisaison.com\/homepage\/corporate-real-estate\/\"><img loading=\"lazy\" decoding=\"async\" width=\"300\" height=\"200\" src=\"https:\/\/profisaison.com\/wp-content\/uploads\/2026\/04\/E9DE73E7-2E60-40F5-9579-66C88BF21B3F-300x200.png\" alt=\"\" class=\"wp-image-1878\" style=\"aspect-ratio:16\/9;object-fit:cover\" srcset=\"https:\/\/profisaison.com\/wp-content\/uploads\/2026\/04\/E9DE73E7-2E60-40F5-9579-66C88BF21B3F-300x200.png 300w, https:\/\/profisaison.com\/wp-content\/uploads\/2026\/04\/E9DE73E7-2E60-40F5-9579-66C88BF21B3F-416x277.png 416w, https:\/\/profisaison.com\/wp-content\/uploads\/2026\/04\/E9DE73E7-2E60-40F5-9579-66C88BF21B3F-1024x683.png 1024w, https:\/\/profisaison.com\/wp-content\/uploads\/2026\/04\/E9DE73E7-2E60-40F5-9579-66C88BF21B3F-768x512.png 768w, https:\/\/profisaison.com\/wp-content\/uploads\/2026\/04\/E9DE73E7-2E60-40F5-9579-66C88BF21B3F.png 1536w\" sizes=\"auto, (max-width: 300px) 100vw, 300px\" \/><\/a><\/figure>\n\n\n\n<div class=\"wp-block-group is-vertical is-content-justification-stretch is-layout-flex wp-container-core-group-is-layout-e9e70883 wp-block-group-is-layout-flex\">\n<h2 class=\"wp-block-heading has-text-align-center\">Corporate<\/h2>\n\n\n\n<hr class=\"wp-block-separator has-alpha-channel-opacity\"\/>\n\n\n\n<p class=\"has-text-align-center has-normal-font-size\" style=\"margin-top:var(--wp--preset--spacing--20);margin-right:var(--wp--preset--spacing--30);margin-bottom:var(--wp--preset--spacing--20);margin-left:var(--wp--preset--spacing--30)\">Il nostro core business non \u00e8 l&#8217;immobiliare - ma gestiamo un portafoglio immobiliare di<br\/>dimensioni considerevoli per le operazioni, le locazioni o l&#8217;IFRS 16.<br\/>RE-FX \u00e8 collegato al nostro pi\u00f9 ampio reporting finanziario.<\/p>\n\n\n\n<p class=\"has-text-align-center has-normal-font-size\" style=\"margin-top:var(--wp--preset--spacing--40);margin-right:var(--wp--preset--spacing--20);margin-bottom:var(--wp--preset--spacing--40);margin-left:var(--wp--preset--spacing--20)\"><em>\u279d<\/em> <em><strong>Quando si comporta come una scatola nera<\/strong><\/em>,<\/p>\n<\/div>\n\n\n\n<div class=\"wp-block-buttons is-content-justification-center is-layout-flex wp-container-core-buttons-is-layout-1fb448e7 wp-block-buttons-is-layout-flex\">\n<div class=\"wp-block-button\"><a class=\"wp-block-button__link has-white-color has-text-color has-background has-link-color wp-element-button\" href=\"https:\/\/profisaison.com\/homepage\/corporate-real-estate\/\" style=\"background-color:#2f1806\">&#8230; <em><strong>Inizia da qui.<\/strong><\/em><\/a><\/div>\n<\/div>\n<\/div>\n<\/div>\n<\/div><\/div>\n<\/div>\n<\/div>\n\n<div class=\"ps-div-main\" role=\"separator\" aria-hidden=\"true\"><span class=\"ps-div-main__line\"><\/span><img src=\"https:\/\/www.pics1.profisaison.com\/assets2\/logos2\/ps01.png\" alt=\"\" class=\"ps-div-main__ticket\" loading=\"lazy\" decoding=\"async\" width=\"130\" height=\"28\"\/><span class=\"ps-div-main__line ps-div-main__line--r\"><\/span><\/div><style>.ps-div-main {\n    display: flex;\n    align-items: center;\n    gap: 1.25rem;\n    width: 100%;\n    max-width: 720px;\n    margin: 3.5rem auto;\n    padding: 0 1rem;\n    box-sizing: border-box;\n  }\n  .ps-div-main__line {\n    flex: 1;\n    display: block;\n    height: 2px;\n    opacity: .55;\n    border-radius: 1px;\n    background: linear-gradient(90deg, transparent, #5D8AA8 55%);\n  }\n  .ps-div-main__line--r {\n    background: linear-gradient(90deg, #5D8AA8, transparent 55%);\n  }\n  .ps-div-main__ticket {\n    width: auto;\n    height: 28px;\n    max-width: 130px;\n    object-fit: contain;\n    opacity: .8;\n    display: block;\n    transition: opacity .35s ease, transform .45s cubic-bezier(.16,1,.3,1);\n  }\n  .ps-div-main__ticket:hover {\n    opacity: 1;\n    transform: translateY(-1px) rotate(-1.5deg);\n  }\n  @media (prefers-reduced-motion: reduce) {\n    .ps-div-main__ticket { transition: none; }\n  }\n<\/style>\n\n<h2 class=\"wp-block-heading has-text-align-left\"><em>Per gli integratori di sistema<\/em><\/h2>\n\n<h3 class=\"wp-block-heading\">Senior Expertise - prenotazione flessibile e scopo versatile.<\/h3>\n\n<p class=\"has-text-align-left\" id=\"systemintegrator01\"> <em> Due modi in cui offriamo<\/em>:<\/p>\n\n<div class=\"wp-block-group is-nowrap is-layout-flex wp-container-core-group-is-layout-6c531013 wp-block-group-is-layout-flex\"><\/div>\n\n<div class=\"wp-block-columns is-layout-flex wp-container-core-columns-is-layout-28f84493 wp-block-columns-is-layout-flex\">\n<div class=\"wp-block-column is-vertically-aligned-stretch has-cyan-bluish-gray-background-color has-background is-layout-flow wp-block-column-is-layout-flow\">\n<figure class=\"wp-block-image size-large is-style-default wp-duotone-unset-1\" style=\"margin-top:var(--wp--preset--spacing--20);margin-right:var(--wp--preset--spacing--20);margin-bottom:var(--wp--preset--spacing--20);margin-left:var(--wp--preset--spacing--20)\"><a href=\"https:\/\/profisaison.com\/homepage\/s-integrators\/\"><img loading=\"lazy\" decoding=\"async\" width=\"1024\" height=\"683\" src=\"https:\/\/profisaison.com\/wp-content\/uploads\/2026\/04\/olbs-1024x683.png\" alt=\"\" class=\"wp-image-2363\" style=\"aspect-ratio:16\/9;object-fit:cover\" srcset=\"https:\/\/profisaison.com\/wp-content\/uploads\/2026\/04\/olbs-1024x683.png 1024w, https:\/\/profisaison.com\/wp-content\/uploads\/2026\/04\/olbs-416x277.png 416w, https:\/\/profisaison.com\/wp-content\/uploads\/2026\/04\/olbs-300x200.png 300w, https:\/\/profisaison.com\/wp-content\/uploads\/2026\/04\/olbs-768x512.png 768w, https:\/\/profisaison.com\/wp-content\/uploads\/2026\/04\/olbs.png 1536w\" sizes=\"auto, (max-width: 1024px) 100vw, 1024px\" \/><\/a><\/figure>\n\n\n\n<h3 class=\"wp-block-heading has-text-align-center\"><strong>Capacit\u00e0 di partecipazione alle offerte<\/strong><\/h3>\n\n\n\n<p class=\"has-text-align-center\" style=\"margin-top:var(--wp--preset--spacing--40);margin-right:var(--wp--preset--spacing--40);margin-bottom:var(--wp--preset--spacing--40);margin-left:var(--wp--preset--spacing--40)\"><em>&#8220;Un esperto RE-FX nel nostro team d&#8217;offerta. <strong>facoltativamente<\/strong> elencato nella proposta, &amp; presente alle riunioni, lavorando sotto il nome della nostra azienda&#8221;.<\/em><br\/><\/p>\n\n\n\n<p class=\"has-text-align-center\" style=\"margin-top:var(--wp--preset--spacing--40);margin-right:var(--wp--preset--spacing--40);margin-bottom:var(--wp--preset--spacing--40);margin-left:var(--wp--preset--spacing--40)\">Quando la gara richiede esperienza RE-FX, il tuo team non ha il contratto.<\/p>\n\n\n\n<div class=\"wp-block-buttons is-content-justification-center is-layout-flex wp-container-core-buttons-is-layout-1fb448e7 wp-block-buttons-is-layout-flex\">\n<div class=\"wp-block-button has-custom-width wp-block-button__width-100 is-style-fill\"><a class=\"wp-block-button__link has-background wp-element-button\" href=\"https:\/\/profisaison.com\/it\/system-integrators-sap-re-fx-e-il-collo-di-bottiglia-nei-nostri-impegni\/\" style=\"background-color:#ceb888\">Ci mostri come funziona \u2192<\/a><\/div>\n<\/div>\n<\/div>\n\n\n\n<div class=\"wp-block-column is-vertically-aligned-stretch has-cyan-bluish-gray-background-color has-background is-layout-flow wp-block-column-is-layout-flow\">\n<figure class=\"wp-block-image size-large is-style-default wp-duotone-unset-2\" style=\"margin-top:var(--wp--preset--spacing--20);margin-right:var(--wp--preset--spacing--20);margin-bottom:var(--wp--preset--spacing--20);margin-left:var(--wp--preset--spacing--20)\"><a href=\"https:\/\/profisaison.com\/homepage\/s-integrators\/\"><img loading=\"lazy\" decoding=\"async\" width=\"1024\" height=\"683\" src=\"https:\/\/profisaison.com\/wp-content\/uploads\/2026\/04\/olct-1024x683.png\" alt=\"\" class=\"wp-image-2362\" style=\"aspect-ratio:16\/9;object-fit:cover\" srcset=\"https:\/\/profisaison.com\/wp-content\/uploads\/2026\/04\/olct-1024x683.png 1024w, https:\/\/profisaison.com\/wp-content\/uploads\/2026\/04\/olct-416x277.png 416w, https:\/\/profisaison.com\/wp-content\/uploads\/2026\/04\/olct-300x200.png 300w, https:\/\/profisaison.com\/wp-content\/uploads\/2026\/04\/olct-768x512.png 768w, https:\/\/profisaison.com\/wp-content\/uploads\/2026\/04\/olct.png 1536w\" sizes=\"auto, (max-width: 1024px) 100vw, 1024px\" \/><\/a><\/figure>\n\n\n\n<h3 class=\"wp-block-heading has-text-align-center\"><strong>Capacit\u00e0 per i progetti<\/strong><\/h3>\n\n\n\n<p class=\"has-text-align-center\" style=\"margin-top:var(--wp--preset--spacing--40);margin-right:var(--wp--preset--spacing--40);margin-bottom:var(--wp--preset--spacing--40);margin-left:var(--wp--preset--spacing--40)\"><em>&#8220;Il nostro specialista RE-FX lavora nell&#8217;ambito del nostro scopo e del nostro contratto. Noi forniamo il percorso e lui non interferisce con il cliente senza il nostro consenso&#8221;. <\/em><\/p>\n\n\n\n<p class=\"has-text-align-center\" style=\"margin-top:var(--wp--preset--spacing--40);margin-right:var(--wp--preset--spacing--40);margin-bottom:var(--wp--preset--spacing--40);margin-left:var(--wp--preset--spacing--40)\">Quando RE-FX \u00e8 il collo di bottiglia in una consegna \u2014 e il contratto resta tuo.<\/p>\n\n\n\n<div class=\"wp-block-buttons is-content-justification-center is-layout-flex wp-container-core-buttons-is-layout-1fb448e7 wp-block-buttons-is-layout-flex\">\n<div class=\"wp-block-button has-custom-width wp-block-button__width-100 is-style-fill\"><a class=\"wp-block-button__link has-background wp-element-button\" href=\"https:\/\/profisaison.com\/it\/system-integrators-sap-re-fx-e-il-collo-di-bottiglia-nei-nostri-impegni\/\" style=\"background-color:#ceb888\">Ci mostri come funziona \u2192<\/a><\/div>\n<\/div>\n<\/div>\n<\/div>\n\n<div class=\"ps-div-sub\" role=\"separator\" aria-hidden=\"true\"><span class=\"ps-div-sub__line\"><\/span><img src=\"https:\/\/www.pics1.profisaison.com\/assets2\/logos2\/ps03.png\" alt=\"\" class=\"ps-div-sub__icon\" loading=\"lazy\" decoding=\"async\" width=\"22\" height=\"22\"\/><span class=\"ps-div-sub__line ps-div-sub__line--r\"><\/span><\/div><style>.ps-div-sub {\n    display: flex;\n    align-items: center;\n    gap: .9rem;\n    width: 100%;\n    max-width: 520px;\n    margin: 2.25rem auto;\n    padding: 0 1rem;\n    box-sizing: border-box;\n  }\n  .ps-div-sub__line {\n    flex: 1;\n    display: block;\n    height: 1px;\n    opacity: .4;\n    background: linear-gradient(90deg, transparent, #5D8AA8 55%);\n  }\n  .ps-div-sub__line--r {\n    background: linear-gradient(90deg, #5D8AA8, transparent 55%);\n  }\n  .ps-div-sub__icon {\n    width: auto;\n    height: 20px;\n    max-width: 22px;\n    object-fit: contain;\n    opacity: .65;\n    display: block;\n    transition: opacity .35s ease, transform .45s cubic-bezier(.16,1,.3,1);\n  }\n  .ps-div-sub__icon:hover {\n    opacity: 1;\n    transform: rotate(12deg) scale(1.1);\n  }\n  @media (prefers-reduced-motion: reduce) {\n    .ps-div-sub__icon { transition: none; }\n  }\n<\/style>\n\n<div style=\"height:100px\" aria-hidden=\"true\" class=\"wp-block-spacer\"><\/div>\n\n<div style=\"height:100px\" aria-hidden=\"true\" class=\"wp-block-spacer\"><\/div>\n","protected":false},"excerpt":{"rendered":"<p>Per organizzazioni che gestiscono portafogli seri (immobiliari) su SAP RE-FX. E per gli integratori di sistema - per sostenerla, aiutarla a governare di nuovo. Quale di queste descrive meglio la vostra organizzazione? Societ\u00e0 Immobiliare L&#8217;immobile \u00e8 il nostro core business \u2014 residenziale, commerciale, industriale o portafogli misti.SAP RE-FX gestisce le nostre operazioni: leasing, costi di [&hellip;]<\/p>\n","protected":false},"author":1,"featured_media":0,"parent":0,"menu_order":0,"comment_status":"closed","ping_status":"closed","template":"","meta":{"_acf_changed":false,"footnotes":""},"class_list":["post-4541","page","type-page","status-publish","hentry"],"acf":[],"_hostinger_reach_plugin_has_subscription_block":false,"_hostinger_reach_plugin_is_elementor":false,"_links":{"self":[{"href":"https:\/\/profisaison.com\/it\/wp-json\/wp\/v2\/pages\/4541","targetHints":{"allow":["GET"]}}],"collection":[{"href":"https:\/\/profisaison.com\/it\/wp-json\/wp\/v2\/pages"}],"about":[{"href":"https:\/\/profisaison.com\/it\/wp-json\/wp\/v2\/types\/page"}],"author":[{"embeddable":true,"href":"https:\/\/profisaison.com\/it\/wp-json\/wp\/v2\/users\/1"}],"replies":[{"embeddable":true,"href":"https:\/\/profisaison.com\/it\/wp-json\/wp\/v2\/comments?post=4541"}],"version-history":[{"count":13,"href":"https:\/\/profisaison.com\/it\/wp-json\/wp\/v2\/pages\/4541\/revisions"}],"predecessor-version":[{"id":5620,"href":"https:\/\/profisaison.com\/it\/wp-json\/wp\/v2\/pages\/4541\/revisions\/5620"}],"wp:attachment":[{"href":"https:\/\/profisaison.com\/it\/wp-json\/wp\/v2\/media?parent=4541"}],"curies":[{"name":"wp","href":"https:\/\/api.w.org\/{rel}","templated":true}]}}