{"id":3627,"date":"2026-04-19T15:06:24","date_gmt":"2026-04-19T15:06:24","guid":{"rendered":"https:\/\/profisaison.com\/profisaison-elevating-your-sap-re-fx-effectiveness\/i-nostri-dati-contrattuali-si-allontanano-sempre-di-piu-e-nessuno-e-li-a-riprendersi-la-correzione\/"},"modified":"2026-05-11T16:12:55","modified_gmt":"2026-05-11T16:12:55","slug":"i-nostri-dati-contrattuali-si-allontanano-sempre-di-piu-e-nessuno-e-li-a-riprendersi-la-correzione","status":"publish","type":"page","link":"https:\/\/profisaison.com\/it\/profisaison-ti-aiutiamo-a-gestire-nuovamente-il-tuo-sap-real-esatet\/i-nostri-dati-contrattuali-si-allontanano-sempre-di-piu-e-nessuno-e-li-a-riprendersi-la-correzione\/","title":{"rendered":"I nostri dati contrattuali si allontanano sempre di pi\u00f9 e non c&#8217;\u00e8 nessuno che si occupi della correzione."},"content":{"rendered":"\n<div class=\"wp-block-group\"><div class=\"wp-block-group__inner-container is-layout-constrained wp-block-group-is-layout-constrained\">\n<div class=\"wp-block-group is-nowrap is-layout-flex wp-container-core-group-is-layout-6c531013 wp-block-group-is-layout-flex\">\n<blockquote class=\"wp-block-quote is-layout-flow wp-block-quote-is-layout-flow\">\n<figure class=\"wp-block-image size-thumbnail is-style-default\"><img loading=\"lazy\" decoding=\"async\" width=\"150\" height=\"150\" src=\"https:\/\/profisaison.com\/wp-content\/uploads\/2026\/04\/CB669050-C403-4058-A4B5-5FB5BECCDB3F-3-150x150.png\" alt=\"\" class=\"wp-image-2015\" style=\"aspect-ratio:1;object-fit:cover\" srcset=\"https:\/\/profisaison.com\/wp-content\/uploads\/2026\/04\/CB669050-C403-4058-A4B5-5FB5BECCDB3F-3-150x150.png 150w, https:\/\/profisaison.com\/wp-content\/uploads\/2026\/04\/CB669050-C403-4058-A4B5-5FB5BECCDB3F-3-324x324.png 324w, https:\/\/profisaison.com\/wp-content\/uploads\/2026\/04\/CB669050-C403-4058-A4B5-5FB5BECCDB3F-3-100x100.png 100w\" sizes=\"auto, (max-width: 150px) 100vw, 150px\" \/><\/figure>\n<\/blockquote>\n\n\n\n<h2 class=\"wp-block-heading\">Per le societ\u00e0 immobiliari \u2014 associazioni immobiliari, operatori commerciali, cooperative<\/h2>\n<\/div>\n<\/div><\/div>\n\n<div class=\"ps-spacer\" aria-hidden=\"true\"><\/div><style>.ps-spacer { height: 4rem; }\n<\/style>\n\n<h4 class=\"wp-block-heading has-text-align-left\"><em>Ti suona qualcosa di familiare?<\/em><\/h4>\n\n<div class=\"ps-div-sub\" role=\"separator\" aria-hidden=\"true\"><span class=\"ps-div-sub__line\"><\/span><img src=\"https:\/\/www.pics1.profisaison.com\/assets2\/logos2\/ps03.png\" alt=\"\" class=\"ps-div-sub__icon\" loading=\"lazy\" decoding=\"async\" width=\"22\" height=\"22\"\/><span class=\"ps-div-sub__line ps-div-sub__line--r\"><\/span><\/div><style>.ps-div-sub {\n    display: flex;\n    align-items: center;\n    gap: .9rem;\n    width: 100%;\n    max-width: 520px;\n    margin: 2.25rem auto;\n    padding: 0 1rem;\n    box-sizing: border-box;\n  }\n  .ps-div-sub__line {\n    flex: 1;\n    display: block;\n    height: 1px;\n    opacity: .4;\n    background: linear-gradient(90deg, transparent, #5D8AA8 55%);\n  }\n  .ps-div-sub__line--r {\n    background: linear-gradient(90deg, #5D8AA8, transparent 55%);\n  }\n  .ps-div-sub__icon {\n    width: auto;\n    height: 20px;\n    max-width: 22px;\n    object-fit: contain;\n    opacity: .65;\n    display: block;\n    transition: opacity .35s ease, transform .45s cubic-bezier(.16,1,.3,1);\n  }\n  .ps-div-sub__icon:hover {\n    opacity: 1;\n    transform: rotate(12deg) scale(1.1);\n  }\n  @media (prefers-reduced-motion: reduce) {\n    .ps-div-sub__icon { transition: none; }\n  }\n<\/style>\n\n<h3 class=\"wp-block-heading\" style=\"margin-top:var(--wp--preset--spacing--40);margin-bottom:var(--wp--preset--spacing--40)\">1. La nostra chiusura delle Spese di liquidazione va fuori linea, troppo spesso.<\/h3>\n\n<details class=\"wp-block-details has-medium-font-size is-layout-flow wp-container-core-details-is-layout-5dafc681 wp-block-details-is-layout-flow\" style=\"border-style:none;border-width:0px\"><summary>&#8220;<strong>La nostra serie di regolamento dei costi di servizio genera errori che non possiamo pi\u00f9 spiegare.&#8221;<\/strong><\/summary>\n<p>I messaggi di liquidazione vengono rintracciati per giorni. A volte \u00e8 il raccoglitore dei costi, a volte l&#8217;unit\u00e0 di liquidazione, a volte i documenti non vengono consegnati dai sistemi - e la scadenza si avvicina. <\/p>\n\n\n\n<div class=\"wp-block-buttons is-content-justification-center is-layout-flex wp-container-core-buttons-is-layout-1fb448e7 wp-block-buttons-is-layout-flex\">\n<div class=\"wp-block-button has-custom-width wp-block-button__width-50 is-style-outline is-style-outline--1\"><a class=\"wp-block-button__link has-vivid-cyan-blue-color has-white-background-color has-text-color has-background has-link-color wp-element-button\" href=\"https:\/\/profisaison.com\/it\/profisaison-ti-aiutiamo-a-gestire-nuovamente-il-tuo-sap-real-esatet\/i-nostri-dati-contrattuali-si-allontanano-sempre-di-piu-e-nessuno-e-li-a-riprendersi-la-correzione\/errori-che-non-possiamo-piu-spiegare-controllo-della-salute-del-sistema\/\">cosa significa di solito\u2192  <\/a><\/div>\n<\/div>\n\n\n\n<p class=\"has-text-align-center has-normal-font-size\"><em><em>(questa sezione \u00e8 disponibile per qualsiasi utente)<\/em><\/em><\/p>\n<\/details>\n\n<div class=\"ps-div-sub\" role=\"separator\" aria-hidden=\"true\"><span class=\"ps-div-sub__line\"><\/span><img src=\"https:\/\/www.pics1.profisaison.com\/assets2\/logos2\/ps03.png\" alt=\"\" class=\"ps-div-sub__icon\" loading=\"lazy\" decoding=\"async\" width=\"22\" height=\"22\"\/><span class=\"ps-div-sub__line ps-div-sub__line--r\"><\/span><\/div><style>.ps-div-sub {\n    display: flex;\n    align-items: center;\n    gap: .9rem;\n    width: 100%;\n    max-width: 520px;\n    margin: 2.25rem auto;\n    padding: 0 1rem;\n    box-sizing: border-box;\n  }\n  .ps-div-sub__line {\n    flex: 1;\n    display: block;\n    height: 1px;\n    opacity: .4;\n    background: linear-gradient(90deg, transparent, #5D8AA8 55%);\n  }\n  .ps-div-sub__line--r {\n    background: linear-gradient(90deg, #5D8AA8, transparent 55%);\n  }\n  .ps-div-sub__icon {\n    width: auto;\n    height: 20px;\n    max-width: 22px;\n    object-fit: contain;\n    opacity: .65;\n    display: block;\n    transition: opacity .35s ease, transform .45s cubic-bezier(.16,1,.3,1);\n  }\n  .ps-div-sub__icon:hover {\n    opacity: 1;\n    transform: rotate(12deg) scale(1.1);\n  }\n  @media (prefers-reduced-motion: reduce) {\n    .ps-div-sub__icon { transition: none; }\n  }\n<\/style>\n\n<h3 class=\"wp-block-heading\" style=\"margin-top:var(--wp--preset--spacing--40);margin-bottom:var(--wp--preset--spacing--40)\">2. Siamo bloccati. Adesso! <\/h3>\n\n<details class=\"wp-block-details has-medium-font-size is-layout-flow wp-container-core-details-is-layout-5dafc681 wp-block-details-is-layout-flow\"><summary><strong><em>&#8220;Un progetto, una migrazione ha smesso di muoversi \u2014 e ogni settimana di attesa rende il passo successivo pi\u00f9 costoso.&#8221;<\/em><\/strong><\/summary>\n<p>La consolidazione dei partner commerciali ha smesso di muoversi \u2014 e ogni settimana di attesa rende il progetto GDPR che segue pi\u00f9 costoso. Non \u00e8 che non sappiamo cosa fare. \u00c8 che ogni percorso da seguire richiede una decisione che nessuno vuole prendere. Le escalation tornano con un &#8220;parliamo del prossimo trimestre.&#8221; Nel frattempo, le corse di insediamento continuano a fallire sugli stessi documenti.    <\/p>\n\n\n\n<div class=\"wp-block-buttons is-content-justification-center is-layout-flex wp-container-core-buttons-is-layout-1fb448e7 wp-block-buttons-is-layout-flex\">\n<div class=\"wp-block-button has-custom-width wp-block-button__width-50 is-style-outline is-style-outline--2\"><a class=\"wp-block-button__link has-luminous-vivid-orange-color has-white-background-color has-text-color has-background has-link-color wp-element-button\" href=\"https:\/\/profisaison.com\/it\/operatori-sap-re-fx-questa-pagina-e-per-noi\/jour-fixe-la-governance-del-progetto-non-richiede-una-presenza-permanente\/\">Come guadagnare di nuovo velocit\u00e0 nel suo progetto\u2192<\/a><\/div>\n<\/div>\n\n\n\n<p class=\"has-text-align-center\"><em>(per gli utenti registrati. Se non \u00e8 ancora registrato,<\/em><br\/><em>pu\u00f2 <a href=\"https:\/\/profisaison.com\/my-account\/\" data-type=\"link\" data-id=\"https:\/\/profisaison.com\/my-account\/\">registrarsi come operatore<\/a>).<\/em><\/p>\n<\/details>\n\n<div class=\"ps-div-sub\" role=\"separator\" aria-hidden=\"true\"><span class=\"ps-div-sub__line\"><\/span><img src=\"https:\/\/www.pics1.profisaison.com\/assets2\/logos2\/ps03.png\" alt=\"\" class=\"ps-div-sub__icon\" loading=\"lazy\" decoding=\"async\" width=\"22\" height=\"22\"\/><span class=\"ps-div-sub__line ps-div-sub__line--r\"><\/span><\/div><style>.ps-div-sub {\n    display: flex;\n    align-items: center;\n    gap: .9rem;\n    width: 100%;\n    max-width: 520px;\n    margin: 2.25rem auto;\n    padding: 0 1rem;\n    box-sizing: border-box;\n  }\n  .ps-div-sub__line {\n    flex: 1;\n    display: block;\n    height: 1px;\n    opacity: .4;\n    background: linear-gradient(90deg, transparent, #5D8AA8 55%);\n  }\n  .ps-div-sub__line--r {\n    background: linear-gradient(90deg, #5D8AA8, transparent 55%);\n  }\n  .ps-div-sub__icon {\n    width: auto;\n    height: 20px;\n    max-width: 22px;\n    object-fit: contain;\n    opacity: .65;\n    display: block;\n    transition: opacity .35s ease, transform .45s cubic-bezier(.16,1,.3,1);\n  }\n  .ps-div-sub__icon:hover {\n    opacity: 1;\n    transform: rotate(12deg) scale(1.1);\n  }\n  @media (prefers-reduced-motion: reduce) {\n    .ps-div-sub__icon { transition: none; }\n  }\n<\/style>\n\n<h3 class=\"wp-block-heading\" style=\"margin-top:var(--wp--preset--spacing--40);margin-bottom:var(--wp--preset--spacing--40)\">3. C&#8217;\u00e8 un drenaggio limitato di competenze in SAP RE-FX nella nostra azienda. D&#8217;altra parte, stiamo formando i Junior esterni con essa. <\/h3>\n\n<details class=\"wp-block-details has-medium-font-size is-layout-flow wp-container-core-details-is-layout-5dafc681 wp-block-details-is-layout-flow\"><summary><strong><em>&#8220;Ogni mese inizia qualcuno di nuovo. Tre mesi dopo sono di nuovo spariti. E ora anche uno sviluppatore RE-FX se ne va&#8230;&#8221;<\/em><\/strong><\/summary>\n<p>I nostri tre utenti chiave pi\u00f9 forti se ne sono andati nell&#8217;ultimo anno. Dodici persone ora fanno il lavoro che otto facevano una volta. Quelli che restano passano il loro tempo a integrare il lotto successivo invece di gestire il sistema. I consulenti RE-FX che chiamiamo per le lacune non restano abbastanza a lungo da colmarle. Le richieste di modifica si accumulano. Il sistema continua a funzionare, ma la memoria di lavoro si sta assottigliando, mese dopo mese.     <\/p>\n\n\n\n<div class=\"wp-block-buttons is-content-justification-center is-layout-flex wp-container-core-buttons-is-layout-1fb448e7 wp-block-buttons-is-layout-flex\">\n<div class=\"wp-block-button has-custom-width wp-block-button__width-50 is-style-outline is-style-outline--3\"><a class=\"wp-block-button__link has-white-background-color has-text-color has-background has-link-color wp-element-button\" href=\"https:\/\/profisaison.com\/it\/operatori-sap-re-fx-questa-pagina-e-per-noi\/knowldege-transfer-limpegno-piu-completo-che-facciamo\/\" style=\"color:#ceb888\">Come si presenta un passaggio di consegne o una conservazione della conoscenza efficace del sistema \u2192<\/a><\/div>\n<\/div>\n\n\n\n<p class=\"has-text-align-center has-medium-font-size\"><em>(per gli utenti registrati. Se non \u00e8 ancora registrato,<\/em><br\/><em>pu\u00f2 <a href=\"https:\/\/profisaison.com\/my-account\/\" data-type=\"link\" data-id=\"https:\/\/profisaison.com\/my-account\/\">registrarsi come operatore<\/a>).<\/em><\/p>\n<\/details>\n\n<div class=\"ps-div-main\" role=\"separator\" aria-hidden=\"true\"><span class=\"ps-div-main__line\"><\/span><img src=\"https:\/\/www.pics1.profisaison.com\/assets2\/logos2\/ps01.png\" alt=\"\" class=\"ps-div-main__ticket\" loading=\"lazy\" decoding=\"async\" width=\"130\" height=\"28\"\/><span class=\"ps-div-main__line ps-div-main__line--r\"><\/span><\/div><style>.ps-div-main {\n    display: flex;\n    align-items: center;\n    gap: 1.25rem;\n    width: 100%;\n    max-width: 720px;\n    margin: 3.5rem auto;\n    padding: 0 1rem;\n    box-sizing: border-box;\n  }\n  .ps-div-main__line {\n    flex: 1;\n    display: block;\n    height: 2px;\n    opacity: .55;\n    border-radius: 1px;\n    background: linear-gradient(90deg, transparent, #5D8AA8 55%);\n  }\n  .ps-div-main__line--r {\n    background: linear-gradient(90deg, #5D8AA8, transparent 55%);\n  }\n  .ps-div-main__ticket {\n    width: auto;\n    height: 28px;\n    max-width: 130px;\n    object-fit: contain;\n    opacity: .8;\n    display: block;\n    transition: opacity .35s ease, transform .45s cubic-bezier(.16,1,.3,1);\n  }\n  .ps-div-main__ticket:hover {\n    opacity: 1;\n    transform: translateY(-1px) rotate(-1.5deg);\n  }\n  @media (prefers-reduced-motion: reduce) {\n    .ps-div-main__ticket { transition: none; }\n  }\n<\/style>\n\n<div style=\"height:100px\" aria-hidden=\"true\" class=\"wp-block-spacer\"><\/div>\n\n<div style=\"height:100px\" aria-hidden=\"true\" class=\"wp-block-spacer\"><\/div>\n","protected":false},"excerpt":{"rendered":"<p>Per le societ\u00e0 immobiliari \u2014 associazioni immobiliari, operatori commerciali, cooperative Ti suona qualcosa di familiare? 1. La nostra chiusura delle Spese di liquidazione va fuori linea, troppo spesso. 2. Siamo bloccati. Adesso! 3. C&#8217;\u00e8 un drenaggio limitato di competenze in SAP RE-FX nella nostra azienda. D&#8217;altra parte, stiamo formando i Junior esterni con essa.<\/p>\n","protected":false},"author":1,"featured_media":0,"parent":4541,"menu_order":0,"comment_status":"closed","ping_status":"closed","template":"","meta":{"_acf_changed":false,"footnotes":""},"class_list":["post-3627","page","type-page","status-publish","hentry"],"acf":[],"_hostinger_reach_plugin_has_subscription_block":false,"_hostinger_reach_plugin_is_elementor":false,"_links":{"self":[{"href":"https:\/\/profisaison.com\/it\/wp-json\/wp\/v2\/pages\/3627","targetHints":{"allow":["GET"]}}],"collection":[{"href":"https:\/\/profisaison.com\/it\/wp-json\/wp\/v2\/pages"}],"about":[{"href":"https:\/\/profisaison.com\/it\/wp-json\/wp\/v2\/types\/page"}],"author":[{"embeddable":true,"href":"https:\/\/profisaison.com\/it\/wp-json\/wp\/v2\/users\/1"}],"replies":[{"embeddable":true,"href":"https:\/\/profisaison.com\/it\/wp-json\/wp\/v2\/comments?post=3627"}],"version-history":[{"count":2,"href":"https:\/\/profisaison.com\/it\/wp-json\/wp\/v2\/pages\/3627\/revisions"}],"predecessor-version":[{"id":5271,"href":"https:\/\/profisaison.com\/it\/wp-json\/wp\/v2\/pages\/3627\/revisions\/5271"}],"up":[{"embeddable":true,"href":"https:\/\/profisaison.com\/it\/wp-json\/wp\/v2\/pages\/4541"}],"wp:attachment":[{"href":"https:\/\/profisaison.com\/it\/wp-json\/wp\/v2\/media?parent=3627"}],"curies":[{"name":"wp","href":"https:\/\/api.w.org\/{rel}","templated":true}]}}