{"id":3626,"date":"2026-04-19T14:53:54","date_gmt":"2026-04-19T14:53:54","guid":{"rendered":"https:\/\/profisaison.com\/profisaison-elevating-your-sap-re-fx-effectiveness\/le-nostre-operazioni-sap-re-fx-lum-funzionano-ma-probabilmente-non-nel-modo-in-cui-dovrebbero\/"},"modified":"2026-05-11T22:36:36","modified_gmt":"2026-05-11T22:36:36","slug":"le-nostre-operazioni-sap-re-fx-lum-funzionano-ma-probabilmente-non-nel-modo-in-cui-dovrebbero","status":"publish","type":"page","link":"https:\/\/profisaison.com\/it\/profisaison-ti-aiutiamo-a-gestire-nuovamente-il-tuo-sap-real-esatet\/le-nostre-operazioni-sap-re-fx-lum-funzionano-ma-probabilmente-non-nel-modo-in-cui-dovrebbero\/","title":{"rendered":"Le nostre operazioni SAP\u00ae RE-FX &amp; LUM funzionano - ma probabilmente non nel modo ideale."},"content":{"rendered":"\n<blockquote class=\"wp-block-quote is-layout-flow wp-block-quote-is-layout-flow\">\n<div class=\"wp-block-group\"><div class=\"wp-block-group__inner-container is-layout-constrained wp-block-group-is-layout-constrained\">\n<div class=\"wp-block-group is-nowrap is-layout-flex wp-container-core-group-is-layout-6c531013 wp-block-group-is-layout-flex\">\n<figure class=\"wp-block-image size-thumbnail is-resized is-style-default\"><img loading=\"lazy\" decoding=\"async\" width=\"150\" height=\"150\" src=\"https:\/\/profisaison.com\/wp-content\/uploads\/2026\/04\/386CA129-CBF9-4342-9645-75B9EAD8A8BF-2-150x150.png\" alt=\"\" class=\"wp-image-1993\" style=\"aspect-ratio:1;object-fit:cover;width:211px;height:auto\" srcset=\"https:\/\/profisaison.com\/wp-content\/uploads\/2026\/04\/386CA129-CBF9-4342-9645-75B9EAD8A8BF-2-150x150.png 150w, https:\/\/profisaison.com\/wp-content\/uploads\/2026\/04\/386CA129-CBF9-4342-9645-75B9EAD8A8BF-2-324x324.png 324w, https:\/\/profisaison.com\/wp-content\/uploads\/2026\/04\/386CA129-CBF9-4342-9645-75B9EAD8A8BF-2-100x100.png 100w\" sizes=\"auto, (max-width: 150px) 100vw, 150px\" \/><\/figure>\n\n\n\n<h2 class=\"wp-block-heading\">Per <em>le organizzazioni immobiliari e infrastrutturali del settore pubblico<\/em><\/h2>\n<\/div>\n<\/div><\/div>\n<\/blockquote>\n\n<div class=\"ps-spacer\" aria-hidden=\"true\"><\/div><style>.ps-spacer { height: 4rem; }\n<\/style>\n\n<h3 class=\"wp-block-heading has-text-align-left\"><em>Ti suona qualcosa di familiare?<\/em><\/h3>\n\n<div class=\"ps-div-sub\" role=\"separator\" aria-hidden=\"true\"><span class=\"ps-div-sub__line\"><\/span><img src=\"https:\/\/www.pics1.profisaison.com\/assets2\/logos2\/ps03.png\" alt=\"\" class=\"ps-div-sub__icon\" loading=\"lazy\" decoding=\"async\" width=\"22\" height=\"22\"\/><span class=\"ps-div-sub__line ps-div-sub__line--r\"><\/span><\/div><style>.ps-div-sub {\n    display: flex;\n    align-items: center;\n    gap: .9rem;\n    width: 100%;\n    max-width: 520px;\n    margin: 2.25rem auto;\n    padding: 0 1rem;\n    box-sizing: border-box;\n  }\n  .ps-div-sub__line {\n    flex: 1;\n    display: block;\n    height: 1px;\n    opacity: .4;\n    background: linear-gradient(90deg, transparent, #5D8AA8 55%);\n  }\n  .ps-div-sub__line--r {\n    background: linear-gradient(90deg, #5D8AA8, transparent 55%);\n  }\n  .ps-div-sub__icon {\n    width: auto;\n    height: 20px;\n    max-width: 22px;\n    object-fit: contain;\n    opacity: .65;\n    display: block;\n    transition: opacity .35s ease, transform .45s cubic-bezier(.16,1,.3,1);\n  }\n  .ps-div-sub__icon:hover {\n    opacity: 1;\n    transform: rotate(12deg) scale(1.1);\n  }\n  @media (prefers-reduced-motion: reduce) {\n    .ps-div-sub__icon { transition: none; }\n  }\n<\/style>\n\n<h3 class=\"wp-block-heading has-text-align-left\" style=\"margin-top:var(--wp--preset--spacing--40);margin-bottom:var(--wp--preset--spacing--40)\">1. Le richieste di modifica si accumulano molto per un mese.<\/h3>\n\n<details class=\"wp-block-details has-medium-font-size is-layout-flow wp-container-core-details-is-layout-5dafc681 wp-block-details-is-layout-flow\"><summary><em>Centinaia di piccoli errori ogni fine mese \u2014 e nessuno ha il quadro completo del sistema.<\/em><\/summary>\n<p class=\"has-medium-font-size\">Il sistema \u00e8 cresciuto al di l\u00e0 di ci\u00f2 che una singola persona pu\u00f2 ancora tenere sotto controllo. Le interfacce PSCD si rompono in ogni punto di contatto con RE-FX (lo stesso vale per l&#8217;UI di SAP nell&#8217;infrastruttura), un nuovo progetto CAFM viene aggiunto senza che nessuno sappia bene quale sia il suo contributo, e un GIS da cui dipende met\u00e0 dei processi non riceve pi\u00f9 gli aggiornamenti del fornitore. Ogni fine mese, le conseguenze si manifestano sotto forma di centinaia di piccoli errori: alcuni nel PSCD, altri nei post ordinari e, nei casi in cui si applica l&#8217;IFRS 16 (tipicamente operatori di infrastrutture, servizi postali, grandi aziende di servizi pubblici), alcuni anche l\u00ec. Ognuno di essi \u00e8 rintracciabile, se si ha tempo. La maggior parte \u00e8 nota a qualcuno, da qualche parte nell&#8217;organizzazione. Ci\u00f2 che non esiste pi\u00f9 \u00e8 una visione d&#8217;insieme: una persona o un documento che permetta di vedere l&#8217;intero sistema in una volta sola. La finanza \u00e8 in attesa, e l&#8217;indagine parte ogni volta da zero.      <\/p>\n\n\n\n<div class=\"wp-block-buttons is-content-justification-center is-layout-flex wp-container-core-buttons-is-layout-a89b3969 wp-block-buttons-is-layout-flex\">\n<div class=\"wp-block-button has-custom-width wp-block-button__width-50 is-style-outline is-style-outline--1\"><a class=\"wp-block-button__link has-vivid-cyan-blue-color has-white-background-color has-text-color has-background has-link-color wp-element-button\" href=\"https:\/\/profisaison.com\/it\/profisaison-ti-aiutiamo-a-gestire-nuovamente-il-tuo-sap-real-esatet\/le-nostre-operazioni-sap-re-fx-lum-funzionano-ma-probabilmente-non-nel-modo-in-cui-dovrebbero\/le-richieste-di-modifica-si-accumulano-molto-controllo-della-salute-del-sistema-per-pre-e-infrastruttura\/\">Di solito significa \u2192<\/a><\/div>\n<\/div>\n\n\n\n<p class=\"has-text-align-center has-normal-font-size\"><em>(questa sezione \u00e8 disponibile per qualsiasi utente)<\/em><\/p>\n<\/details>\n\n<div class=\"ps-div-sub\" role=\"separator\" aria-hidden=\"true\"><span class=\"ps-div-sub__line\"><\/span><img src=\"https:\/\/www.pics1.profisaison.com\/assets2\/logos2\/ps03.png\" alt=\"\" class=\"ps-div-sub__icon\" loading=\"lazy\" decoding=\"async\" width=\"22\" height=\"22\"\/><span class=\"ps-div-sub__line ps-div-sub__line--r\"><\/span><\/div><style>.ps-div-sub {\n    display: flex;\n    align-items: center;\n    gap: .9rem;\n    width: 100%;\n    max-width: 520px;\n    margin: 2.25rem auto;\n    padding: 0 1rem;\n    box-sizing: border-box;\n  }\n  .ps-div-sub__line {\n    flex: 1;\n    display: block;\n    height: 1px;\n    opacity: .4;\n    background: linear-gradient(90deg, transparent, #5D8AA8 55%);\n  }\n  .ps-div-sub__line--r {\n    background: linear-gradient(90deg, #5D8AA8, transparent 55%);\n  }\n  .ps-div-sub__icon {\n    width: auto;\n    height: 20px;\n    max-width: 22px;\n    object-fit: contain;\n    opacity: .65;\n    display: block;\n    transition: opacity .35s ease, transform .45s cubic-bezier(.16,1,.3,1);\n  }\n  .ps-div-sub__icon:hover {\n    opacity: 1;\n    transform: rotate(12deg) scale(1.1);\n  }\n  @media (prefers-reduced-motion: reduce) {\n    .ps-div-sub__icon { transition: none; }\n  }\n<\/style>\n\n<h3 class=\"wp-block-heading\">2. Stiamo perdendo presto il know-how.<\/h3>\n\n<details class=\"wp-block-details has-medium-font-size is-layout-flow wp-container-core-details-is-layout-119bc444 wp-block-details-is-layout-flow\"><summary><em>Il nostro consulente interno RE-FX \/ LUM se ne andr\u00e0 presto. Il nuovo consulente trover\u00e0 una soluzione, come sempre. <\/em> <\/summary>\n<p>Il nostro consulente interno RE-FX \/ LUM se ne andr\u00e0 tra sei mesi, ma abbiamo gi\u00e0 pronto un buon successore. Tre sessioni di passaggio di consegne, qualche settimana di affiancamento e saranno al passo con i tempi. Le modifiche vengono comunque documentate nelle richieste di modifica. Ci\u00f2 che queste richieste di modifica non contengono - il ragionamento alla base di uno specifico tipo di condizione, la regola di distacco modificata per un codice aziendale tre anni fa, la variante di regolamento messa a punto per un cluster di contratti, il modo in cui RE-FX parla con FI-AA, PM, IS-U, il CAFM esterno, il GIS e ora il nuovo DMS - risiede nella testa di una persona. Ci diciamo che il successore lo risolver\u00e0. Se vogliamo essere sinceri, ce lo siamo gi\u00e0 detto in passato.      \ud83d\ude41<\/p>\n\n\n\n<div class=\"wp-block-buttons is-content-justification-center is-layout-flex wp-container-core-buttons-is-layout-1fb448e7 wp-block-buttons-is-layout-flex\">\n<div class=\"wp-block-button has-custom-width wp-block-button__width-50 is-style-outline is-style-outline--2\"><a class=\"wp-block-button__link has-white-background-color has-text-color has-background has-link-color wp-element-button\" href=\"https:\/\/profisaison.com\/it\/operatori-sap-re-fx-questa-pagina-e-per-noi\/knowldege-transfer-limpegno-piu-completo-che-facciamo\/\" style=\"color:#ceb888\">Come si presenta un passaggio di consegne o una conservazione della conoscenza efficace del sistema \u2192<\/a><\/div>\n<\/div>\n\n\n\n<p class=\"has-text-align-center has-medium-font-size\"><em>(per gli utenti registrati. Se non \u00e8 ancora registrato,<\/em><br\/><em>pu\u00f2 <a href=\"https:\/\/profisaison.com\/my-account\/\" data-type=\"link\" data-id=\"https:\/\/profisaison.com\/my-account\/\">registrarsi come operatore<\/a>).<\/em><\/p>\n<\/details>\n\n<div class=\"ps-div-sub\" role=\"separator\" aria-hidden=\"true\"><span class=\"ps-div-sub__line\"><\/span><img src=\"https:\/\/www.pics1.profisaison.com\/assets2\/logos2\/ps03.png\" alt=\"\" class=\"ps-div-sub__icon\" loading=\"lazy\" decoding=\"async\" width=\"22\" height=\"22\"\/><span class=\"ps-div-sub__line ps-div-sub__line--r\"><\/span><\/div><style>.ps-div-sub {\n    display: flex;\n    align-items: center;\n    gap: .9rem;\n    width: 100%;\n    max-width: 520px;\n    margin: 2.25rem auto;\n    padding: 0 1rem;\n    box-sizing: border-box;\n  }\n  .ps-div-sub__line {\n    flex: 1;\n    display: block;\n    height: 1px;\n    opacity: .4;\n    background: linear-gradient(90deg, transparent, #5D8AA8 55%);\n  }\n  .ps-div-sub__line--r {\n    background: linear-gradient(90deg, #5D8AA8, transparent 55%);\n  }\n  .ps-div-sub__icon {\n    width: auto;\n    height: 20px;\n    max-width: 22px;\n    object-fit: contain;\n    opacity: .65;\n    display: block;\n    transition: opacity .35s ease, transform .45s cubic-bezier(.16,1,.3,1);\n  }\n  .ps-div-sub__icon:hover {\n    opacity: 1;\n    transform: rotate(12deg) scale(1.1);\n  }\n  @media (prefers-reduced-motion: reduce) {\n    .ps-div-sub__icon { transition: none; }\n  }\n<\/style>\n\n<h3 class=\"wp-block-heading\" style=\"margin-top:var(--wp--preset--spacing--40);margin-bottom:var(--wp--preset--spacing--40)\">2. Mesi passati e il progetto non \u00e8 ancora andato avanti.<\/h3>\n\n<details class=\"wp-block-details has-medium-font-size is-layout-flow wp-container-core-details-is-layout-5dafc681 wp-block-details-is-layout-flow\"><summary><em>Il nostro nuovo capo progetto ha un piano. Il progetto non si muove ancora - e stiamo iniziando a capire perch\u00e9<\/em>.<\/summary>\n<p>Abbiamo portato qualcuno di capace o l&#8217;abbiamo gi\u00e0 fatto. Il piano \u00e8 solido. Il team \u00e8 professionale, esperto e, sulla carta, allineato. Ci\u00f2 che sta diventando visibile, mese dopo mese, \u00e8 che ogni passo significativo richiede una decisione che nessuno \u00e8 disposto a prendere per primo. I colleghi che detengono il contesto hanno ragioni, visibili e invisibili, per lasciare che le cose rimangano cos\u00ec come sono. Il personale junior che potrebbe muoversi pi\u00f9 velocemente prende spunto dalla stanza. Le escalation tornano con un &#8220;rivediamo il mese prossimo&#8221;. Il progetto non fallisce, ma va alla deriva. E il nostro nuovo capo progetto sta imparando che insistere di pi\u00f9 non accelera nulla, ma identifica solo chi non si muover\u00e0.       <\/p>\n\n\n\n<div class=\"wp-block-buttons is-content-justification-center is-layout-flex wp-container-core-buttons-is-layout-1fb448e7 wp-block-buttons-is-layout-flex\">\n<div class=\"wp-block-button has-custom-width wp-block-button__width-50 is-style-outline is-style-outline--3\"><a class=\"wp-block-button__link has-luminous-vivid-orange-color has-white-background-color has-text-color has-background has-link-color wp-element-button\" href=\"https:\/\/profisaison.com\/it\/operatori-sap-re-fx-questa-pagina-e-per-noi\/jour-fixe-la-governance-del-progetto-non-richiede-una-presenza-permanente\/\">Come guadagnare di nuovo velocit\u00e0 nel suo progetto\u2192<\/a><\/div>\n<\/div>\n\n\n\n<p class=\"has-text-align-center\"><em>(per gli utenti registrati. Se non \u00e8 ancora registrato,<\/em><br\/><em>pu\u00f2 <a href=\"https:\/\/profisaison.com\/my-account\/\" data-type=\"link\" data-id=\"https:\/\/profisaison.com\/my-account\/\">registrarsi come operatore<\/a>).<\/em><\/p>\n<\/details>\n\n<div class=\"ps-div-main\" role=\"separator\" aria-hidden=\"true\"><span class=\"ps-div-main__line\"><\/span><img src=\"https:\/\/www.pics1.profisaison.com\/assets2\/logos2\/ps01.png\" alt=\"\" class=\"ps-div-main__ticket\" loading=\"lazy\" decoding=\"async\" width=\"130\" height=\"28\"\/><span class=\"ps-div-main__line ps-div-main__line--r\"><\/span><\/div><style>.ps-div-main {\n    display: flex;\n    align-items: center;\n    gap: 1.25rem;\n    width: 100%;\n    max-width: 720px;\n    margin: 3.5rem auto;\n    padding: 0 1rem;\n    box-sizing: border-box;\n  }\n  .ps-div-main__line {\n    flex: 1;\n    display: block;\n    height: 2px;\n    opacity: .55;\n    border-radius: 1px;\n    background: linear-gradient(90deg, transparent, #5D8AA8 55%);\n  }\n  .ps-div-main__line--r {\n    background: linear-gradient(90deg, #5D8AA8, transparent 55%);\n  }\n  .ps-div-main__ticket {\n    width: auto;\n    height: 28px;\n    max-width: 130px;\n    object-fit: contain;\n    opacity: .8;\n    display: block;\n    transition: opacity .35s ease, transform .45s cubic-bezier(.16,1,.3,1);\n  }\n  .ps-div-main__ticket:hover {\n    opacity: 1;\n    transform: translateY(-1px) rotate(-1.5deg);\n  }\n  @media (prefers-reduced-motion: reduce) {\n    .ps-div-main__ticket { transition: none; }\n  }\n<\/style>\n\n<div style=\"height:100px\" aria-hidden=\"true\" class=\"wp-block-spacer\"><\/div>\n\n<div style=\"height:100px\" aria-hidden=\"true\" class=\"wp-block-spacer\"><\/div>\n","protected":false},"excerpt":{"rendered":"<p>Ti suona qualcosa di familiare? 1. Le richieste di modifica si accumulano molto per un mese. 2. Stiamo perdendo presto il know-how. 2. Mesi passati e il progetto non \u00e8 ancora andato avanti.<\/p>\n","protected":false},"author":1,"featured_media":0,"parent":4541,"menu_order":0,"comment_status":"closed","ping_status":"closed","template":"","meta":{"_acf_changed":false,"footnotes":""},"class_list":["post-3626","page","type-page","status-publish","hentry"],"acf":[],"_hostinger_reach_plugin_has_subscription_block":false,"_hostinger_reach_plugin_is_elementor":false,"_links":{"self":[{"href":"https:\/\/profisaison.com\/it\/wp-json\/wp\/v2\/pages\/3626","targetHints":{"allow":["GET"]}}],"collection":[{"href":"https:\/\/profisaison.com\/it\/wp-json\/wp\/v2\/pages"}],"about":[{"href":"https:\/\/profisaison.com\/it\/wp-json\/wp\/v2\/types\/page"}],"author":[{"embeddable":true,"href":"https:\/\/profisaison.com\/it\/wp-json\/wp\/v2\/users\/1"}],"replies":[{"embeddable":true,"href":"https:\/\/profisaison.com\/it\/wp-json\/wp\/v2\/comments?post=3626"}],"version-history":[{"count":5,"href":"https:\/\/profisaison.com\/it\/wp-json\/wp\/v2\/pages\/3626\/revisions"}],"predecessor-version":[{"id":5569,"href":"https:\/\/profisaison.com\/it\/wp-json\/wp\/v2\/pages\/3626\/revisions\/5569"}],"up":[{"embeddable":true,"href":"https:\/\/profisaison.com\/it\/wp-json\/wp\/v2\/pages\/4541"}],"wp:attachment":[{"href":"https:\/\/profisaison.com\/it\/wp-json\/wp\/v2\/media?parent=3626"}],"curies":[{"name":"wp","href":"https:\/\/api.w.org\/{rel}","templated":true}]}}