{"id":3544,"date":"2026-04-22T13:58:45","date_gmt":"2026-04-22T13:58:45","guid":{"rendered":"https:\/\/profisaison.com\/ora-ogni-chiusura-di-fine-mese-e-un-rischio-controllo-della-salute-del-sistema-per-le-aziende\/"},"modified":"2026-05-11T22:19:47","modified_gmt":"2026-05-11T22:19:47","slug":"ora-ogni-chiusura-di-fine-mese-e-un-rischio-controllo-della-salute-del-sistema-per-le-aziende","status":"publish","type":"page","link":"https:\/\/profisaison.com\/it\/profisaison-ti-aiutiamo-a-gestire-nuovamente-il-tuo-sap-real-esatet\/la-gestione-del-nostro-contratto-di-locazione-non-funziona-come-dovrebbe-e-non-riusciamo-a-capire-il-motivo\/ora-ogni-chiusura-di-fine-mese-e-un-rischio-controllo-della-salute-del-sistema-per-le-aziende\/","title":{"rendered":"&#8230; per evitare il rischio di chiudere la fine del mese nel suo SAP\u00ae RE-FX."},"content":{"rendered":"\n<div class=\"wp-block-columns is-layout-flex wp-container-core-columns-is-layout-28f84493 wp-block-columns-is-layout-flex\">\n<div class=\"wp-block-column is-layout-flow wp-block-column-is-layout-flow\" style=\"flex-basis:33.33%\">\n<figure class=\"wp-block-image size-medium\"><img loading=\"lazy\" decoding=\"async\" width=\"300\" height=\"200\" src=\"https:\/\/profisaison.com\/wp-content\/uploads\/2026\/05\/dsfdsfdwwwfs-300x200.png\" alt=\"\" class=\"wp-image-4734\" style=\"aspect-ratio:1;object-fit:cover\" srcset=\"https:\/\/profisaison.com\/wp-content\/uploads\/2026\/05\/dsfdsfdwwwfs-300x200.png 300w, https:\/\/profisaison.com\/wp-content\/uploads\/2026\/05\/dsfdsfdwwwfs-416x277.png 416w, https:\/\/profisaison.com\/wp-content\/uploads\/2026\/05\/dsfdsfdwwwfs-1024x683.png 1024w, https:\/\/profisaison.com\/wp-content\/uploads\/2026\/05\/dsfdsfdwwwfs-768x512.png 768w, https:\/\/profisaison.com\/wp-content\/uploads\/2026\/05\/dsfdsfdwwwfs.png 1536w\" sizes=\"auto, (max-width: 300px) 100vw, 300px\" \/><\/figure>\n<\/div>\n\n\n\n<div class=\"wp-block-column is-vertically-aligned-center is-layout-flow wp-block-column-is-layout-flow\" style=\"flex-basis:66.66%\">\n<h3 class=\"wp-block-heading has-medium-font-size\" style=\"margin-top:var(--wp--preset--spacing--40);margin-bottom:var(--wp--preset--spacing--40)\">Il SAP RE-FX System Health Check for Corporates \u00e8 una diagnosi indipendente e strutturata del suo ambiente di sistema, che la aiuta a valutare lo stato dell&#8217;implementazione dell&#8217;IFRS 16 e molto altro ancora.<\/h3>\n<\/div>\n<\/div>\n\n<div class=\"ps-div-sub\" role=\"separator\" aria-hidden=\"true\"><span class=\"ps-div-sub__line\"><\/span><img src=\"https:\/\/www.pics1.profisaison.com\/assets2\/logos2\/ps03.png\" alt=\"\" class=\"ps-div-sub__icon\" loading=\"lazy\" decoding=\"async\" width=\"22\" height=\"22\"\/><span class=\"ps-div-sub__line ps-div-sub__line--r\"><\/span><\/div><style>.ps-div-sub {\n    display: flex;\n    align-items: center;\n    gap: .9rem;\n    width: 100%;\n    max-width: 520px;\n    margin: 2.25rem auto;\n    padding: 0 1rem;\n    box-sizing: border-box;\n  }\n  .ps-div-sub__line {\n    flex: 1;\n    display: block;\n    height: 1px;\n    opacity: .4;\n    background: linear-gradient(90deg, transparent, #5D8AA8 55%);\n  }\n  .ps-div-sub__line--r {\n    background: linear-gradient(90deg, #5D8AA8, transparent 55%);\n  }\n  .ps-div-sub__icon {\n    width: auto;\n    height: 20px;\n    max-width: 22px;\n    object-fit: contain;\n    opacity: .65;\n    display: block;\n    transition: opacity .35s ease, transform .45s cubic-bezier(.16,1,.3,1);\n  }\n  .ps-div-sub__icon:hover {\n    opacity: 1;\n    transform: rotate(12deg) scale(1.1);\n  }\n  @media (prefers-reduced-motion: reduce) {\n    .ps-div-sub__icon { transition: none; }\n  }\n<\/style>\n\n<h2 class=\"wp-block-heading has-text-align-left\">Ti suona familiare?<\/h2>\n\n<div style=\"height:100px\" aria-hidden=\"true\" class=\"wp-block-spacer\"><\/div>\n\n<details class=\"wp-block-details has-large-font-size is-layout-flow wp-block-details-is-layout-flow\"><summary>Le corse di fine mese - ma aspetto di vedere quante condizioni non sono andate a buon fine<\/summary>\n<p class=\"has-medium-font-size\">Dopo la conclusione dell&#8217;operazione di distacco, aspetto - non per gli errori, ma per valutare il numero. Una manciata di contratti non riesce a postare correttamente. Ho rinunciato a risolvere la causa principale e mantengo invece un elenco personale. Quando il team della contabilit\u00e0 chiede informazioni sulla passivit\u00e0 dell&#8217;affitto dell&#8217;edificio 4 che si sposta di decine di migliaia, passo due ore a rintracciarla. A volte trovo il motivo e a volte dico semplicemente: &#8220;Lo controller\u00f2 il mese prossimo&#8221;. Il mese successivo, l&#8217;edificio \u00e8 diverso.     <\/p>\n\n\n\n<p class=\"has-medium-font-size\">Un altro tipo di problema deriva da eventi non correlati al sistema stesso. Questi includono migrazioni non convalidate, riorganizzazioni mal eseguite che hanno trasferito i contratti a un nuovo codice aziendale e modifiche normative implementate sotto pressione senza un&#8217;adeguata revisione. Non si tratta di bug, ma di residui: piccole incongruenze che si accumulano silenziosamente fino a quando non si nota una discrepanza.  <\/p>\n<\/details>\n\n<div class=\"ps-div-sub\" role=\"separator\" aria-hidden=\"true\"><span class=\"ps-div-sub__line\"><\/span><img src=\"https:\/\/www.pics1.profisaison.com\/assets2\/logos2\/ps03.png\" alt=\"\" class=\"ps-div-sub__icon\" loading=\"lazy\" decoding=\"async\" width=\"22\" height=\"22\"\/><span class=\"ps-div-sub__line ps-div-sub__line--r\"><\/span><\/div><style>.ps-div-sub {\n    display: flex;\n    align-items: center;\n    gap: .9rem;\n    width: 100%;\n    max-width: 520px;\n    margin: 2.25rem auto;\n    padding: 0 1rem;\n    box-sizing: border-box;\n  }\n  .ps-div-sub__line {\n    flex: 1;\n    display: block;\n    height: 1px;\n    opacity: .4;\n    background: linear-gradient(90deg, transparent, #5D8AA8 55%);\n  }\n  .ps-div-sub__line--r {\n    background: linear-gradient(90deg, #5D8AA8, transparent 55%);\n  }\n  .ps-div-sub__icon {\n    width: auto;\n    height: 20px;\n    max-width: 22px;\n    object-fit: contain;\n    opacity: .65;\n    display: block;\n    transition: opacity .35s ease, transform .45s cubic-bezier(.16,1,.3,1);\n  }\n  .ps-div-sub__icon:hover {\n    opacity: 1;\n    transform: rotate(12deg) scale(1.1);\n  }\n  @media (prefers-reduced-motion: reduce) {\n    .ps-div-sub__icon { transition: none; }\n  }\n<\/style>\n\n<details class=\"wp-block-details has-large-font-size is-layout-flow wp-block-details-is-layout-flow\"><summary>Si tratta di una deriva o \u00e8 cos\u00ec che dovrebbe funzionare?<\/summary>\n<p class=\"has-medium-font-size\">La passivit\u00e0 del leasing fluttua di qualche centinaio di euro da un mese all&#8217;altro. Non sono mai stato in grado di verificare se questo sia normale ai sensi dell&#8217;IFRS 16 - ad esempio, l&#8217;annullamento degli interessi, gli effetti FX o l&#8217;arrotondamento dal ricalcolo del valore attuale netto - o se qualcosa nella configurazione sia passato inosservato. <\/p>\n\n\n\n<p class=\"has-medium-font-size\">A un certo punto ho ricevuto un riferimento alla nota SAP da un collaboratore del forum. L&#8217;abbiamo implementata. Le fluttuazioni sono continuate. Ho lasciato perdere.   <\/p>\n\n\n\n<p class=\"has-medium-font-size\">Diversi elementi di configurazione sono precedenti al mio incarico. Non sono mai stati toccati. Sembrano funzionare.  <\/p>\n\n\n\n<p class=\"has-medium-font-size\">Un tipo di condizione personalizzata, &#8220;Z_REFX_C_qualcosa&#8221;, \u00e8 stato impostato durante l&#8217;implementazione originale. Ogni mese viene postato su un conto dedicato. Il conto viene cancellato durante la riconciliazione. Non ho mai indagato sull&#8217;effettiva funzione di questo tipo di condizione. A dire il vero, sono stato riluttante a farlo.    <\/p>\n\n\n\n<p class=\"has-medium-font-size\">Quando i revisori chiedono se la cifra \u00e8 completa e accurata, rispondo &#8220;s\u00ec&#8221;. Lo dico con convinzione. <\/p>\n\n\n\n<p class=\"has-medium-font-size\">Ma la domanda a cui non posso rispondere \u00e8 un&#8217;altra: Posso confermare che la cifra viene prodotta nello stesso modo in cui \u00e8 stata prodotta l&#8217;anno scorso. Non posso confermare che questa coerenza equivalga ad accuratezza. <\/p>\n<\/details>\n\n<div class=\"ps-div-sub\" role=\"separator\" aria-hidden=\"true\"><span class=\"ps-div-sub__line\"><\/span><img src=\"https:\/\/www.pics1.profisaison.com\/assets2\/logos2\/ps03.png\" alt=\"\" class=\"ps-div-sub__icon\" loading=\"lazy\" decoding=\"async\" width=\"22\" height=\"22\"\/><span class=\"ps-div-sub__line ps-div-sub__line--r\"><\/span><\/div><style>.ps-div-sub {\n    display: flex;\n    align-items: center;\n    gap: .9rem;\n    width: 100%;\n    max-width: 520px;\n    margin: 2.25rem auto;\n    padding: 0 1rem;\n    box-sizing: border-box;\n  }\n  .ps-div-sub__line {\n    flex: 1;\n    display: block;\n    height: 1px;\n    opacity: .4;\n    background: linear-gradient(90deg, transparent, #5D8AA8 55%);\n  }\n  .ps-div-sub__line--r {\n    background: linear-gradient(90deg, #5D8AA8, transparent 55%);\n  }\n  .ps-div-sub__icon {\n    width: auto;\n    height: 20px;\n    max-width: 22px;\n    object-fit: contain;\n    opacity: .65;\n    display: block;\n    transition: opacity .35s ease, transform .45s cubic-bezier(.16,1,.3,1);\n  }\n  .ps-div-sub__icon:hover {\n    opacity: 1;\n    transform: rotate(12deg) scale(1.1);\n  }\n  @media (prefers-reduced-motion: reduce) {\n    .ps-div-sub__icon { transition: none; }\n  }\n<\/style>\n\n<details class=\"wp-block-details has-large-font-size is-layout-flow wp-block-details-is-layout-flow\"><summary>Ho smesso di chiederlo - e ho costruito le mie soluzioni intorno ad esso.<\/summary>\n<p class=\"has-medium-font-size\">L&#8217;IFRS 16 \u00e8 stato implementato correttamente. I consulenti esterni hanno configurato le regole di valutazione, eseguito la transizione, pubblicato il bilancio di apertura. La UAT \u00e8 stata superata. Il revisore contabile ha approvato la prima chiusura dell&#8217;anno. I numeri sono stati inseriti nel reporting del gruppo. Quello \u00e8 stato il momento in cui il sistema \u00e8 diventato mio.     <\/p>\n\n\n\n<p class=\"has-medium-font-size\">Poi le cose hanno iniziato ad andare alla deriva. Messaggi di errore che non avevo mai visto prima. Registrazioni che hanno funzionato in modo pulito per tre anni, improvvisamente hanno lanciato AA594. Una modifica del contratto che avrebbe dovuto essere di routine produceva differenze di ammortamento che nessuno riusciva a spiegare. Eseguo la valutazione mensile, pubblico le registrazioni, archivio la dichiarazione - ma sempre pi\u00f9 tempo viene dedicato ad aggirare le cose che prima funzionavano e basta. Non riesco a ricostruire perch\u00e9 un tipo di condizione specifica corrisponde a un conto specifico. Non riesco a spiegare perch\u00e9 la passivit\u00e0 del leasing si muova nel modo in cui si muove tra i periodi. I consulenti hanno lasciato una documentazione che descrive ci\u00f2 che \u00e8 stato costruito - non il perch\u00e9, e non se \u00e8 ancora valido oggi.       <\/p>\n\n\n\n<p class=\"has-medium-font-size\">Ogni trimestre il revisore chiede se la cifra \u00e8 completa e accurata. Io rispondo di s\u00ec. Lo dico con convinzione. Ci\u00f2 che posso confermare in realt\u00e0 \u00e8 pi\u00f9 ristretto: la cifra viene prodotta nello stesso modo in cui \u00e8 stata prodotta lo scorso trimestre, a parte alcuni accorgimenti che ho aggiunto lungo il percorso. Se questo significhi essere accurati, non lo so. Ammetterlo significherebbe aprire una porta che non posso pi\u00f9 chiudere. Quindi, finch\u00e9 i numeri non appaiono palesemente assurdi, sono sufficienti.      <\/p>\n<\/details>\n\n<div class=\"ps-q-funnel\" role=\"separator\"><span class=\"ps-q-funnel__line\"><\/span><span class=\"ps-q-funnel__word\">All this leads to the same consideration \u2026<\/span><span class=\"ps-q-funnel__line ps-q-funnel__line--r\"><\/span><\/div><div class=\"ps-q-funnel__arrow\">\u2193<\/div><style>.ps-q-funnel {\n  display:flex;\n  align-items:center;\n  gap:1.5rem;\n  width:100%;\n  max-width:720px;\n  margin:4rem auto 0;\n  padding:0 1rem;\n  box-sizing:border-box;\n}\n.ps-q-funnel__line {\n  flex:1;\n  height:2px;\n  background:linear-gradient(90deg,transparent,#5D8AA8 40%);\n  opacity:.85;\n  display:block;\n  border-radius:1px;\n}\n.ps-q-funnel__line--r {\n  background:linear-gradient(90deg,#5D8AA8,transparent 60%);\n}\n.ps-q-funnel__word {\n  flex-shrink:0;\n  padding:0 .9rem;\n  font-family:Georgia,\"Times New Roman\",serif;\n  font-style:italic;\n  font-size:17px;\n  font-weight:400;\n  letter-spacing:.02em;\n  color:#5D8AA8;\n  line-height:1;\n}\n.ps-q-funnel__arrow {\n  text-align:center;\n  font-size:48px;\n  color:#CEB888;\n  margin:0.25rem auto 4rem;\n  max-width:720px;\n  padding:0 1rem;\n  line-height:1;\n}\n@media(max-width:480px){\n  .ps-q-funnel{gap:1rem;}\n  .ps-q-funnel__word{font-size:14px;}\n}\n<\/style>\n\n<h2 class=\"wp-block-heading has-text-align-left\">&#8220;Per risolverli, dovremo scoprire la nostra posizione effettiva&#8221;.<\/h2>\n\n<div class=\"wp-block-group is-content-justification-space-between is-nowrap is-layout-flex wp-container-core-group-is-layout-c0dd7891 wp-block-group-is-layout-flex\">\n<figure class=\"wp-block-image size-medium is-resized is-style-default wp-duotone-grayscale\"><img loading=\"lazy\" decoding=\"async\" width=\"300\" height=\"200\" src=\"https:\/\/profisaison.com\/wp-content\/uploads\/2026\/04\/PNG-image-23-300x200.png\" alt=\"\" class=\"wp-image-2299\" style=\"aspect-ratio:16\/9;object-fit:cover;width:210px;height:auto\" srcset=\"https:\/\/profisaison.com\/wp-content\/uploads\/2026\/04\/PNG-image-23-300x200.png 300w, https:\/\/profisaison.com\/wp-content\/uploads\/2026\/04\/PNG-image-23-416x277.png 416w, https:\/\/profisaison.com\/wp-content\/uploads\/2026\/04\/PNG-image-23-1024x683.png 1024w, https:\/\/profisaison.com\/wp-content\/uploads\/2026\/04\/PNG-image-23-768x512.png 768w, https:\/\/profisaison.com\/wp-content\/uploads\/2026\/04\/PNG-image-23.png 1536w\" sizes=\"auto, (max-width: 300px) 100vw, 300px\" \/><\/figure>\n\n\n\n<p class=\"has-text-align-center\">&#8220;Abbiamo bisogno di altre informazioni&#8221;<br\/><em>(Approfondimenti sull&#8217;azienda, 5 minuti di lettura)<\/em><\/p>\n\n\n\n<div class=\"wp-block-buttons is-content-justification-right is-layout-flex wp-container-core-buttons-is-layout-d445cf74 wp-block-buttons-is-layout-flex\">\n<div class=\"wp-block-button is-style-outline is-style-outline--1\"><a class=\"wp-block-button__link has-vivid-cyan-blue-color has-white-background-color has-text-color has-background has-link-color wp-element-button\" href=\"https:\/\/profisaison.com\/about\/how-we-work\/\">Leggiamo<\/a><\/div>\n<\/div>\n<\/div>\n\n<div class=\"ps-div-sub\" role=\"separator\" aria-hidden=\"true\"><span class=\"ps-div-sub__line\"><\/span><img src=\"https:\/\/www.pics1.profisaison.com\/assets2\/logos2\/ps03.png\" alt=\"\" class=\"ps-div-sub__icon\" loading=\"lazy\" decoding=\"async\" width=\"22\" height=\"22\"\/><span class=\"ps-div-sub__line ps-div-sub__line--r\"><\/span><\/div><style>.ps-div-sub {\n    display: flex;\n    align-items: center;\n    gap: .9rem;\n    width: 100%;\n    max-width: 520px;\n    margin: 2.25rem auto;\n    padding: 0 1rem;\n    box-sizing: border-box;\n  }\n  .ps-div-sub__line {\n    flex: 1;\n    display: block;\n    height: 1px;\n    opacity: .4;\n    background: linear-gradient(90deg, transparent, #5D8AA8 55%);\n  }\n  .ps-div-sub__line--r {\n    background: linear-gradient(90deg, #5D8AA8, transparent 55%);\n  }\n  .ps-div-sub__icon {\n    width: auto;\n    height: 20px;\n    max-width: 22px;\n    object-fit: contain;\n    opacity: .65;\n    display: block;\n    transition: opacity .35s ease, transform .45s cubic-bezier(.16,1,.3,1);\n  }\n  .ps-div-sub__icon:hover {\n    opacity: 1;\n    transform: rotate(12deg) scale(1.1);\n  }\n  @media (prefers-reduced-motion: reduce) {\n    .ps-div-sub__icon { transition: none; }\n  }\n<\/style>\n\n<div class=\"wp-block-group is-content-justification-space-between is-nowrap is-layout-flex wp-container-core-group-is-layout-c0dd7891 wp-block-group-is-layout-flex\">\n<figure class=\"wp-block-image size-medium is-resized is-style-default wp-duotone-grayscale\"><img loading=\"lazy\" decoding=\"async\" width=\"300\" height=\"200\" src=\"https:\/\/profisaison.com\/wp-content\/uploads\/2026\/04\/PNG-image-17-300x200.png\" alt=\"\" class=\"wp-image-2207\" style=\"aspect-ratio:16\/9;object-fit:cover;width:210px;height:auto\" srcset=\"https:\/\/profisaison.com\/wp-content\/uploads\/2026\/04\/PNG-image-17-300x200.png 300w, https:\/\/profisaison.com\/wp-content\/uploads\/2026\/04\/PNG-image-17-416x277.png 416w, https:\/\/profisaison.com\/wp-content\/uploads\/2026\/04\/PNG-image-17-1024x683.png 1024w, https:\/\/profisaison.com\/wp-content\/uploads\/2026\/04\/PNG-image-17-768x512.png 768w, https:\/\/profisaison.com\/wp-content\/uploads\/2026\/04\/PNG-image-17.png 1536w\" sizes=\"auto, (max-width: 300px) 100vw, 300px\" \/><\/figure>\n\n\n\n<p class=\"has-text-align-center\">&#8220;Vogliamo parlare prima.&#8221;<br\/><em>(15 min. - nessun impegno)<\/em><\/p>\n\n\n\n<div class=\"wp-block-buttons is-content-justification-right is-layout-flex wp-container-core-buttons-is-layout-d445cf74 wp-block-buttons-is-layout-flex\">\n<div class=\"wp-block-button is-style-outline is-style-outline--2\"><a class=\"wp-block-button__link has-vivid-cyan-blue-color has-white-background-color has-text-color has-background has-link-color wp-element-button\" href=\"https:\/\/calendly.com\/picanex\/new-meeting\" target=\"_blank\" rel=\"noopener\">Facciamo una chiacchiera.<\/a><\/div>\n<\/div>\n<\/div>\n\n<div class=\"ps-div-sub\" role=\"separator\" aria-hidden=\"true\"><span class=\"ps-div-sub__line\"><\/span><img src=\"https:\/\/www.pics1.profisaison.com\/assets2\/logos2\/ps03.png\" alt=\"\" class=\"ps-div-sub__icon\" loading=\"lazy\" decoding=\"async\" width=\"22\" height=\"22\"\/><span class=\"ps-div-sub__line ps-div-sub__line--r\"><\/span><\/div><style>.ps-div-sub {\n    display: flex;\n    align-items: center;\n    gap: .9rem;\n    width: 100%;\n    max-width: 520px;\n    margin: 2.25rem auto;\n    padding: 0 1rem;\n    box-sizing: border-box;\n  }\n  .ps-div-sub__line {\n    flex: 1;\n    display: block;\n    height: 1px;\n    opacity: .4;\n    background: linear-gradient(90deg, transparent, #5D8AA8 55%);\n  }\n  .ps-div-sub__line--r {\n    background: linear-gradient(90deg, #5D8AA8, transparent 55%);\n  }\n  .ps-div-sub__icon {\n    width: auto;\n    height: 20px;\n    max-width: 22px;\n    object-fit: contain;\n    opacity: .65;\n    display: block;\n    transition: opacity .35s ease, transform .45s cubic-bezier(.16,1,.3,1);\n  }\n  .ps-div-sub__icon:hover {\n    opacity: 1;\n    transform: rotate(12deg) scale(1.1);\n  }\n  @media (prefers-reduced-motion: reduce) {\n    .ps-div-sub__icon { transition: none; }\n  }\n<\/style>\n\n<div class=\"wp-block-group has-background is-content-justification-space-between is-nowrap is-layout-flex wp-container-core-group-is-layout-cb46ffcb wp-block-group-is-layout-flex\" style=\"background-color:#ceb888\">\n<figure class=\"wp-block-image size-medium is-resized is-style-default wp-duotone-grayscale\"><img loading=\"lazy\" decoding=\"async\" width=\"300\" height=\"200\" src=\"https:\/\/profisaison.com\/wp-content\/uploads\/2026\/04\/PNG-image-18-300x200.png\" alt=\"\" class=\"wp-image-2220\" style=\"aspect-ratio:16\/9;object-fit:cover;width:210px;height:auto\" srcset=\"https:\/\/profisaison.com\/wp-content\/uploads\/2026\/04\/PNG-image-18-300x200.png 300w, https:\/\/profisaison.com\/wp-content\/uploads\/2026\/04\/PNG-image-18-416x277.png 416w, https:\/\/profisaison.com\/wp-content\/uploads\/2026\/04\/PNG-image-18-1024x683.png 1024w, https:\/\/profisaison.com\/wp-content\/uploads\/2026\/04\/PNG-image-18-768x512.png 768w, https:\/\/profisaison.com\/wp-content\/uploads\/2026\/04\/PNG-image-18.png 1536w\" sizes=\"auto, (max-width: 300px) 100vw, 300px\" \/><\/figure>\n\n\n\n<p class=\"has-text-align-center\">&#8220;Ci riconosciamo.&#8221;<br\/><em>(Valutazione in 2 giorni, consegna in 10 giorni,<\/em><br\/><em>Rapporto scritto, nessuna registrazione)<\/em><\/p>\n\n\n\n<div class=\"wp-block-buttons is-content-justification-right is-layout-flex wp-container-core-buttons-is-layout-d445cf74 wp-block-buttons-is-layout-flex\">\n<div class=\"wp-block-button is-style-outline is-style-outline--3\"><a class=\"wp-block-button__link has-vivid-cyan-blue-color has-text-color has-link-color wp-element-button\" href=\"https:\/\/profisaison.com\/it\/product\/controllo-della-salute-del-sistema\/\" target=\"_blank\" rel=\"noreferrer noopener\">Cominciamo!<\/a><\/div>\n<\/div>\n<\/div>\n\n<div class=\"ps-div-sub\" role=\"separator\" aria-hidden=\"true\"><span class=\"ps-div-sub__line\"><\/span><img src=\"https:\/\/www.pics1.profisaison.com\/assets2\/logos2\/ps03.png\" alt=\"\" class=\"ps-div-sub__icon\" loading=\"lazy\" decoding=\"async\" width=\"22\" height=\"22\"\/><span class=\"ps-div-sub__line ps-div-sub__line--r\"><\/span><\/div><style>.ps-div-sub {\n    display: flex;\n    align-items: center;\n    gap: .9rem;\n    width: 100%;\n    max-width: 520px;\n    margin: 2.25rem auto;\n    padding: 0 1rem;\n    box-sizing: border-box;\n  }\n  .ps-div-sub__line {\n    flex: 1;\n    display: block;\n    height: 1px;\n    opacity: .4;\n    background: linear-gradient(90deg, transparent, #5D8AA8 55%);\n  }\n  .ps-div-sub__line--r {\n    background: linear-gradient(90deg, #5D8AA8, transparent 55%);\n  }\n  .ps-div-sub__icon {\n    width: auto;\n    height: 20px;\n    max-width: 22px;\n    object-fit: contain;\n    opacity: .65;\n    display: block;\n    transition: opacity .35s ease, transform .45s cubic-bezier(.16,1,.3,1);\n  }\n  .ps-div-sub__icon:hover {\n    opacity: 1;\n    transform: rotate(12deg) scale(1.1);\n  }\n  @media (prefers-reduced-motion: reduce) {\n    .ps-div-sub__icon { transition: none; }\n  }\n<\/style>\n\n<div style=\"height:100px\" aria-hidden=\"true\" class=\"wp-block-spacer\"><\/div>\n\n<div style=\"height:100px\" aria-hidden=\"true\" class=\"wp-block-spacer\"><\/div>\n\n<div class=\"ps-div-sub\" role=\"separator\" aria-hidden=\"true\"><span class=\"ps-div-sub__line\"><\/span><img src=\"https:\/\/www.pics1.profisaison.com\/assets2\/logos2\/ps03.png\" alt=\"\" class=\"ps-div-sub__icon\" loading=\"lazy\" decoding=\"sync\" width=\"22 height=\"\/><span class=\"ps-div-sub__line ps-div-sub__line--r\"><\/span><\/div><style>.ps-div-sub {\n    display: flex;\n    align-items: center;\n    gap: .9rem;\n    width: 100%;\n    max-width: 520px;\n    margin: 2.25rem auto;\n    padding: 0 1rem;\n    box-sizing: border-box;\n  }\n  .ps-div-sub__line {\n    flex: 1;\n    display: block;\n    height: 1px;\n    opacity: .4;\n    background: linear-gradient(90deg, transparent, #5D8AA8 55%);\n  }\n  .ps-div-sub__line--r {\n    background: linear-gradient(90deg, #5D8AA8, transparent 55%);\n  }\n  .ps-div-sub__icon {\n    width: auto;\n    height: 20px;\n    max-width: 22px;\n    object-fit: contain;\n    opacity: .65;\n    display: block;\n    transition: opacity .35s ease, transform .45s cubic-bezier(.16,1,.3,1);\n  }\n  .ps-div-sub__icon:hover {\n    opacity: 1;\n    transform: rotate(12deg) scale(1.1);\n  }\n  @media (prefers-reduced-motion: reduce) {\n    .ps-div-sub__icon { transition: none; }\n  }\n<\/style>\n\n<p><\/p>\n","protected":false},"excerpt":{"rendered":"<p>Il SAP RE-FX System Health Check for Corporates \u00e8 una diagnosi indipendente e strutturata del suo ambiente di sistema, che la aiuta a valutare lo stato dell&#8217;implementazione dell&#8217;IFRS 16 e molto altro ancora. Ti suona familiare? All this leads to the same consideration \u2026 \u2193 &#8220;Per risolverli, dovremo scoprire la nostra posizione effettiva&#8221;. &#8220;Abbiamo bisogno [&hellip;]<\/p>\n","protected":false},"author":1,"featured_media":0,"parent":3579,"menu_order":0,"comment_status":"closed","ping_status":"closed","template":"","meta":{"_acf_changed":false,"footnotes":""},"class_list":["post-3544","page","type-page","status-publish","hentry"],"acf":[],"_hostinger_reach_plugin_has_subscription_block":false,"_hostinger_reach_plugin_is_elementor":false,"_links":{"self":[{"href":"https:\/\/profisaison.com\/it\/wp-json\/wp\/v2\/pages\/3544","targetHints":{"allow":["GET"]}}],"collection":[{"href":"https:\/\/profisaison.com\/it\/wp-json\/wp\/v2\/pages"}],"about":[{"href":"https:\/\/profisaison.com\/it\/wp-json\/wp\/v2\/types\/page"}],"author":[{"embeddable":true,"href":"https:\/\/profisaison.com\/it\/wp-json\/wp\/v2\/users\/1"}],"replies":[{"embeddable":true,"href":"https:\/\/profisaison.com\/it\/wp-json\/wp\/v2\/comments?post=3544"}],"version-history":[{"count":14,"href":"https:\/\/profisaison.com\/it\/wp-json\/wp\/v2\/pages\/3544\/revisions"}],"predecessor-version":[{"id":5548,"href":"https:\/\/profisaison.com\/it\/wp-json\/wp\/v2\/pages\/3544\/revisions\/5548"}],"up":[{"embeddable":true,"href":"https:\/\/profisaison.com\/it\/wp-json\/wp\/v2\/pages\/3579"}],"wp:attachment":[{"href":"https:\/\/profisaison.com\/it\/wp-json\/wp\/v2\/media?parent=3544"}],"curies":[{"name":"wp","href":"https:\/\/api.w.org\/{rel}","templated":true}]}}