{"id":350,"date":"2026-04-13T17:45:21","date_gmt":"2026-04-13T17:45:21","guid":{"rendered":"https:\/\/profisaison.com\/legal\/"},"modified":"2026-05-12T07:53:39","modified_gmt":"2026-05-12T07:53:39","slug":"legal","status":"publish","type":"page","link":"https:\/\/profisaison.com\/it\/legal\/","title":{"rendered":"Legale e privacy"},"content":{"rendered":"\n<p>Legale e privacy<\/p>\n\n<p><em>Ultimo aggiornamento: 11 maggio 2026<\/em><\/p>\n\n<p>I servizi offerti su questo sito web sono rivolti <strong>esclusivamente a clienti commerciali (B2B) stabiliti all&#8217;interno dello Spazio Economico Europeo (SEE) e degli Stati membri dell&#8217;EFTA.<\/strong> I contratti con parti al di fuori di questo ambito territoriale non possono essere conclusi attraverso questo sito web.<\/p>\n\n<h3 class=\"wp-block-heading\">Operatore<\/h3>\n\n<p>Metaneering S.\u00e0 r.l. 16, Avenue Pasteur L-2310 Lussemburgo Granducato di Lussemburgo<\/p>\n\n<p>Telefono: <a href=\"tel:+352621788823\">+352 621 788 823<\/a> E-mail: <a href=\"mailto:info@metaneering.com\">info@metaneering.com<\/a><\/p>\n\n<h3 class=\"wp-block-heading\">Informazioni sull&#8217;azienda<\/h3>\n\n<p>Forma giuridica: Soci\u00e9t\u00e9 \u00e0 responsabilit\u00e9 limit\u00e9e (S.\u00e0 r.l.) Registro del Commercio e delle Imprese (RCS Lussemburgo): B275944 Numero di identificazione IVA: LU34903162 Autorizzazione commerciale (autorisation d&#8217;\u00e9tablissement): 10154926 \/ 0 Autorit\u00e0 di rilascio: Minist\u00e8re de l&#8217;\u00c9conomie, Direction g\u00e9n\u00e9rale PME et Entrepreneuriat Membro della Camera di Commercio del Granducato di Lussemburgo (Chambre de Commerce du Grand-Duch\u00e9 de Luxembourg).<\/p>\n\n<h3 class=\"wp-block-heading\">Rappresentante autorizzato<\/h3>\n\n<p>Amministratore delegato (G\u00e9rant): Timo Scheer<\/p>\n\n<h3 class=\"wp-block-heading\">Responsabile dei contenuti<\/h3>\n\n<p>Ai sensi dell&#8217;Articolo 5 della Legge lussemburghese del 14 agosto 2000 sul Commercio Elettronico: Timo Scheer, c\/o Metaneering S.\u00e0 r.l., indirizzo come sopra.<\/p>\n\n<h3 class=\"wp-block-heading\">Privacy e cookie<\/h3>\n\n<p>Il trattamento dei dati personali e l&#8217;uso dei cookie su questo sito web sono soggetti a diversi regimi legali a seconda della regione del visitatore. Consulti la versione a lei applicabile: <\/p>\n\n<p><strong>Per i visitatori provenienti dallo Spazio Economico Europeo (SEE) e dagli Stati EFTA:<\/strong><\/p>\n\n<ul class=\"wp-block-list\">\n<li><a href=\"https:\/\/profisaison.com\/it\/dichiarazione-sulla-privacy-ue\/\">Dichiarazione sulla privacy (UE)<\/a><\/li>\n\n\n\n<li><a href=\"https:\/\/profisaison.com\/it\/cookie-policy-eu\/\">Politica sui cookie (UE)<\/a><\/li>\n<\/ul>\n\n<p><strong>Per i visitatori provenienti dal Regno Unito:<\/strong><\/p>\n\n<ul class=\"wp-block-list\">\n<li><a href=\"https:\/\/profisaison.com\/it\/dichiarazione-sulla-privacy-regno-unito\/\">Dichiarazione sulla privacy (Regno Unito)<\/a><\/li>\n\n\n\n<li><a href=\"https:\/\/profisaison.com\/it\/politica-sui-cookie-regno-unito\/\">Politica sui cookie (Regno Unito)<\/a><\/li>\n<\/ul>\n\n<h3 class=\"wp-block-heading\">Marchi registrati<\/h3>\n\n<p>SAP, S\/4HANA, RE-FX, ILM e altri nomi di prodotti o servizi SAP menzionati su questo sito sono marchi o marchi registrati di SAP SE o delle sue affiliate in Germania e in diversi altri paesi. Tutti gli altri nomi di prodotti e servizi menzionati sono marchi dei rispettivi proprietari. <\/p>\n\n<p>Metaneering S.\u00e0 r.l. \u00e8 una societ\u00e0 di consulenza indipendente. Non \u00e8 affiliato, approvato da SAP SE o da nessuna delle sue controllate. I riferimenti ai prodotti SAP su questo sito web sono fatti esclusivamente per descrivere i servizi di consulenza offerti da Metaneering S.\u00e0 r.l.<\/p>\n\n<h3 class=\"wp-block-heading\">Responsabilit\u00e0 per i contenuti<\/h3>\n\n<p>Il contenuto di questo sito web \u00e8 stato redatto con cura. Metaneering S.\u00e0 r.l. non si assume alcuna responsabilit\u00e0 per l&#8217;accuratezza, la completezza o la tempestivit\u00e0 delle informazioni fornite. Il contenuto \u00e8 destinato a scopi informativi generali e non costituisce una consulenza legale, fiscale, tecnica o commerciale. Le decisioni basate sulle informazioni contenute in questo sito web sono prese sotto la responsabilit\u00e0 dell&#8217;utente.<\/p>\n\n<h3 class=\"wp-block-heading\">Responsabilit\u00e0 per link esterni<\/h3>\n\n<p>Questo sito web pu\u00f2 contenere link a siti web di terze parti. Metaneering S.\u00e0 r.l. non ha alcuna influenza sui contenuti di tali siti esterni e non si assume alcuna responsabilit\u00e0 nei loro confronti. La responsabilit\u00e0 per il contenuto delle pagine collegate ricade esclusivamente sui rispettivi operatori.<\/p>\n\n<h3 class=\"wp-block-heading\">Copyright<\/h3>\n\n<p>Tutti i testi, grafici, layout e altri contenuti pubblicati su questo sito web sono protetti da copyright. La riproduzione, la distribuzione o qualsiasi forma di uso commerciale richiede il preventivo consenso scritto di Metaneering S.\u00e0 r.l. Sono permessi usi personali, non commerciali e brevi citazioni con appropriata attribuzione.<\/p>\n\n<h3 class=\"wp-block-heading\">Mediazione obbligatoria<\/h3>\n\n<p><strong>Prima di avviare qualsiasi procedimento giudiziario<\/strong>, le parti cercheranno di risolvere qualsiasi disputa, controversia o reclamo derivante da o in relazione ai servizi, ai rapporti contrattuali o a qualsiasi questione relativa a questo sito web tramite la <strong>mediazione amministrata dal Centre de M\u00e9diation Civile et Commerciale della Chambre de Commerce du Grand-Duch\u00e9 de Luxembourg<\/strong>, in conformit\u00e0 alle sue regole in vigore al momento della richiesta di mediazione.<\/p>\n\n<p>Solo dopo che la procedura di mediazione si \u00e8 conclusa senza un accordo, o \u00e8 stata formalmente interrotta dal mediatore, una delle parti avr\u00e0 il diritto di avviare un procedimento giudiziario. Le misure provvisorie o protettive dinanzi ai tribunali competenti non sono influenzate da questa clausola. <\/p>\n\n<h3 class=\"wp-block-heading\">Risoluzione extragiudiziaria delle controversie<\/h3>\n\n<p>La Commissione Europea offre una piattaforma online di risoluzione delle controversie <a href=\"https:\/\/ec.europa.eu\/consumers\/odr\" target=\"_blank\" rel=\"noopener\">a https:\/\/ec.europa.eu\/consumers\/odr<\/a>. Metaneering S.\u00e0 r.l. non \u00e8 obbligata e non \u00e8 disposta a partecipare alle procedure di risoluzione delle controversie davanti a un comitato arbitrale dei consumatori. I servizi offerti su questo sito web sono rivolti esclusivamente a clienti aziendali (B2B).<\/p>\n\n<h3 class=\"wp-block-heading\">Legge applicabile e giurisdizione<\/h3>\n\n<p>Questo sito web e tutti i rapporti contrattuali stipulati attraverso di esso sono <strong>regolati esclusivamente dalle leggi del Granducato di Lussemburgo<\/strong>, ad esclusione della Convenzione delle Nazioni Unite sui contratti di vendita internazionale di beni (CISG) e ad esclusione di qualsiasi norma di conflitto di leggi che porterebbe all&#8217;applicazione di un sistema giuridico straniero.<\/p>\n\n<p>Per tutte le relazioni business-to-business, il <strong>foro competente esclusivo \u00e8 la citt\u00e0 di Lussemburgo<\/strong> (Tribunal d&#8217;arrondissement de Luxembourg). Qualsiasi accordo su un foro competente estero, esplicito o implicito, \u00e8 espressamente escluso. La clausola di mediazione obbligatoria di cui sopra si applica prima dell&#8217;avvio di qualsiasi procedimento giudiziario.  <\/p>\n\n<h3 class=\"wp-block-heading\">Versione linguistica autorevole<\/h3>\n\n<p>Questo Avviso Legale \u00e8 pubblicato in pi\u00f9 versioni linguistiche. <strong>In caso di discrepanze o conflitti tra le versioni linguistiche, la versione inglese prevarr\u00e0<\/strong> e sar\u00e0 considerata autorevole per tutti gli scopi legali.<\/p>\n\n<h3 class=\"wp-block-heading\">Severabilit\u00e0<\/h3>\n\n<p>Nel caso in cui una disposizione del presente Avviso Legale sia o diventi non valida, illegale o inapplicabile in tutto o in parte, la validit\u00e0 delle restanti disposizioni non sar\u00e0 influenzata. La disposizione non valida, illegale o inapplicabile sar\u00e0 sostituita da una disposizione valida e applicabile che si avvicina maggiormente all&#8217;intento economico della disposizione originale. <\/p>\n\n<h3 class=\"wp-block-heading\">Termini e condizioni<\/h3>\n\n<p>I termini contrattuali applicabili alle prenotazioni e ai servizi di consulenza sono indicati nei nostri <a href=\"https:\/\/profisaison.com\/it\/terms\/\">Termini e Condizioni<\/a>.<\/p>\n\n<div style=\"height:100px\" aria-hidden=\"true\" class=\"wp-block-spacer\"><\/div>\n\n<div style=\"height:100px\" aria-hidden=\"true\" class=\"wp-block-spacer\"><\/div>\n","protected":false},"excerpt":{"rendered":"<p>Legale e privacy Ultimo aggiornamento: 11 maggio 2026 I servizi offerti su questo sito web sono rivolti esclusivamente a clienti commerciali (B2B) stabiliti all&#8217;interno dello Spazio Economico Europeo (SEE) e degli Stati membri dell&#8217;EFTA. I contratti con parti al di fuori di questo ambito territoriale non possono essere conclusi attraverso questo sito web. Operatore Metaneering [&hellip;]<\/p>\n","protected":false},"author":1,"featured_media":0,"parent":0,"menu_order":0,"comment_status":"closed","ping_status":"closed","template":"","meta":{"_acf_changed":false,"footnotes":""},"class_list":["post-350","page","type-page","status-publish","hentry"],"acf":[],"_hostinger_reach_plugin_has_subscription_block":false,"_hostinger_reach_plugin_is_elementor":false,"_links":{"self":[{"href":"https:\/\/profisaison.com\/it\/wp-json\/wp\/v2\/pages\/350","targetHints":{"allow":["GET"]}}],"collection":[{"href":"https:\/\/profisaison.com\/it\/wp-json\/wp\/v2\/pages"}],"about":[{"href":"https:\/\/profisaison.com\/it\/wp-json\/wp\/v2\/types\/page"}],"author":[{"embeddable":true,"href":"https:\/\/profisaison.com\/it\/wp-json\/wp\/v2\/users\/1"}],"replies":[{"embeddable":true,"href":"https:\/\/profisaison.com\/it\/wp-json\/wp\/v2\/comments?post=350"}],"version-history":[{"count":14,"href":"https:\/\/profisaison.com\/it\/wp-json\/wp\/v2\/pages\/350\/revisions"}],"predecessor-version":[{"id":5638,"href":"https:\/\/profisaison.com\/it\/wp-json\/wp\/v2\/pages\/350\/revisions\/5638"}],"wp:attachment":[{"href":"https:\/\/profisaison.com\/it\/wp-json\/wp\/v2\/media?parent=350"}],"curies":[{"name":"wp","href":"https:\/\/api.w.org\/{rel}","templated":true}]}}