{"id":325,"date":"2026-04-12T10:02:32","date_gmt":"2026-04-12T10:02:32","guid":{"rendered":"https:\/\/profisaison.com\/about\/the-company\/"},"modified":"2026-05-11T20:16:50","modified_gmt":"2026-05-11T20:16:50","slug":"the-company","status":"publish","type":"page","link":"https:\/\/profisaison.com\/it\/about\/the-company\/","title":{"rendered":"Azienda"},"content":{"rendered":"\n<style>.ps-div-sub{\n  display:flex;\n  align-items:center;\n  gap:.9rem;\n  width:100%;\n  margin:2.25rem 0;\n  padding:0;\n  box-sizing:border-box;\n}\n.ps-div-sub__icon{\n  width:auto;\n  height:20px;\n  max-width:22px;\n  object-fit:contain;\n  opacity:.65;\n  display:block;\n  flex-shrink:0;\n  transition:opacity .35s ease,transform .45s cubic-bezier(.16,1,.3,1);\n}\n.ps-div-sub__icon:hover{\n  opacity:1;\n  transform:rotate(12deg) scale(1.1);\n}\n.ps-div-sub__line{\n  flex:1;\n  display:block;\n  height:1px;\n  opacity:.4;\n  background:linear-gradient(90deg,#5D8AA8 0%,transparent 100%);\n}\n@media(prefers-reduced-motion:reduce){\n  .ps-div-sub__icon{transition:none;}\n}\n<\/style><div class=\"ps-div-sub\" role=\"separator\" aria-hidden=\"true\"><img src=\"https:\/\/www.pics1.profisaison.com\/assets2\/logos2\/ps03.png\" alt=\"\" class=\"ps-div-sub__icon\" loading=\"lazy\" decoding=\"async\" width=\"22\" height=\"22\"\/><span class=\"ps-div-sub__line\"><\/span><\/div>\n\n<h2 class=\"wp-block-heading\">marchio<\/h2>\n\n<figure class=\"wp-block-gallery has-nested-images columns-default is-cropped wp-block-gallery-1 is-layout-flex wp-block-gallery-is-layout-flex\">\n<figure class=\"wp-block-image alignfull size-large is-style-default wp-duotone-dark-grayscale\" style=\"margin-top:var(--wp--preset--spacing--30);margin-right:var(--wp--preset--spacing--80);margin-bottom:var(--wp--preset--spacing--30);margin-left:var(--wp--preset--spacing--80)\"><img loading=\"lazy\" decoding=\"async\" width=\"1024\" height=\"179\" data-id=\"4884\" src=\"https:\/\/profisaison.com\/wp-content\/uploads\/2026\/05\/metlog01-1024x179.png\" alt=\"\" class=\"wp-image-4884\" srcset=\"https:\/\/profisaison.com\/wp-content\/uploads\/2026\/05\/metlog01-1024x179.png 1024w, https:\/\/profisaison.com\/wp-content\/uploads\/2026\/05\/metlog01-scaled-416x73.png 416w, https:\/\/profisaison.com\/wp-content\/uploads\/2026\/05\/metlog01-300x52.png 300w, https:\/\/profisaison.com\/wp-content\/uploads\/2026\/05\/metlog01-768x134.png 768w, https:\/\/profisaison.com\/wp-content\/uploads\/2026\/05\/metlog01-1536x268.png 1536w, https:\/\/profisaison.com\/wp-content\/uploads\/2026\/05\/metlog01-2048x358.png 2048w\" sizes=\"auto, (max-width: 1024px) 100vw, 1024px\" \/><\/figure>\n<\/figure>\n\n<p class=\"has-text-align-center has-huge-font-size\" id=\"company-slogan\"><mark style=\"background-color:rgba(0, 0, 0, 0)\" class=\"has-inline-color has-cyan-bluish-gray-color\">Sistemi. Strategia. <\/mark><mark style=\"background-color:rgba(0, 0, 0, 0)\" class=\"has-inline-color has-black-color\">Certezza. <\/mark> <\/p>\n\n<details class=\"wp-block-details has-cyan-bluish-gray-color has-white-background-color has-text-color has-background has-link-color has-huge-font-size wp-elements-16e3441dd3a062efe23587811734e3f4 is-layout-flow wp-block-details-is-layout-flow\"><summary>Sistemi.<\/summary>\n<p class=\"has-medium-font-size\">I sistemi non sono solo SAP. Sono l&#8217;intero panorama del <strong>software e della tecnologia di gestione immobiliare<\/strong> - da RE-FX a Yardi, da Planon alla gestione dei documenti, dal GIS ai database legacy che nessuno ricorda di aver installato ma da cui tutti dipendono. Una parte enorme di ci\u00f2 che chiamiamo Digital Real Estate.  <\/p>\n<\/details>\n\n<details class=\"wp-block-details has-cyan-bluish-gray-color has-white-background-color has-text-color has-background has-link-color has-huge-font-size wp-elements-a1b59c708df68adccf93918e2fa16fa4 is-layout-flow wp-block-details-is-layout-flow\"><summary>Strategia.<\/summary>\n<p class=\"has-medium-font-size\">La strategia consiste nell&#8217;assicurarsi che questi sistemi servano l&#8217;organizzazione per cui sono stati costruiti. Non in teoria. In configurazione.  <\/p>\n<\/details>\n\n<details class=\"wp-block-details has-white-background-color has-background has-huge-font-size is-layout-flow wp-block-details-is-layout-flow\"><summary>Certezza.<\/summary>\n<p class=\"has-medium-font-size\">La certezza \u00e8 conformit\u00e0. Non come aggiuntivo. Come lo scafo della nave. Senza di essa, nulla fluttua.   <\/p>\n<\/details>\n\n<p class=\"has-text-align-center has-medium-font-size\"><mark style=\"background-color:rgba(0, 0, 0, 0)\" class=\"has-inline-color has-vivid-cyan-blue-color\"><strong>Queste tre parole definiscono ci\u00f2 che fa la Metaneering - e ci\u00f2 che Profisaison offre.<\/strong><br\/><strong>e cosa offre Profisaison.<\/strong><\/mark><\/p>\n\n<style>.ps-div-sub{\n  display:flex;\n  align-items:center;\n  gap:.9rem;\n  width:100%;\n  margin:2.25rem 0;\n  padding:0;\n  box-sizing:border-box;\n}\n.ps-div-sub__icon{\n  width:auto;\n  height:20px;\n  max-width:22px;\n  object-fit:contain;\n  opacity:.65;\n  display:block;\n  flex-shrink:0;\n  transition:opacity .35s ease,transform .45s cubic-bezier(.16,1,.3,1);\n}\n.ps-div-sub__icon:hover{\n  opacity:1;\n  transform:rotate(12deg) scale(1.1);\n}\n.ps-div-sub__line{\n  flex:1;\n  display:block;\n  height:1px;\n  opacity:.4;\n  background:linear-gradient(90deg,#5D8AA8 0%,transparent 100%);\n}\n@media(prefers-reduced-motion:reduce){\n  .ps-div-sub__icon{transition:none;}\n}\n<\/style><div class=\"ps-div-sub\" role=\"separator\" aria-hidden=\"true\"><img src=\"https:\/\/www.pics1.profisaison.com\/assets2\/logos2\/ps03.png\" alt=\"\" class=\"ps-div-sub__icon\" loading=\"lazy\" decoding=\"async\" width=\"22\" height=\"22\"\/><span class=\"ps-div-sub__line\"><\/span><\/div>\n\n<h2 class=\"wp-block-heading\">la posizione<\/h2>\n\n<style>@import url('https:\/\/fonts.googleapis.com\/css2?family=Hanken+Grotesk:wght@400;500;700&family=Newsreader:wght@400;500&family=Space+Mono:wght@400&display=swap');\n\n.ps-footer {\n  --ps-text:   #3B2D29;\n  --ps-muted:  rgba(59, 45, 41, 0.72);\n  --ps-soft:   rgba(59, 45, 41, 0.55);\n  --ps-line:   rgba(59, 45, 41, 0.15);\n  --ps-link:   #5D8AA8;\n\n  --ps-sans:   'Hanken Grotesk', system-ui, sans-serif;\n  --ps-serif:  'Newsreader', Georgia, serif;\n  --ps-mono:   'Space Mono', ui-monospace, monospace;\n\n  color: var(--ps-text);\n  font-family: var(--ps-sans);\n  padding: 3rem 1.5rem 2rem;\n  border-top: 1px solid var(--ps-line);\n  background: #fafaf8;\n}\n.ps-footer__inner {\n  max-width: 60rem;\n  margin: 0 auto;\n  display: grid;\n  grid-template-columns: 1fr;\n  gap: 2rem;\n  align-items: start;\n}\n@media (min-width: 720px) {\n  .ps-footer__inner {\n    grid-template-columns: auto 1fr 1fr;\n    gap: 2.5rem;\n  }\n}\n.ps-footer__badge {\n  display: flex;\n  align-items: flex-start;\n  justify-content: flex-start;\n}\n.ps-footer__badge img {\n  width: 100%;\n  max-width: 140px;\n  height: auto;\n  display: block;\n  opacity: 0.95;\n}\n.ps-footer__brand {\n  font-family: var(--ps-sans);\n  font-size: 0.9375rem;\n  line-height: 1.7;\n  color: var(--ps-muted);\n}\n.ps-footer__name {\n  font-family: var(--ps-serif);\n  font-weight: 500;\n  font-size: 1.125rem;\n  color: var(--ps-text);\n  margin-bottom: 0.5rem;\n  letter-spacing: 0.005em;\n}\n.ps-footer__legal {\n  margin-top: 0.75rem;\n  font-size: 0.8125rem;\n  color: var(--ps-soft);\n  line-height: 1.6;\n}\n.ps-footer__legal span {\n  font-family: var(--ps-mono);\n  font-size: 0.6875rem;\n  display: inline-block;\n  margin-right: 0.35rem;\n  letter-spacing: 0.06em;\n  text-transform: uppercase;\n  color: var(--ps-soft);\n}\n.ps-footer__legal a {\n  color: var(--ps-link);\n  text-decoration: none;\n}\n.ps-footer__legal a:hover {\n  text-decoration: underline;\n}\n.ps-footer__links {\n  font-family: var(--ps-sans);\n  font-size: 0.9375rem;\n  line-height: 1.9;\n  color: var(--ps-muted);\n}\n.ps-footer__links a {\n  color: var(--ps-link);\n  text-decoration: none;\n}\n.ps-footer__links a:hover {\n  text-decoration: underline;\n}\n.ps-footer__links ul {\n  list-style: none;\n  padding: 0;\n  margin: 0;\n}\n.ps-footer__bottom {\n  font-family: var(--ps-mono);\n  max-width: 60rem;\n  margin: 2rem auto 0;\n  padding-top: 1.25rem;\n  border-top: 1px solid var(--ps-line);\n  font-size: 0.6875rem;\n  letter-spacing: 0.04em;\n  color: var(--ps-soft);\n  text-align: center;\n}\n<\/style><footer class=\"ps-footer\" role=\"contentinfo\"><div class=\"ps-footer__inner\"><div class=\"ps-footer__badge\"><img src=\"https:\/\/www.pics1.profisaison.com\/assets2\/logos2\/lux.png\" alt=\"Made in Luxembourg\" loading=\"lazy\" decoding=\"async\"\/><\/div><div class=\"ps-footer__brand\"><div class=\"ps-footer__name\">Metaneering S.\u00e0 r.l.<\/div>16, Avenue Pasteur<br\/>L-2310 Luxembourg<br\/>Grand Duchy of Luxembourg<br\/><div class=\"ps-footer__legal\"><span>RCS<\/span> B275944 \u00b7\n        <span>TVA<\/span> LU34903162<br\/><span>E-Mail<\/span> <a href=\"mailto:info@metaneering.com\">info@metaneering.com<\/a><\/div><\/div><nav class=\"ps-footer__links\" aria-label=\"Footer\"><ul><li><a href=\"\/imprint\/\">Imprint<\/a><\/li><li><a href=\"https:\/\/profisaison.com\/it\/privacy-policy\/\">Privacy Policy<\/a><\/li><li><a href=\"\/legal-disclaimer\/\">Legal Disclaimer<\/a><\/li><li><a href=\"https:\/\/profisaison.com\/it\/terms\/\">Terms &#038; Conditions<\/a><\/li><li><a href=\"https:\/\/profisaison.com\/it\/contact\/\">Contact<\/a><\/li><\/ul><\/nav><\/div><div class=\"ps-footer__bottom\">\u00a9 2026 Metaneering S.\u00e0 r.l. \u00b7 Profisaison is a brand of Metaneering S.\u00e0 r.l.\n  <\/div><\/footer>\n\n<div class=\"wp-block-buttons has-custom-font-size has-small-font-size is-content-justification-space-between is-layout-flex wp-container-core-buttons-is-layout-b2891da8 wp-block-buttons-is-layout-flex\">\n<div class=\"wp-block-button has-custom-width wp-block-button__width-100 is-style-outline is-style-outline--2\"><a class=\"wp-block-button__link has-vivid-cyan-blue-color has-text-color has-link-color wp-element-button\" href=\"https:\/\/metaneering.com\/en\/\" target=\"_blank\" rel=\"noopener\">Visita il sito web della nostra azienda qui<\/a><\/div>\n<\/div>\n\n<div style=\"height:100px\" aria-hidden=\"true\" class=\"wp-block-spacer\"><\/div>\n","protected":false},"excerpt":{"rendered":"<p>marchio Sistemi. Strategia. Certezza. Queste tre parole definiscono ci\u00f2 che fa la Metaneering - e ci\u00f2 che Profisaison offre.e cosa offre Profisaison. la posizione Metaneering S.\u00e0 r.l. 16, Avenue PasteurL-2310 LuxembourgGrand Duchy of Luxembourg RCS B275944 \u00b7 TVA LU34903162E-Mail info@metaneering.com Imprint Privacy Policy Legal Disclaimer Terms &#038; Conditions Contact \u00a9 2026 Metaneering S.\u00e0 r.l. \u00b7 [&hellip;]<\/p>\n","protected":false},"author":1,"featured_media":0,"parent":313,"menu_order":0,"comment_status":"closed","ping_status":"closed","template":"","meta":{"_acf_changed":false,"footnotes":""},"class_list":["post-325","page","type-page","status-publish","hentry"],"acf":[],"_hostinger_reach_plugin_has_subscription_block":false,"_hostinger_reach_plugin_is_elementor":false,"_links":{"self":[{"href":"https:\/\/profisaison.com\/it\/wp-json\/wp\/v2\/pages\/325","targetHints":{"allow":["GET"]}}],"collection":[{"href":"https:\/\/profisaison.com\/it\/wp-json\/wp\/v2\/pages"}],"about":[{"href":"https:\/\/profisaison.com\/it\/wp-json\/wp\/v2\/types\/page"}],"author":[{"embeddable":true,"href":"https:\/\/profisaison.com\/it\/wp-json\/wp\/v2\/users\/1"}],"replies":[{"embeddable":true,"href":"https:\/\/profisaison.com\/it\/wp-json\/wp\/v2\/comments?post=325"}],"version-history":[{"count":32,"href":"https:\/\/profisaison.com\/it\/wp-json\/wp\/v2\/pages\/325\/revisions"}],"predecessor-version":[{"id":5427,"href":"https:\/\/profisaison.com\/it\/wp-json\/wp\/v2\/pages\/325\/revisions\/5427"}],"up":[{"embeddable":true,"href":"https:\/\/profisaison.com\/it\/wp-json\/wp\/v2\/pages\/313"}],"wp:attachment":[{"href":"https:\/\/profisaison.com\/it\/wp-json\/wp\/v2\/media?parent=325"}],"curies":[{"name":"wp","href":"https:\/\/api.w.org\/{rel}","templated":true}]}}