{"id":4545,"date":"2026-05-07T15:09:55","date_gmt":"2026-05-07T15:09:55","guid":{"rendered":"https:\/\/profisaison.com\/profisaison-nous-vous-aidons-a-gerer-a-nouveau-votre-sap-real-esatet\/"},"modified":"2026-05-12T17:09:30","modified_gmt":"2026-05-12T17:09:30","slug":"profisaison-nous-vous-aidons-a-gerer-a-nouveau-votre-sap-real-esatet","status":"publish","type":"page","link":"https:\/\/profisaison.com\/fr\/","title":{"rendered":"ProfiSaison - Nous vous aidons \u00e0 g\u00e9rer \u00e0 nouveau votre immobilier SAP\u00ae"},"content":{"rendered":"\n<h2 class=\"wp-block-heading has-text-align-left\"><em>Pour les organisations qui d\u00e9tiennent des portefeuilles (immobiliers) s\u00e9rieux sur SAP RE-FX.<\/em><\/h2>\n\n<div class=\"ps-div-sub\" role=\"separator\" aria-hidden=\"true\"><span class=\"ps-div-sub__line\"><\/span><img src=\"https:\/\/www.pics1.profisaison.com\/assets2\/logos2\/ps03.png\" alt=\"\" class=\"ps-div-sub__icon\" loading=\"lazy\" decoding=\"async\" width=\"22\" height=\"22\"\/><span class=\"ps-div-sub__line ps-div-sub__line--r\"><\/span><\/div><style>.ps-div-sub {\n    display: flex;\n    align-items: center;\n    gap: .9rem;\n    width: 100%;\n    max-width: 520px;\n    margin: 2.25rem auto;\n    padding: 0 1rem;\n    box-sizing: border-box;\n  }\n  .ps-div-sub__line {\n    flex: 1;\n    display: block;\n    height: 1px;\n    opacity: .4;\n    background: linear-gradient(90deg, transparent, #5D8AA8 55%);\n  }\n  .ps-div-sub__line--r {\n    background: linear-gradient(90deg, #5D8AA8, transparent 55%);\n  }\n  .ps-div-sub__icon {\n    width: auto;\n    height: 20px;\n    max-width: 22px;\n    object-fit: contain;\n    opacity: .65;\n    display: block;\n    transition: opacity .35s ease, transform .45s cubic-bezier(.16,1,.3,1);\n  }\n  .ps-div-sub__icon:hover {\n    opacity: 1;\n    transform: rotate(12deg) scale(1.1);\n  }\n  @media (prefers-reduced-motion: reduce) {\n    .ps-div-sub__icon { transition: none; }\n  }\n<\/style>\n\n<h4 class=\"wp-block-heading has-text-align-left\">Et pour les <a href=\"https:\/\/profisaison.com\/fr\/integrateurs-de-systemes-sap-re-fx-est-le-goulot-detranglement-dans-nos-engagements\/\">int\u00e9grateurs de syst\u00e8mes<\/a>, il s&rsquo;agit de vous soutenir, de vous aider \u00e0 gouverner \u00e0 nouveau.<\/h4>\n\n<div class=\"ps-div-sub\" role=\"separator\" aria-hidden=\"true\"><span class=\"ps-div-sub__line\"><\/span><img src=\"https:\/\/www.pics1.profisaison.com\/assets2\/logos2\/ps03.png\" alt=\"\" class=\"ps-div-sub__icon\" loading=\"lazy\" decoding=\"async\" width=\"22\" height=\"22\"\/><span class=\"ps-div-sub__line ps-div-sub__line--r\"><\/span><\/div><style>.ps-div-sub {\n    display: flex;\n    align-items: center;\n    gap: .9rem;\n    width: 100%;\n    max-width: 520px;\n    margin: 2.25rem auto;\n    padding: 0 1rem;\n    box-sizing: border-box;\n  }\n  .ps-div-sub__line {\n    flex: 1;\n    display: block;\n    height: 1px;\n    opacity: .4;\n    background: linear-gradient(90deg, transparent, #5D8AA8 55%);\n  }\n  .ps-div-sub__line--r {\n    background: linear-gradient(90deg, #5D8AA8, transparent 55%);\n  }\n  .ps-div-sub__icon {\n    width: auto;\n    height: 20px;\n    max-width: 22px;\n    object-fit: contain;\n    opacity: .65;\n    display: block;\n    transition: opacity .35s ease, transform .45s cubic-bezier(.16,1,.3,1);\n  }\n  .ps-div-sub__icon:hover {\n    opacity: 1;\n    transform: rotate(12deg) scale(1.1);\n  }\n  @media (prefers-reduced-motion: reduce) {\n    .ps-div-sub__icon { transition: none; }\n  }\n<\/style>\n\n<h3 class=\"wp-block-heading has-text-align-left\"><em>Lequel d\u2019entre eux d\u00e9crit le mieux votre organisation ?<\/em><\/h3>\n\n<div class=\"wp-block-columns is-layout-flex wp-container-core-columns-is-layout-28f84493 wp-block-columns-is-layout-flex\">\n<div class=\"wp-block-column is-layout-flow wp-block-column-is-layout-flow\" style=\"flex-basis:100%\">\n<div class=\"wp-block-group\"><div class=\"wp-block-group__inner-container is-layout-constrained wp-block-group-is-layout-constrained\">\n<div class=\"wp-block-columns is-layout-flex wp-container-core-columns-is-layout-28f84493 wp-block-columns-is-layout-flex\">\n<div class=\"wp-block-column is-vertically-aligned-stretch has-background is-layout-flow wp-block-column-is-layout-flow\" style=\"background-color:#ceb888\">\n<figure class=\"wp-block-image size-medium\" style=\"margin-top:var(--wp--preset--spacing--20);margin-right:var(--wp--preset--spacing--20);margin-bottom:var(--wp--preset--spacing--20);margin-left:var(--wp--preset--spacing--20)\"><a href=\"https:\/\/profisaison.com\/homepage\/real-estate\/\"><img loading=\"lazy\" decoding=\"async\" width=\"300\" height=\"200\" src=\"https:\/\/profisaison.com\/wp-content\/uploads\/2026\/04\/CB669050-C403-4058-A4B5-5FB5BECCDB3F-300x200.png\" alt=\"\" class=\"wp-image-1879\" style=\"aspect-ratio:16\/9;object-fit:cover\" srcset=\"https:\/\/profisaison.com\/wp-content\/uploads\/2026\/04\/CB669050-C403-4058-A4B5-5FB5BECCDB3F-300x200.png 300w, https:\/\/profisaison.com\/wp-content\/uploads\/2026\/04\/CB669050-C403-4058-A4B5-5FB5BECCDB3F-416x277.png 416w, https:\/\/profisaison.com\/wp-content\/uploads\/2026\/04\/CB669050-C403-4058-A4B5-5FB5BECCDB3F-1024x683.png 1024w, https:\/\/profisaison.com\/wp-content\/uploads\/2026\/04\/CB669050-C403-4058-A4B5-5FB5BECCDB3F-768x512.png 768w, https:\/\/profisaison.com\/wp-content\/uploads\/2026\/04\/CB669050-C403-4058-A4B5-5FB5BECCDB3F.png 1536w\" sizes=\"auto, (max-width: 300px) 100vw, 300px\" \/><\/a><\/figure>\n\n\n\n<div class=\"wp-block-group is-vertical is-content-justification-stretch is-layout-flex wp-container-core-group-is-layout-887de842 wp-block-group-is-layout-flex\">\n<h2 class=\"wp-block-heading has-text-align-center\">Soci\u00e9t\u00e9 immobili\u00e8re<\/h2>\n\n\n\n<hr class=\"wp-block-separator has-alpha-channel-opacity\"\/>\n\n\n\n<p class=\"has-text-align-center has-normal-font-size\" style=\"margin-top:var(--wp--preset--spacing--20);margin-right:var(--wp--preset--spacing--30);margin-bottom:var(--wp--preset--spacing--20);margin-left:var(--wp--preset--spacing--30)\">L\u2019immobilier est notre activit\u00e9 principale \u2014 portefeuilles r\u00e9sidentiels, commerciaux, industriels ou mixtes.<br\/>SAP RE-FX prend en charge nos op\u00e9rations : baux, frais de service, cycles de vie des contrats.<\/p>\n\n\n\n<p class=\"has-text-align-center\"><em>\u279d<\/em> <em><strong>Si elle a d\u00e9riv\u00e9, cal\u00e9 ou est devenue opaque,<\/strong><\/em><\/p>\n<\/div>\n\n\n\n<div class=\"wp-block-buttons is-content-justification-center is-layout-flex wp-container-core-buttons-is-layout-1fb448e7 wp-block-buttons-is-layout-flex\">\n<div class=\"wp-block-button\"><a class=\"wp-block-button__link has-white-color has-text-color has-background has-link-color wp-element-button\" href=\"https:\/\/profisaison.com\/homepage\/real-estate\/\" style=\"background-color:#2f1806\">&#8230; <em><strong>Commencez ici.<\/strong><\/em><\/a><\/div>\n<\/div>\n<\/div>\n\n\n\n<div class=\"wp-block-column is-vertically-aligned-stretch has-background is-layout-flow wp-block-column-is-layout-flow\" style=\"background-color:#ceb888\">\n<figure class=\"wp-block-image size-medium\" style=\"margin-top:var(--wp--preset--spacing--20);margin-right:var(--wp--preset--spacing--20);margin-bottom:var(--wp--preset--spacing--20);margin-left:var(--wp--preset--spacing--20)\"><a href=\"https:\/\/profisaison.com\/homepage\/public-real-estate\/\"><img loading=\"lazy\" decoding=\"async\" width=\"300\" height=\"200\" src=\"https:\/\/profisaison.com\/wp-content\/uploads\/2026\/04\/386CA129-CBF9-4342-9645-75B9EAD8A8BF-300x200.png\" alt=\"\" class=\"wp-image-1877\" style=\"aspect-ratio:16\/9;object-fit:cover\" srcset=\"https:\/\/profisaison.com\/wp-content\/uploads\/2026\/04\/386CA129-CBF9-4342-9645-75B9EAD8A8BF-300x200.png 300w, https:\/\/profisaison.com\/wp-content\/uploads\/2026\/04\/386CA129-CBF9-4342-9645-75B9EAD8A8BF-416x277.png 416w, https:\/\/profisaison.com\/wp-content\/uploads\/2026\/04\/386CA129-CBF9-4342-9645-75B9EAD8A8BF-1024x683.png 1024w, https:\/\/profisaison.com\/wp-content\/uploads\/2026\/04\/386CA129-CBF9-4342-9645-75B9EAD8A8BF-768x512.png 768w, https:\/\/profisaison.com\/wp-content\/uploads\/2026\/04\/386CA129-CBF9-4342-9645-75B9EAD8A8BF.png 1536w\" sizes=\"auto, (max-width: 300px) 100vw, 300px\" \/><\/a><\/figure>\n\n\n\n<div class=\"wp-block-group is-vertical is-content-justification-stretch is-layout-flex wp-container-core-group-is-layout-353c4f5a wp-block-group-is-layout-flex\">\n<h2 class=\"wp-block-heading has-text-align-center\">Secteur public<\/h2>\n\n\n\n<hr class=\"wp-block-separator has-alpha-channel-opacity\"\/>\n\n\n\n<p class=\"has-text-align-center has-normal-font-size\" style=\"margin-top:var(--wp--preset--spacing--20);margin-right:var(--wp--preset--spacing--30);margin-bottom:var(--wp--preset--spacing--20);margin-left:var(--wp--preset--spacing--30)\">Nous sommes des bureaux immobiliers gouvernementaux, des entit\u00e9s immobili\u00e8res publiques, des fournisseurs d\u2019infrastructures anciennement privatis\u00e9es. Notre configuration RE-FX rend compte aux r\u00e9gulateurs et aux auditeurs. <\/p>\n\n\n\n<p class=\"has-text-align-center\"><em>\u279d<\/em> <em><strong>Quand le syst\u00e8me ne correspond plus \u00e0 votre fa\u00e7on de travailler,<\/strong><\/em><br\/><\/p>\n<\/div>\n\n\n\n<div class=\"wp-block-buttons is-content-justification-center is-layout-flex wp-container-core-buttons-is-layout-1fb448e7 wp-block-buttons-is-layout-flex\">\n<div class=\"wp-block-button is-style-fill\"><a class=\"wp-block-button__link has-white-color has-text-color has-background has-link-color wp-element-button\" href=\"https:\/\/profisaison.com\/homepage\/public-real-estate\/\" style=\"background-color:#2f1806\">&#8230; <em><strong>Commencez ici.<\/strong><\/em><\/a><\/div>\n<\/div>\n<\/div>\n\n\n\n<div class=\"wp-block-column is-vertically-aligned-stretch has-background is-layout-flow wp-block-column-is-layout-flow\" style=\"background-color:#ceb888\">\n<figure class=\"wp-block-image size-medium\" style=\"margin-top:var(--wp--preset--spacing--20);margin-right:var(--wp--preset--spacing--20);margin-bottom:var(--wp--preset--spacing--20);margin-left:var(--wp--preset--spacing--20)\"><a href=\"https:\/\/profisaison.com\/homepage\/corporate-real-estate\/\"><img loading=\"lazy\" decoding=\"async\" width=\"300\" height=\"200\" src=\"https:\/\/profisaison.com\/wp-content\/uploads\/2026\/04\/E9DE73E7-2E60-40F5-9579-66C88BF21B3F-300x200.png\" alt=\"\" class=\"wp-image-1878\" style=\"aspect-ratio:16\/9;object-fit:cover\" srcset=\"https:\/\/profisaison.com\/wp-content\/uploads\/2026\/04\/E9DE73E7-2E60-40F5-9579-66C88BF21B3F-300x200.png 300w, https:\/\/profisaison.com\/wp-content\/uploads\/2026\/04\/E9DE73E7-2E60-40F5-9579-66C88BF21B3F-416x277.png 416w, https:\/\/profisaison.com\/wp-content\/uploads\/2026\/04\/E9DE73E7-2E60-40F5-9579-66C88BF21B3F-1024x683.png 1024w, https:\/\/profisaison.com\/wp-content\/uploads\/2026\/04\/E9DE73E7-2E60-40F5-9579-66C88BF21B3F-768x512.png 768w, https:\/\/profisaison.com\/wp-content\/uploads\/2026\/04\/E9DE73E7-2E60-40F5-9579-66C88BF21B3F.png 1536w\" sizes=\"auto, (max-width: 300px) 100vw, 300px\" \/><\/a><\/figure>\n\n\n\n<div class=\"wp-block-group is-vertical is-content-justification-stretch is-layout-flex wp-container-core-group-is-layout-e9e70883 wp-block-group-is-layout-flex\">\n<h2 class=\"wp-block-heading has-text-align-center\">Entreprise<\/h2>\n\n\n\n<hr class=\"wp-block-separator has-alpha-channel-opacity\"\/>\n\n\n\n<p class=\"has-text-align-center has-normal-font-size\" style=\"margin-top:var(--wp--preset--spacing--20);margin-right:var(--wp--preset--spacing--30);margin-bottom:var(--wp--preset--spacing--20);margin-left:var(--wp--preset--spacing--30)\">Notre activit\u00e9 principale n&rsquo;est pas l&rsquo;immobilier - mais nous g\u00e9rons un portefeuille immobilier<br\/>important pour les op\u00e9rations, les locations ou l&rsquo;IFRS 16.<br\/>RE-FX est li\u00e9 \u00e0 notre reporting financier plus large.<\/p>\n\n\n\n<p class=\"has-text-align-center has-normal-font-size\" style=\"margin-top:var(--wp--preset--spacing--40);margin-right:var(--wp--preset--spacing--20);margin-bottom:var(--wp--preset--spacing--40);margin-left:var(--wp--preset--spacing--20)\"><em>\u279d<\/em> <em><strong>Quand il se comporte comme une bo\u00eete noire<\/strong><\/em>,<\/p>\n<\/div>\n\n\n\n<div class=\"wp-block-buttons is-content-justification-center is-layout-flex wp-container-core-buttons-is-layout-1fb448e7 wp-block-buttons-is-layout-flex\">\n<div class=\"wp-block-button\"><a class=\"wp-block-button__link has-white-color has-text-color has-background has-link-color wp-element-button\" href=\"https:\/\/profisaison.com\/homepage\/corporate-real-estate\/\" style=\"background-color:#2f1806\">&#8230; <em><strong>Commencez ici.<\/strong><\/em><\/a><\/div>\n<\/div>\n<\/div>\n<\/div>\n<\/div><\/div>\n<\/div>\n<\/div>\n\n<div class=\"ps-div-main\" role=\"separator\" aria-hidden=\"true\"><span class=\"ps-div-main__line\"><\/span><img src=\"https:\/\/www.pics1.profisaison.com\/assets2\/logos2\/ps01.png\" alt=\"\" class=\"ps-div-main__ticket\" loading=\"lazy\" decoding=\"async\" width=\"130\" height=\"28\"\/><span class=\"ps-div-main__line ps-div-main__line--r\"><\/span><\/div><style>.ps-div-main {\n    display: flex;\n    align-items: center;\n    gap: 1.25rem;\n    width: 100%;\n    max-width: 720px;\n    margin: 3.5rem auto;\n    padding: 0 1rem;\n    box-sizing: border-box;\n  }\n  .ps-div-main__line {\n    flex: 1;\n    display: block;\n    height: 2px;\n    opacity: .55;\n    border-radius: 1px;\n    background: linear-gradient(90deg, transparent, #5D8AA8 55%);\n  }\n  .ps-div-main__line--r {\n    background: linear-gradient(90deg, #5D8AA8, transparent 55%);\n  }\n  .ps-div-main__ticket {\n    width: auto;\n    height: 28px;\n    max-width: 130px;\n    object-fit: contain;\n    opacity: .8;\n    display: block;\n    transition: opacity .35s ease, transform .45s cubic-bezier(.16,1,.3,1);\n  }\n  .ps-div-main__ticket:hover {\n    opacity: 1;\n    transform: translateY(-1px) rotate(-1.5deg);\n  }\n  @media (prefers-reduced-motion: reduce) {\n    .ps-div-main__ticket { transition: none; }\n  }\n<\/style>\n\n<h2 class=\"wp-block-heading has-text-align-left\"><em>Pour les int\u00e9grateurs de syst\u00e8mes<\/em><\/h2>\n\n<h3 class=\"wp-block-heading\">Expertise senior - r\u00e9servation flexible et objectif polyvalent.<\/h3>\n\n<p class=\"has-text-align-left\" id=\"systemintegrator01\"> <em> Deux fa\u00e7ons de livrer nos promesses<\/em> :<\/p>\n\n<div class=\"wp-block-group is-nowrap is-layout-flex wp-container-core-group-is-layout-6c531013 wp-block-group-is-layout-flex\"><\/div>\n\n<div class=\"wp-block-columns is-layout-flex wp-container-core-columns-is-layout-28f84493 wp-block-columns-is-layout-flex\">\n<div class=\"wp-block-column is-vertically-aligned-stretch has-cyan-bluish-gray-background-color has-background is-layout-flow wp-block-column-is-layout-flow\">\n<figure class=\"wp-block-image size-large is-style-default wp-duotone-unset-1\" style=\"margin-top:var(--wp--preset--spacing--20);margin-right:var(--wp--preset--spacing--20);margin-bottom:var(--wp--preset--spacing--20);margin-left:var(--wp--preset--spacing--20)\"><a href=\"https:\/\/profisaison.com\/homepage\/s-integrators\/\"><img loading=\"lazy\" decoding=\"async\" width=\"1024\" height=\"683\" src=\"https:\/\/profisaison.com\/wp-content\/uploads\/2026\/04\/olbs-1024x683.png\" alt=\"\" class=\"wp-image-2363\" style=\"aspect-ratio:16\/9;object-fit:cover\" srcset=\"https:\/\/profisaison.com\/wp-content\/uploads\/2026\/04\/olbs-1024x683.png 1024w, https:\/\/profisaison.com\/wp-content\/uploads\/2026\/04\/olbs-416x277.png 416w, https:\/\/profisaison.com\/wp-content\/uploads\/2026\/04\/olbs-300x200.png 300w, https:\/\/profisaison.com\/wp-content\/uploads\/2026\/04\/olbs-768x512.png 768w, https:\/\/profisaison.com\/wp-content\/uploads\/2026\/04\/olbs.png 1536w\" sizes=\"auto, (max-width: 1024px) 100vw, 1024px\" \/><\/a><\/figure>\n\n\n\n<h3 class=\"wp-block-heading has-text-align-center\"><strong>Capacit\u00e9 d\u2019appel d\u2019offres<\/strong><\/h3>\n\n\n\n<p class=\"has-text-align-center\" style=\"margin-top:var(--wp--preset--spacing--40);margin-right:var(--wp--preset--spacing--40);margin-bottom:var(--wp--preset--spacing--40);margin-left:var(--wp--preset--spacing--40)\"><em>\u00ab\u00a0Un expert RE-FX dans notre \u00e9quipe d&rsquo;appel d&rsquo;offres, <strong>optionnellement<\/strong> list\u00e9 dans la proposition, et pr\u00e9sent dans les r\u00e9unions, travaillant sous le nom de notre soci\u00e9t\u00e9\u00a0\u00bb.<\/em><br\/><\/p>\n\n\n\n<p class=\"has-text-align-center\" style=\"margin-top:var(--wp--preset--spacing--40);margin-right:var(--wp--preset--spacing--40);margin-bottom:var(--wp--preset--spacing--40);margin-left:var(--wp--preset--spacing--40)\">Quand l\u2019appel d\u2019offres exige de l\u2019exp\u00e9rience en RE-FX, votre \u00e9quipe ne poss\u00e8de pas de contrat.<\/p>\n\n\n\n<div class=\"wp-block-buttons is-content-justification-center is-layout-flex wp-container-core-buttons-is-layout-1fb448e7 wp-block-buttons-is-layout-flex\">\n<div class=\"wp-block-button has-custom-width wp-block-button__width-100 is-style-fill\"><a class=\"wp-block-button__link has-background wp-element-button\" href=\"https:\/\/profisaison.com\/fr\/integrateurs-de-systemes-sap-re-fx-est-le-goulot-detranglement-dans-nos-engagements\/\" style=\"background-color:#ceb888\">Montrez-nous comment cela fonctionne \u2192<\/a><\/div>\n<\/div>\n<\/div>\n\n\n\n<div class=\"wp-block-column is-vertically-aligned-stretch has-cyan-bluish-gray-background-color has-background is-layout-flow wp-block-column-is-layout-flow\">\n<figure class=\"wp-block-image size-large is-style-default wp-duotone-unset-2\" style=\"margin-top:var(--wp--preset--spacing--20);margin-right:var(--wp--preset--spacing--20);margin-bottom:var(--wp--preset--spacing--20);margin-left:var(--wp--preset--spacing--20)\"><a href=\"https:\/\/profisaison.com\/homepage\/s-integrators\/\"><img loading=\"lazy\" decoding=\"async\" width=\"1024\" height=\"683\" src=\"https:\/\/profisaison.com\/wp-content\/uploads\/2026\/04\/olct-1024x683.png\" alt=\"\" class=\"wp-image-2362\" style=\"aspect-ratio:16\/9;object-fit:cover\" srcset=\"https:\/\/profisaison.com\/wp-content\/uploads\/2026\/04\/olct-1024x683.png 1024w, https:\/\/profisaison.com\/wp-content\/uploads\/2026\/04\/olct-416x277.png 416w, https:\/\/profisaison.com\/wp-content\/uploads\/2026\/04\/olct-300x200.png 300w, https:\/\/profisaison.com\/wp-content\/uploads\/2026\/04\/olct-768x512.png 768w, https:\/\/profisaison.com\/wp-content\/uploads\/2026\/04\/olct.png 1536w\" sizes=\"auto, (max-width: 1024px) 100vw, 1024px\" \/><\/a><\/figure>\n\n\n\n<h3 class=\"wp-block-heading has-text-align-center\"><strong>Capacit\u00e9 pour les projets<\/strong><\/h3>\n\n\n\n<p class=\"has-text-align-center\" style=\"margin-top:var(--wp--preset--spacing--40);margin-right:var(--wp--preset--spacing--40);margin-bottom:var(--wp--preset--spacing--40);margin-left:var(--wp--preset--spacing--40)\"><em>\u00ab\u00a0Notre sp\u00e9cialiste RE-FX travaille dans le cadre de notre champ d&rsquo;application et de notre contrat. Nous lui fournissons l&rsquo;itin\u00e9raire et il n&rsquo;interf\u00e8re pas avec le client sans notre consentement.\u00a0\u00bb <\/em><\/p>\n\n\n\n<p class=\"has-text-align-center\" style=\"margin-top:var(--wp--preset--spacing--40);margin-right:var(--wp--preset--spacing--40);margin-bottom:var(--wp--preset--spacing--40);margin-left:var(--wp--preset--spacing--40)\">Quand RE-FX est le goulot d\u2019\u00e9tranglement d\u2019une livraison \u2014 et que le contrat reste \u00e0 vous.<\/p>\n\n\n\n<div class=\"wp-block-buttons is-content-justification-center is-layout-flex wp-container-core-buttons-is-layout-1fb448e7 wp-block-buttons-is-layout-flex\">\n<div class=\"wp-block-button has-custom-width wp-block-button__width-100 is-style-fill\"><a class=\"wp-block-button__link has-background wp-element-button\" href=\"https:\/\/profisaison.com\/fr\/integrateurs-de-systemes-sap-re-fx-est-le-goulot-detranglement-dans-nos-engagements\/\" style=\"background-color:#ceb888\">Montrez-nous comment cela fonctionne \u2192<\/a><\/div>\n<\/div>\n<\/div>\n<\/div>\n\n<div class=\"ps-div-sub\" role=\"separator\" aria-hidden=\"true\"><span class=\"ps-div-sub__line\"><\/span><img src=\"https:\/\/www.pics1.profisaison.com\/assets2\/logos2\/ps03.png\" alt=\"\" class=\"ps-div-sub__icon\" loading=\"lazy\" decoding=\"async\" width=\"22\" height=\"22\"\/><span class=\"ps-div-sub__line ps-div-sub__line--r\"><\/span><\/div><style>.ps-div-sub {\n    display: flex;\n    align-items: center;\n    gap: .9rem;\n    width: 100%;\n    max-width: 520px;\n    margin: 2.25rem auto;\n    padding: 0 1rem;\n    box-sizing: border-box;\n  }\n  .ps-div-sub__line {\n    flex: 1;\n    display: block;\n    height: 1px;\n    opacity: .4;\n    background: linear-gradient(90deg, transparent, #5D8AA8 55%);\n  }\n  .ps-div-sub__line--r {\n    background: linear-gradient(90deg, #5D8AA8, transparent 55%);\n  }\n  .ps-div-sub__icon {\n    width: auto;\n    height: 20px;\n    max-width: 22px;\n    object-fit: contain;\n    opacity: .65;\n    display: block;\n    transition: opacity .35s ease, transform .45s cubic-bezier(.16,1,.3,1);\n  }\n  .ps-div-sub__icon:hover {\n    opacity: 1;\n    transform: rotate(12deg) scale(1.1);\n  }\n  @media (prefers-reduced-motion: reduce) {\n    .ps-div-sub__icon { transition: none; }\n  }\n<\/style>\n\n<div style=\"height:100px\" aria-hidden=\"true\" class=\"wp-block-spacer\"><\/div>\n\n<div style=\"height:100px\" aria-hidden=\"true\" class=\"wp-block-spacer\"><\/div>\n","protected":false},"excerpt":{"rendered":"<p>Pour les organisations qui d\u00e9tiennent des portefeuilles (immobiliers) s\u00e9rieux sur SAP RE-FX. Et pour les int\u00e9grateurs de syst\u00e8mes, il s&rsquo;agit de vous soutenir, de vous aider \u00e0 gouverner \u00e0 nouveau. Lequel d\u2019entre eux d\u00e9crit le mieux votre organisation ? Soci\u00e9t\u00e9 immobili\u00e8re L\u2019immobilier est notre activit\u00e9 principale \u2014 portefeuilles r\u00e9sidentiels, commerciaux, industriels ou mixtes.SAP RE-FX prend [&hellip;]<\/p>\n","protected":false},"author":1,"featured_media":0,"parent":0,"menu_order":0,"comment_status":"closed","ping_status":"closed","template":"","meta":{"_acf_changed":false,"footnotes":""},"class_list":["post-4545","page","type-page","status-publish","hentry"],"acf":[],"_hostinger_reach_plugin_has_subscription_block":false,"_hostinger_reach_plugin_is_elementor":false,"_links":{"self":[{"href":"https:\/\/profisaison.com\/fr\/wp-json\/wp\/v2\/pages\/4545","targetHints":{"allow":["GET"]}}],"collection":[{"href":"https:\/\/profisaison.com\/fr\/wp-json\/wp\/v2\/pages"}],"about":[{"href":"https:\/\/profisaison.com\/fr\/wp-json\/wp\/v2\/types\/page"}],"author":[{"embeddable":true,"href":"https:\/\/profisaison.com\/fr\/wp-json\/wp\/v2\/users\/1"}],"replies":[{"embeddable":true,"href":"https:\/\/profisaison.com\/fr\/wp-json\/wp\/v2\/comments?post=4545"}],"version-history":[{"count":13,"href":"https:\/\/profisaison.com\/fr\/wp-json\/wp\/v2\/pages\/4545\/revisions"}],"predecessor-version":[{"id":5618,"href":"https:\/\/profisaison.com\/fr\/wp-json\/wp\/v2\/pages\/4545\/revisions\/5618"}],"wp:attachment":[{"href":"https:\/\/profisaison.com\/fr\/wp-json\/wp\/v2\/media?parent=4545"}],"curies":[{"name":"wp","href":"https:\/\/api.w.org\/{rel}","templated":true}]}}