{"id":3586,"date":"2026-04-19T16:29:53","date_gmt":"2026-04-19T16:29:53","guid":{"rendered":"https:\/\/profisaison.com\/profisaison-elevating-your-sap-re-fx-effectiveness\/le-traitement-de-notre-bail-ne-fonctionne-pas-comme-il-le-devrait-et-nous-ne-pouvons-pas-en-determiner-precisement\/"},"modified":"2026-05-11T21:27:53","modified_gmt":"2026-05-11T21:27:53","slug":"le-traitement-de-notre-bail-ne-fonctionne-pas-comme-il-le-devrait-et-nous-ne-pouvons-pas-en-determiner-precisement","status":"publish","type":"page","link":"https:\/\/profisaison.com\/fr\/profisaison-nous-vous-aidons-a-gerer-a-nouveau-votre-sap-real-esatet\/le-traitement-de-notre-bail-ne-fonctionne-pas-comme-il-le-devrait-et-nous-ne-pouvons-pas-en-determiner-precisement\/","title":{"rendered":"Le traitement de notre bail ne fonctionne pas comme il le devrait \u2014 et nous ne pouvons pas en d\u00e9terminer pr\u00e9cis\u00e9ment."},"content":{"rendered":"\n<div class=\"wp-block-group\"><div class=\"wp-block-group__inner-container is-layout-constrained wp-block-group-is-layout-constrained\">\n<div class=\"wp-block-group is-nowrap is-layout-flex wp-container-core-group-is-layout-6c531013 wp-block-group-is-layout-flex\">\n<blockquote class=\"wp-block-quote is-layout-flow wp-block-quote-is-layout-flow\">\n<div class=\"wp-block-group is-content-justification-left is-nowrap is-layout-flex wp-container-core-group-is-layout-fc9f69e7 wp-block-group-is-layout-flex\">\n<figure class=\"wp-block-image size-thumbnail is-resized is-style-default\"><img loading=\"lazy\" decoding=\"async\" width=\"150\" height=\"150\" src=\"https:\/\/profisaison.com\/wp-content\/uploads\/2026\/04\/E9DE73E7-2E60-40F5-9579-66C88BF21B3F-2-150x150.png\" alt=\"\" class=\"wp-image-1882\" style=\"aspect-ratio:1;object-fit:cover;width:211px;height:auto\" srcset=\"https:\/\/profisaison.com\/wp-content\/uploads\/2026\/04\/E9DE73E7-2E60-40F5-9579-66C88BF21B3F-2-150x150.png 150w, https:\/\/profisaison.com\/wp-content\/uploads\/2026\/04\/E9DE73E7-2E60-40F5-9579-66C88BF21B3F-2-324x324.png 324w, https:\/\/profisaison.com\/wp-content\/uploads\/2026\/04\/E9DE73E7-2E60-40F5-9579-66C88BF21B3F-2-100x100.png 100w\" sizes=\"auto, (max-width: 150px) 100vw, 150px\" \/><\/figure>\n\n\n\n<h2 class=\"wp-block-heading\">Pour les entreprises g\u00e9rant leur propre portefeuille immobilier.<\/h2>\n<\/div>\n<\/blockquote>\n<\/div>\n<\/div><\/div>\n\n<div class=\"ps-spacer\" aria-hidden=\"true\"><\/div><style>.ps-spacer { height: 4rem; }\n<\/style>\n\n<h3 class=\"wp-block-heading\"><em>Est-ce que tout cela vous dit quelque chose ?<\/em><\/h3>\n\n<div class=\"ps-div-sub\" role=\"separator\" aria-hidden=\"true\"><span class=\"ps-div-sub__line\"><\/span><img src=\"https:\/\/www.pics1.profisaison.com\/assets2\/logos2\/ps03.png\" alt=\"\" class=\"ps-div-sub__icon\" loading=\"lazy\" decoding=\"async\" width=\"22\" height=\"22\"\/><span class=\"ps-div-sub__line ps-div-sub__line--r\"><\/span><\/div><style>.ps-div-sub {\n    display: flex;\n    align-items: center;\n    gap: .9rem;\n    width: 100%;\n    max-width: 520px;\n    margin: 2.25rem auto;\n    padding: 0 1rem;\n    box-sizing: border-box;\n  }\n  .ps-div-sub__line {\n    flex: 1;\n    display: block;\n    height: 1px;\n    opacity: .4;\n    background: linear-gradient(90deg, transparent, #5D8AA8 55%);\n  }\n  .ps-div-sub__line--r {\n    background: linear-gradient(90deg, #5D8AA8, transparent 55%);\n  }\n  .ps-div-sub__icon {\n    width: auto;\n    height: 20px;\n    max-width: 22px;\n    object-fit: contain;\n    opacity: .65;\n    display: block;\n    transition: opacity .35s ease, transform .45s cubic-bezier(.16,1,.3,1);\n  }\n  .ps-div-sub__icon:hover {\n    opacity: 1;\n    transform: rotate(12deg) scale(1.1);\n  }\n  @media (prefers-reduced-motion: reduce) {\n    .ps-div-sub__icon { transition: none; }\n  }\n<\/style>\n\n<h3 class=\"wp-block-heading\" style=\"margin-top:var(--wp--preset--spacing--40);margin-bottom:var(--wp--preset--spacing--40)\">1. Nos IFRS semblaient correctes. D\u00e9sormais, chaque fermeture de fin de mois est un risque. <\/h3>\n\n<details class=\"wp-block-details has-medium-font-size is-layout-flow wp-container-core-details-is-layout-5dafc681 wp-block-details-is-layout-flow\"><summary>L&rsquo;\u00e9valuation de fin de mois d\u00e9clenche des messages que nous tra\u00e7ons pendant des heures. Parfois, il s&rsquo;agit de la d\u00e9pr\u00e9ciation, parfois d&rsquo;une norme comptable locale erron\u00e9e - et le service financier attend. <\/summary>\n<p>Chaque mois, l&rsquo;\u00e9valuation produit des messages que nous retra\u00e7ons pendant des heures. Parfois, il s&rsquo;agit d&rsquo;un amortissement qui n&rsquo;a pas eu lieu, parfois d&rsquo;un contrat de location trop complexe, qui a tendance \u00e0 rester bloqu\u00e9 dans le syst\u00e8me et qui, au minimum, provoque des erreurs d&rsquo;arrondi. Mais le r\u00e9sultat est le m\u00eame dans tous les cas : le compte collectif n&rsquo;est jamais \u00e0 z\u00e9ro&#8230; Nous avons presque dress\u00e9 une liste personnelle des contrats auxquels nous ne touchons pas. Le service financier demande pourquoi le passif du contrat de location a \u00e9t\u00e9 modifi\u00e9 de plusieurs dizaines de milliers d&rsquo;euros, et nous lui r\u00e9pondons qu&rsquo;il est en cours d&rsquo;examen.<\/p>\n\n\n\n<div class=\"wp-block-buttons alignwide is-content-justification-center is-layout-flex wp-container-core-buttons-is-layout-a89b3969 wp-block-buttons-is-layout-flex\">\n<div class=\"wp-block-button has-custom-width wp-block-button__width-50 is-style-outline is-style-outline--1\"><a class=\"wp-block-button__link has-vivid-cyan-blue-color has-white-background-color has-text-color has-background has-link-color wp-element-button\" href=\"https:\/\/profisaison.com\/fr\/profisaison-nous-vous-aidons-a-gerer-a-nouveau-votre-sap-real-esatet\/le-traitement-de-notre-bail-ne-fonctionne-pas-comme-il-le-devrait-et-nous-ne-pouvons-pas-en-determiner-precisement\/maintenant-chacune-de-nos-fermetures-de-fin-de-mois-est-un-risque-bilan-de-sante-systeme-pour-les-entreprises\/\">Ce que cela signifie g\u00e9n\u00e9ralement \u2192<\/a><\/div>\n<\/div>\n\n\n\n<p class=\"has-text-align-center has-normal-font-size\"><em>(cette section est accessible \u00e0 tous les utilisateurs)<\/em><\/p>\n<\/details>\n\n<div class=\"ps-div-sub\" role=\"separator\" aria-hidden=\"true\"><span class=\"ps-div-sub__line\"><\/span><img src=\"https:\/\/www.pics1.profisaison.com\/assets2\/logos2\/ps03.png\" alt=\"\" class=\"ps-div-sub__icon\" loading=\"lazy\" decoding=\"async\" width=\"22\" height=\"22\"\/><span class=\"ps-div-sub__line ps-div-sub__line--r\"><\/span><\/div><style>.ps-div-sub {\n    display: flex;\n    align-items: center;\n    gap: .9rem;\n    width: 100%;\n    max-width: 520px;\n    margin: 2.25rem auto;\n    padding: 0 1rem;\n    box-sizing: border-box;\n  }\n  .ps-div-sub__line {\n    flex: 1;\n    display: block;\n    height: 1px;\n    opacity: .4;\n    background: linear-gradient(90deg, transparent, #5D8AA8 55%);\n  }\n  .ps-div-sub__line--r {\n    background: linear-gradient(90deg, #5D8AA8, transparent 55%);\n  }\n  .ps-div-sub__icon {\n    width: auto;\n    height: 20px;\n    max-width: 22px;\n    object-fit: contain;\n    opacity: .65;\n    display: block;\n    transition: opacity .35s ease, transform .45s cubic-bezier(.16,1,.3,1);\n  }\n  .ps-div-sub__icon:hover {\n    opacity: 1;\n    transform: rotate(12deg) scale(1.1);\n  }\n  @media (prefers-reduced-motion: reduce) {\n    .ps-div-sub__icon { transition: none; }\n  }\n<\/style>\n\n<h3 class=\"wp-block-heading\" style=\"margin-top:var(--wp--preset--spacing--40);margin-bottom:var(--wp--preset--spacing--40)\">2. Nous sommes coinc\u00e9s. Maintenant. <\/h3>\n\n<details class=\"wp-block-details has-medium-font-size is-layout-flow wp-container-core-details-is-layout-5dafc681 wp-block-details-is-layout-flow\"><summary>Un projet, une migration ou une d\u00e9cision op\u00e9rationnelle a cess\u00e9 d\u2019avancer \u2014 et chaque semaine d\u2019attente rend l\u2019\u00e9tape suivante plus co\u00fbteuse.<\/summary>\n<p>Ce n\u2019est pas que nous ne savons pas quoi faire. C\u2019est que chaque chemin \u00e0 suivre n\u00e9cessite une d\u00e9cision que personne ne veut faire. L\u2019\u00e9quipe assure les op\u00e9rations quotidiennes ainsi que trois initiatives \u00e0 moiti\u00e9 lanc\u00e9es. Les escalades reviennent avec \u00ab discutons du prochain trimestre \u00bb. Pendant ce temps, le probl\u00e8me qui a d\u00e9clench\u00e9 cela reste ouvert, nous co\u00fbte encore cher, et attends toujours que quelqu\u2019un d\u00e9cide.    <\/p>\n\n\n\n<div class=\"wp-block-buttons is-content-justification-center is-layout-flex wp-container-core-buttons-is-layout-1fb448e7 wp-block-buttons-is-layout-flex\">\n<div class=\"wp-block-button has-custom-width wp-block-button__width-50 is-style-outline is-style-outline--2\"><a class=\"wp-block-button__link has-luminous-vivid-orange-color has-white-background-color has-text-color has-background has-link-color wp-element-button\" href=\"https:\/\/profisaison.com\/fr\/operateurs-sap-re-fx-cette-page-est-pour-nous\/jour-fixe-la-gouvernance-de-projet-ne-necessite-pas-une-presence-permanente\/\">Comment redonner de la v\u00e9locit\u00e9 \u00e0 votre projet\u2192 Comment redonner de la v\u00e9locit\u00e9 \u00e0 votre projet\u2192 comment redonner de la v\u00e9locit\u00e9 \u00e0 votre projet<\/a><\/div>\n<\/div>\n\n\n\n<p class=\"has-text-align-center\"><em>(pour les utilisateurs enregistr\u00e9s. Si vous n&rsquo;\u00eates pas encore inscrit,<\/em><br\/><em>vous pouvez <a href=\"https:\/\/profisaison.com\/my-account\/\" data-type=\"link\" data-id=\"https:\/\/profisaison.com\/my-account\/\"><mark style=\"background-color:rgba(0, 0, 0, 0)\" class=\"has-inline-color has-luminous-vivid-orange-color\">vous inscrire en tant qu&rsquo;op\u00e9rateur<\/mark><\/a>.)<\/em><\/p>\n<\/details>\n\n<div class=\"ps-div-sub\" role=\"separator\" aria-hidden=\"true\"><span class=\"ps-div-sub__line\"><\/span><img src=\"https:\/\/www.pics1.profisaison.com\/assets2\/logos2\/ps03.png\" alt=\"\" class=\"ps-div-sub__icon\" loading=\"lazy\" decoding=\"async\" width=\"22\" height=\"22\"\/><span class=\"ps-div-sub__line ps-div-sub__line--r\"><\/span><\/div><style>.ps-div-sub {\n    display: flex;\n    align-items: center;\n    gap: .9rem;\n    width: 100%;\n    max-width: 520px;\n    margin: 2.25rem auto;\n    padding: 0 1rem;\n    box-sizing: border-box;\n  }\n  .ps-div-sub__line {\n    flex: 1;\n    display: block;\n    height: 1px;\n    opacity: .4;\n    background: linear-gradient(90deg, transparent, #5D8AA8 55%);\n  }\n  .ps-div-sub__line--r {\n    background: linear-gradient(90deg, #5D8AA8, transparent 55%);\n  }\n  .ps-div-sub__icon {\n    width: auto;\n    height: 20px;\n    max-width: 22px;\n    object-fit: contain;\n    opacity: .65;\n    display: block;\n    transition: opacity .35s ease, transform .45s cubic-bezier(.16,1,.3,1);\n  }\n  .ps-div-sub__icon:hover {\n    opacity: 1;\n    transform: rotate(12deg) scale(1.1);\n  }\n  @media (prefers-reduced-motion: reduce) {\n    .ps-div-sub__icon { transition: none; }\n  }\n<\/style>\n\n<h3 class=\"wp-block-heading\" style=\"margin-top:var(--wp--preset--spacing--50);margin-bottom:var(--wp--preset--spacing--50)\">2. Notre maison Key-RE-FX part bient\u00f4t.<\/h3>\n\n<details class=\"wp-block-details has-medium-font-size is-layout-flow wp-container-core-details-is-layout-5dafc681 wp-block-details-is-layout-flow\"><summary>Des personnes cl\u00e9s vont partir dans les 6 prochains mois. Leurs connaissances ne sont pas document\u00e9es. Nous avons le temps, mais pas de plan.  <\/summary>\n<p>Deux ou trois personnes d\u00e9tiennent la m\u00e9moire de travail de notre syst\u00e8me RE-FX. Ils savent quels types de conditions s\u2019activent et quand, quelles solutions existent parce qu\u2019une migration a laiss\u00e9 quelque chose de cass\u00e9, pourquoi la structure des centres de co\u00fbts comporte trois exceptions. Quand ils partent, cette connaissance leur part \u2014 car elle n\u2019a jamais \u00e9t\u00e9 \u00e9crite, et nous ne sommes pas s\u00fbrs de pouvoir l\u2019extraire m\u00eame en essayant.  <\/p>\n\n\n\n<div class=\"wp-block-buttons is-content-justification-center is-layout-flex wp-container-core-buttons-is-layout-1fb448e7 wp-block-buttons-is-layout-flex\">\n<div class=\"wp-block-button has-custom-width wp-block-button__width-50 is-style-outline is-style-outline--3\"><a class=\"wp-block-button__link has-white-background-color has-text-color has-background has-link-color wp-element-button\" href=\"https:\/\/profisaison.com\/fr\/operateurs-sap-re-fx-cette-page-est-pour-nous\/transfert-de-connaissances-lengagement-le-plus-complet-que-nous-faisons\/\" style=\"color:#ceb888\">\u00c0 quoi ressemble un transfert de syst\u00e8me efficace ou une conservation des connaissances \u2192<\/a><\/div>\n<\/div>\n\n\n\n<p class=\"has-text-align-center has-medium-font-size\"><em>(pour les utilisateurs enregistr\u00e9s. Si vous n&rsquo;\u00eates pas encore enregistr\u00e9,<\/em><br\/><em>vous pouvez <a href=\"https:\/\/profisaison.com\/my-account\/\" data-type=\"link\" data-id=\"https:\/\/profisaison.com\/my-account\/\">vous inscrire en tant qu&rsquo;op\u00e9rateur<\/a>).<\/em><\/p>\n<\/details>\n\n<div class=\"ps-div-main\" role=\"separator\" aria-hidden=\"true\"><span class=\"ps-div-main__line\"><\/span><img src=\"https:\/\/www.pics1.profisaison.com\/assets2\/logos2\/ps01.png\" alt=\"\" class=\"ps-div-main__ticket\" loading=\"lazy\" decoding=\"async\" width=\"130\" height=\"28\"\/><span class=\"ps-div-main__line ps-div-main__line--r\"><\/span><\/div><style>.ps-div-main {\n    display: flex;\n    align-items: center;\n    gap: 1.25rem;\n    width: 100%;\n    max-width: 720px;\n    margin: 3.5rem auto;\n    padding: 0 1rem;\n    box-sizing: border-box;\n  }\n  .ps-div-main__line {\n    flex: 1;\n    display: block;\n    height: 2px;\n    opacity: .55;\n    border-radius: 1px;\n    background: linear-gradient(90deg, transparent, #5D8AA8 55%);\n  }\n  .ps-div-main__line--r {\n    background: linear-gradient(90deg, #5D8AA8, transparent 55%);\n  }\n  .ps-div-main__ticket {\n    width: auto;\n    height: 28px;\n    max-width: 130px;\n    object-fit: contain;\n    opacity: .8;\n    display: block;\n    transition: opacity .35s ease, transform .45s cubic-bezier(.16,1,.3,1);\n  }\n  .ps-div-main__ticket:hover {\n    opacity: 1;\n    transform: translateY(-1px) rotate(-1.5deg);\n  }\n  @media (prefers-reduced-motion: reduce) {\n    .ps-div-main__ticket { transition: none; }\n  }\n<\/style>\n\n<div style=\"height:100px\" aria-hidden=\"true\" class=\"wp-block-spacer\"><\/div>\n\n<div style=\"height:100px\" aria-hidden=\"true\" class=\"wp-block-spacer\"><\/div>\n","protected":false},"excerpt":{"rendered":"<p>Pour les entreprises g\u00e9rant leur propre portefeuille immobilier. Est-ce que tout cela vous dit quelque chose ? 1. Nos IFRS semblaient correctes. D\u00e9sormais, chaque fermeture de fin de mois est un risque. 2. Nous sommes coinc\u00e9s. Maintenant. 2. Notre maison Key-RE-FX part bient\u00f4t.<\/p>\n","protected":false},"author":1,"featured_media":0,"parent":4545,"menu_order":0,"comment_status":"closed","ping_status":"closed","template":"","meta":{"_acf_changed":false,"footnotes":""},"class_list":["post-3586","page","type-page","status-publish","hentry"],"acf":[],"_hostinger_reach_plugin_has_subscription_block":false,"_hostinger_reach_plugin_is_elementor":false,"_links":{"self":[{"href":"https:\/\/profisaison.com\/fr\/wp-json\/wp\/v2\/pages\/3586","targetHints":{"allow":["GET"]}}],"collection":[{"href":"https:\/\/profisaison.com\/fr\/wp-json\/wp\/v2\/pages"}],"about":[{"href":"https:\/\/profisaison.com\/fr\/wp-json\/wp\/v2\/types\/page"}],"author":[{"embeddable":true,"href":"https:\/\/profisaison.com\/fr\/wp-json\/wp\/v2\/users\/1"}],"replies":[{"embeddable":true,"href":"https:\/\/profisaison.com\/fr\/wp-json\/wp\/v2\/comments?post=3586"}],"version-history":[{"count":3,"href":"https:\/\/profisaison.com\/fr\/wp-json\/wp\/v2\/pages\/3586\/revisions"}],"predecessor-version":[{"id":5508,"href":"https:\/\/profisaison.com\/fr\/wp-json\/wp\/v2\/pages\/3586\/revisions\/5508"}],"up":[{"embeddable":true,"href":"https:\/\/profisaison.com\/fr\/wp-json\/wp\/v2\/pages\/4545"}],"wp:attachment":[{"href":"https:\/\/profisaison.com\/fr\/wp-json\/wp\/v2\/media?parent=3586"}],"curies":[{"name":"wp","href":"https:\/\/api.w.org\/{rel}","templated":true}]}}