{"id":3550,"date":"2026-04-22T13:58:45","date_gmt":"2026-04-22T13:58:45","guid":{"rendered":"https:\/\/profisaison.com\/maintenant-chacune-de-nos-fermetures-de-fin-de-mois-est-un-risque-bilan-de-sante-systeme-pour-les-entreprises\/"},"modified":"2026-05-11T22:19:47","modified_gmt":"2026-05-11T22:19:47","slug":"maintenant-chacune-de-nos-fermetures-de-fin-de-mois-est-un-risque-bilan-de-sante-systeme-pour-les-entreprises","status":"publish","type":"page","link":"https:\/\/profisaison.com\/fr\/profisaison-nous-vous-aidons-a-gerer-a-nouveau-votre-sap-real-esatet\/le-traitement-de-notre-bail-ne-fonctionne-pas-comme-il-le-devrait-et-nous-ne-pouvons-pas-en-determiner-precisement\/maintenant-chacune-de-nos-fermetures-de-fin-de-mois-est-un-risque-bilan-de-sante-systeme-pour-les-entreprises\/","title":{"rendered":"&#8230;pour \u00e9viter le risque de cl\u00f4turer la fin du mois dans votre SAP\u00ae RE-FX."},"content":{"rendered":"\n<div class=\"wp-block-columns is-layout-flex wp-container-core-columns-is-layout-28f84493 wp-block-columns-is-layout-flex\">\n<div class=\"wp-block-column is-layout-flow wp-block-column-is-layout-flow\" style=\"flex-basis:33.33%\">\n<figure class=\"wp-block-image size-medium\"><img loading=\"lazy\" decoding=\"async\" width=\"300\" height=\"200\" src=\"https:\/\/profisaison.com\/wp-content\/uploads\/2026\/05\/dsfdsfdwwwfs-300x200.png\" alt=\"\" class=\"wp-image-4734\" style=\"aspect-ratio:1;object-fit:cover\" srcset=\"https:\/\/profisaison.com\/wp-content\/uploads\/2026\/05\/dsfdsfdwwwfs-300x200.png 300w, https:\/\/profisaison.com\/wp-content\/uploads\/2026\/05\/dsfdsfdwwwfs-416x277.png 416w, https:\/\/profisaison.com\/wp-content\/uploads\/2026\/05\/dsfdsfdwwwfs-1024x683.png 1024w, https:\/\/profisaison.com\/wp-content\/uploads\/2026\/05\/dsfdsfdwwwfs-768x512.png 768w, https:\/\/profisaison.com\/wp-content\/uploads\/2026\/05\/dsfdsfdwwwfs.png 1536w\" sizes=\"auto, (max-width: 300px) 100vw, 300px\" \/><\/figure>\n<\/div>\n\n\n\n<div class=\"wp-block-column is-vertically-aligned-center is-layout-flow wp-block-column-is-layout-flow\" style=\"flex-basis:66.66%\">\n<h3 class=\"wp-block-heading has-medium-font-size\" style=\"margin-top:var(--wp--preset--spacing--40);margin-bottom:var(--wp--preset--spacing--40)\">Le System Health Check SAP RE-FX pour les entreprises est un diagnostic ind\u00e9pendant et structur\u00e9 de votre environnement syst\u00e8me, qui vous aide \u00e0 \u00e9valuer l&rsquo;\u00e9tat de votre mise en \u0153uvre de la norme IFRS 16 et bien plus encore.<\/h3>\n<\/div>\n<\/div>\n\n<div class=\"ps-div-sub\" role=\"separator\" aria-hidden=\"true\"><span class=\"ps-div-sub__line\"><\/span><img src=\"https:\/\/www.pics1.profisaison.com\/assets2\/logos2\/ps03.png\" alt=\"\" class=\"ps-div-sub__icon\" loading=\"lazy\" decoding=\"async\" width=\"22\" height=\"22\"\/><span class=\"ps-div-sub__line ps-div-sub__line--r\"><\/span><\/div><style>.ps-div-sub {\n    display: flex;\n    align-items: center;\n    gap: .9rem;\n    width: 100%;\n    max-width: 520px;\n    margin: 2.25rem auto;\n    padding: 0 1rem;\n    box-sizing: border-box;\n  }\n  .ps-div-sub__line {\n    flex: 1;\n    display: block;\n    height: 1px;\n    opacity: .4;\n    background: linear-gradient(90deg, transparent, #5D8AA8 55%);\n  }\n  .ps-div-sub__line--r {\n    background: linear-gradient(90deg, #5D8AA8, transparent 55%);\n  }\n  .ps-div-sub__icon {\n    width: auto;\n    height: 20px;\n    max-width: 22px;\n    object-fit: contain;\n    opacity: .65;\n    display: block;\n    transition: opacity .35s ease, transform .45s cubic-bezier(.16,1,.3,1);\n  }\n  .ps-div-sub__icon:hover {\n    opacity: 1;\n    transform: rotate(12deg) scale(1.1);\n  }\n  @media (prefers-reduced-motion: reduce) {\n    .ps-div-sub__icon { transition: none; }\n  }\n<\/style>\n\n<h2 class=\"wp-block-heading has-text-align-left\">\u00c7a te dit quelque chose ?<\/h2>\n\n<div style=\"height:100px\" aria-hidden=\"true\" class=\"wp-block-spacer\"><\/div>\n\n<details class=\"wp-block-details has-large-font-size is-layout-flow wp-block-details-is-layout-flow\"><summary>Les courses de fin de mois - mais j&rsquo;attends de voir combien de conditions ont \u00e9chou\u00e9<\/summary>\n<p class=\"has-medium-font-size\">Une fois le cycle de comptabilisation termin\u00e9, j&rsquo;attends, non pas les erreurs, mais le nombre de contrats. Une poign\u00e9e de contrats ne parviennent toujours pas \u00e0 \u00eatre comptabilis\u00e9s correctement. J&rsquo;ai renonc\u00e9 \u00e0 chercher la cause premi\u00e8re et je me contente de tenir une liste personnelle. Lorsque l&rsquo;\u00e9quipe comptable s&rsquo;enquiert de l&rsquo;\u00e9cart de plusieurs dizaines de milliers de la dette de location du b\u00e2timent 4, je passe deux heures \u00e0 le retracer. Parfois, je trouve la raison, parfois je me contente de dire \u00ab\u00a0je surveillerai cela le mois prochain\u00a0\u00bb. Le mois suivant, c&rsquo;est un autre b\u00e2timent.     <\/p>\n\n\n\n<p class=\"has-medium-font-size\">Un autre type de probl\u00e8me d\u00e9coule d&rsquo;\u00e9v\u00e9nements sans rapport avec le syst\u00e8me lui-m\u00eame. Il s&rsquo;agit notamment de migrations non valid\u00e9es, de r\u00e9organisations mal ex\u00e9cut\u00e9es qui ont transf\u00e9r\u00e9 des contrats vers une nouvelle soci\u00e9t\u00e9 et de modifications r\u00e9glementaires mises en \u0153uvre sous pression sans examen appropri\u00e9. Il ne s&rsquo;agit pas de bogues mais plut\u00f4t de r\u00e9sidus - de petites incoh\u00e9rences qui s&rsquo;accumulent discr\u00e8tement jusqu&rsquo;\u00e0 ce qu&rsquo;une anomalie soit remarqu\u00e9e.  <\/p>\n<\/details>\n\n<div class=\"ps-div-sub\" role=\"separator\" aria-hidden=\"true\"><span class=\"ps-div-sub__line\"><\/span><img src=\"https:\/\/www.pics1.profisaison.com\/assets2\/logos2\/ps03.png\" alt=\"\" class=\"ps-div-sub__icon\" loading=\"lazy\" decoding=\"async\" width=\"22\" height=\"22\"\/><span class=\"ps-div-sub__line ps-div-sub__line--r\"><\/span><\/div><style>.ps-div-sub {\n    display: flex;\n    align-items: center;\n    gap: .9rem;\n    width: 100%;\n    max-width: 520px;\n    margin: 2.25rem auto;\n    padding: 0 1rem;\n    box-sizing: border-box;\n  }\n  .ps-div-sub__line {\n    flex: 1;\n    display: block;\n    height: 1px;\n    opacity: .4;\n    background: linear-gradient(90deg, transparent, #5D8AA8 55%);\n  }\n  .ps-div-sub__line--r {\n    background: linear-gradient(90deg, #5D8AA8, transparent 55%);\n  }\n  .ps-div-sub__icon {\n    width: auto;\n    height: 20px;\n    max-width: 22px;\n    object-fit: contain;\n    opacity: .65;\n    display: block;\n    transition: opacity .35s ease, transform .45s cubic-bezier(.16,1,.3,1);\n  }\n  .ps-div-sub__icon:hover {\n    opacity: 1;\n    transform: rotate(12deg) scale(1.1);\n  }\n  @media (prefers-reduced-motion: reduce) {\n    .ps-div-sub__icon { transition: none; }\n  }\n<\/style>\n\n<details class=\"wp-block-details has-large-font-size is-layout-flow wp-block-details-is-layout-flow\"><summary>S&rsquo;agit-il d&rsquo;une d\u00e9rive ou est-ce ainsi que les choses sont cens\u00e9es se passer ?<\/summary>\n<p class=\"has-medium-font-size\">Le passif du contrat de location fluctue de quelques centaines d&rsquo;euros d&rsquo;un mois \u00e0 l&rsquo;autre. Je n&rsquo;ai jamais pu v\u00e9rifier s&rsquo;il s&rsquo;agit d&rsquo;un ph\u00e9nom\u00e8ne normal dans le cadre de l&rsquo;IFRS 16 - par exemple, le d\u00e9bouclage des int\u00e9r\u00eats, les effets de change ou l&rsquo;arrondissement \u00e0 partir du nouveau calcul de la valeur actualis\u00e9e nette - ou si quelque chose dans la configuration est pass\u00e9 inaper\u00e7u. <\/p>\n\n\n\n<p class=\"has-medium-font-size\">\u00c0 un moment donn\u00e9, j&rsquo;ai re\u00e7u une note de r\u00e9f\u00e9rence SAP de la part d&rsquo;un contributeur du forum. Nous l&rsquo;avons mise en \u0153uvre. Les fluctuations se sont poursuivies. J&rsquo;en suis rest\u00e9 l\u00e0.   <\/p>\n\n\n\n<p class=\"has-medium-font-size\">Plusieurs \u00e9l\u00e9ments de configuration sont ant\u00e9rieurs \u00e0 mon mandat. Ils n&rsquo;ont jamais \u00e9t\u00e9 touch\u00e9s. Ils semblent fonctionner.  <\/p>\n\n\n\n<p class=\"has-medium-font-size\">Un type de condition personnalis\u00e9, \u00ab\u00a0Z_REFX_C_something\u00a0\u00bb, a \u00e9t\u00e9 mis en place lors de l&rsquo;impl\u00e9mentation initiale. Il est comptabilis\u00e9 sur un compte d\u00e9di\u00e9 chaque mois. Le compte est sold\u00e9 lors de la r\u00e9conciliation. Je n&rsquo;ai jamais cherch\u00e9 \u00e0 savoir ce qu&rsquo;il faisait r\u00e9ellement. Pour \u00eatre honn\u00eate, j&rsquo;ai h\u00e9sit\u00e9 \u00e0 le faire.    <\/p>\n\n\n\n<p class=\"has-medium-font-size\">Lorsque les auditeurs demandent si les chiffres sont complets et exacts, je r\u00e9ponds \u00ab\u00a0oui\u00a0\u00bb. Je le dis avec conviction. <\/p>\n\n\n\n<p class=\"has-medium-font-size\">Mais la question \u00e0 laquelle je ne peux pas r\u00e9pondre est diff\u00e9rente : Je peux confirmer que le chiffre est produit de la m\u00eame mani\u00e8re que l&rsquo;ann\u00e9e derni\u00e8re. Je ne peux pas confirmer que cette constance est synonyme d&rsquo;exactitude. <\/p>\n<\/details>\n\n<div class=\"ps-div-sub\" role=\"separator\" aria-hidden=\"true\"><span class=\"ps-div-sub__line\"><\/span><img src=\"https:\/\/www.pics1.profisaison.com\/assets2\/logos2\/ps03.png\" alt=\"\" class=\"ps-div-sub__icon\" loading=\"lazy\" decoding=\"async\" width=\"22\" height=\"22\"\/><span class=\"ps-div-sub__line ps-div-sub__line--r\"><\/span><\/div><style>.ps-div-sub {\n    display: flex;\n    align-items: center;\n    gap: .9rem;\n    width: 100%;\n    max-width: 520px;\n    margin: 2.25rem auto;\n    padding: 0 1rem;\n    box-sizing: border-box;\n  }\n  .ps-div-sub__line {\n    flex: 1;\n    display: block;\n    height: 1px;\n    opacity: .4;\n    background: linear-gradient(90deg, transparent, #5D8AA8 55%);\n  }\n  .ps-div-sub__line--r {\n    background: linear-gradient(90deg, #5D8AA8, transparent 55%);\n  }\n  .ps-div-sub__icon {\n    width: auto;\n    height: 20px;\n    max-width: 22px;\n    object-fit: contain;\n    opacity: .65;\n    display: block;\n    transition: opacity .35s ease, transform .45s cubic-bezier(.16,1,.3,1);\n  }\n  .ps-div-sub__icon:hover {\n    opacity: 1;\n    transform: rotate(12deg) scale(1.1);\n  }\n  @media (prefers-reduced-motion: reduce) {\n    .ps-div-sub__icon { transition: none; }\n  }\n<\/style>\n\n<details class=\"wp-block-details has-large-font-size is-layout-flow wp-block-details-is-layout-flow\"><summary>J&rsquo;ai cess\u00e9 de poser la question - et j&rsquo;ai \u00e9labor\u00e9 mes solutions de contournement.<\/summary>\n<p class=\"has-medium-font-size\">La norme IFRS 16 a \u00e9t\u00e9 mise en \u0153uvre correctement. Des consultants externes ont configur\u00e9 les r\u00e8gles d&rsquo;\u00e9valuation, ex\u00e9cut\u00e9 la transition et enregistr\u00e9 le solde d&rsquo;ouverture. Le test UAT a \u00e9t\u00e9 r\u00e9ussi. L&rsquo;auditeur a approuv\u00e9 la premi\u00e8re fin d&rsquo;ann\u00e9e. Les chiffres ont \u00e9t\u00e9 int\u00e9gr\u00e9s dans le rapport du groupe. C&rsquo;est \u00e0 ce moment-l\u00e0 que le syst\u00e8me est devenu le mien.     <\/p>\n\n\n\n<p class=\"has-medium-font-size\">Puis les choses ont commenc\u00e9 \u00e0 d\u00e9raper. Des messages d&rsquo;erreur que je n&rsquo;avais jamais vus auparavant. Des \u00e9critures qui avaient fonctionn\u00e9 sans probl\u00e8me pendant trois ans ont soudain d\u00e9clench\u00e9 le message AA594. Une modification de contrat qui aurait d\u00fb \u00eatre routini\u00e8re produit des diff\u00e9rences d&rsquo;amortissement que personne ne peut expliquer. Je proc\u00e8de \u00e0 l&rsquo;\u00e9valuation mensuelle, je passe les \u00e9critures, j&rsquo;enregistre les d\u00e9clarations - mais je consacre de plus en plus de temps \u00e0 contourner des choses qui fonctionnaient auparavant. Je ne peux pas expliquer pourquoi un type de condition sp\u00e9cifique correspond \u00e0 un compte sp\u00e9cifique. Je ne peux pas expliquer pourquoi le passif du contrat de location \u00e9volue comme il le fait d&rsquo;une p\u00e9riode \u00e0 l&rsquo;autre. Les consultants ont laiss\u00e9 des documents qui d\u00e9crivent ce qui a \u00e9t\u00e9 construit, mais pas pourquoi, ni si c&rsquo;est encore valable aujourd&rsquo;hui.       <\/p>\n\n\n\n<p class=\"has-medium-font-size\">Chaque trimestre, l&rsquo;auditeur demande si les chiffres sont complets et exacts. Je r\u00e9ponds par l&rsquo;affirmative. Je le dis avec conviction. Ce que je peux r\u00e9ellement confirmer est plus restreint : le chiffre est produit de la m\u00eame mani\u00e8re qu&rsquo;il l&rsquo;a \u00e9t\u00e9 le trimestre dernier - moins quelques solutions de contournement que j&rsquo;ai ajout\u00e9es en cours de route. Je ne sais pas si c&rsquo;est la m\u00eame chose que l&rsquo;exactitude. L&rsquo;admettre reviendrait \u00e0 ouvrir une porte que je ne pourrais plus refermer. Tant que les chiffres ne paraissent pas manifestement absurdes, ils sont suffisants.      <\/p>\n<\/details>\n\n<div class=\"ps-q-funnel\" role=\"separator\"><span class=\"ps-q-funnel__line\"><\/span><span class=\"ps-q-funnel__word\">All this leads to the same consideration \u2026<\/span><span class=\"ps-q-funnel__line ps-q-funnel__line--r\"><\/span><\/div><div class=\"ps-q-funnel__arrow\">\u2193<\/div><style>.ps-q-funnel {\n  display:flex;\n  align-items:center;\n  gap:1.5rem;\n  width:100%;\n  max-width:720px;\n  margin:4rem auto 0;\n  padding:0 1rem;\n  box-sizing:border-box;\n}\n.ps-q-funnel__line {\n  flex:1;\n  height:2px;\n  background:linear-gradient(90deg,transparent,#5D8AA8 40%);\n  opacity:.85;\n  display:block;\n  border-radius:1px;\n}\n.ps-q-funnel__line--r {\n  background:linear-gradient(90deg,#5D8AA8,transparent 60%);\n}\n.ps-q-funnel__word {\n  flex-shrink:0;\n  padding:0 .9rem;\n  font-family:Georgia,\"Times New Roman\",serif;\n  font-style:italic;\n  font-size:17px;\n  font-weight:400;\n  letter-spacing:.02em;\n  color:#5D8AA8;\n  line-height:1;\n}\n.ps-q-funnel__arrow {\n  text-align:center;\n  font-size:48px;\n  color:#CEB888;\n  margin:0.25rem auto 4rem;\n  max-width:720px;\n  padding:0 1rem;\n  line-height:1;\n}\n@media(max-width:480px){\n  .ps-q-funnel{gap:1rem;}\n  .ps-q-funnel__word{font-size:14px;}\n}\n<\/style>\n\n<h2 class=\"wp-block-heading has-text-align-left\">\u00ab\u00a0Pour les r\u00e9soudre, nous devrons savoir o\u00f9 nous en sommes r\u00e9ellement\u00a0\u00bb.<\/h2>\n\n<div class=\"wp-block-group is-content-justification-space-between is-nowrap is-layout-flex wp-container-core-group-is-layout-c0dd7891 wp-block-group-is-layout-flex\">\n<figure class=\"wp-block-image size-medium is-resized is-style-default wp-duotone-grayscale\"><img loading=\"lazy\" decoding=\"async\" width=\"300\" height=\"200\" src=\"https:\/\/profisaison.com\/wp-content\/uploads\/2026\/04\/PNG-image-23-300x200.png\" alt=\"\" class=\"wp-image-2299\" style=\"aspect-ratio:16\/9;object-fit:cover;width:210px;height:auto\" srcset=\"https:\/\/profisaison.com\/wp-content\/uploads\/2026\/04\/PNG-image-23-300x200.png 300w, https:\/\/profisaison.com\/wp-content\/uploads\/2026\/04\/PNG-image-23-416x277.png 416w, https:\/\/profisaison.com\/wp-content\/uploads\/2026\/04\/PNG-image-23-1024x683.png 1024w, https:\/\/profisaison.com\/wp-content\/uploads\/2026\/04\/PNG-image-23-768x512.png 768w, https:\/\/profisaison.com\/wp-content\/uploads\/2026\/04\/PNG-image-23.png 1536w\" sizes=\"auto, (max-width: 300px) 100vw, 300px\" \/><\/figure>\n\n\n\n<p class=\"has-text-align-center\">\u00ab Nous avons besoin de plus d\u2019informations \u00bb<br\/><em>(Analyses sur l\u2019entreprise, lecture de 5 min.)<\/em><\/p>\n\n\n\n<div class=\"wp-block-buttons is-content-justification-right is-layout-flex wp-container-core-buttons-is-layout-d445cf74 wp-block-buttons-is-layout-flex\">\n<div class=\"wp-block-button is-style-outline is-style-outline--1\"><a class=\"wp-block-button__link has-vivid-cyan-blue-color has-white-background-color has-text-color has-background has-link-color wp-element-button\" href=\"https:\/\/profisaison.com\/about\/how-we-work\/\">Lisons<\/a><\/div>\n<\/div>\n<\/div>\n\n<div class=\"ps-div-sub\" role=\"separator\" aria-hidden=\"true\"><span class=\"ps-div-sub__line\"><\/span><img src=\"https:\/\/www.pics1.profisaison.com\/assets2\/logos2\/ps03.png\" alt=\"\" class=\"ps-div-sub__icon\" loading=\"lazy\" decoding=\"async\" width=\"22\" height=\"22\"\/><span class=\"ps-div-sub__line ps-div-sub__line--r\"><\/span><\/div><style>.ps-div-sub {\n    display: flex;\n    align-items: center;\n    gap: .9rem;\n    width: 100%;\n    max-width: 520px;\n    margin: 2.25rem auto;\n    padding: 0 1rem;\n    box-sizing: border-box;\n  }\n  .ps-div-sub__line {\n    flex: 1;\n    display: block;\n    height: 1px;\n    opacity: .4;\n    background: linear-gradient(90deg, transparent, #5D8AA8 55%);\n  }\n  .ps-div-sub__line--r {\n    background: linear-gradient(90deg, #5D8AA8, transparent 55%);\n  }\n  .ps-div-sub__icon {\n    width: auto;\n    height: 20px;\n    max-width: 22px;\n    object-fit: contain;\n    opacity: .65;\n    display: block;\n    transition: opacity .35s ease, transform .45s cubic-bezier(.16,1,.3,1);\n  }\n  .ps-div-sub__icon:hover {\n    opacity: 1;\n    transform: rotate(12deg) scale(1.1);\n  }\n  @media (prefers-reduced-motion: reduce) {\n    .ps-div-sub__icon { transition: none; }\n  }\n<\/style>\n\n<div class=\"wp-block-group is-content-justification-space-between is-nowrap is-layout-flex wp-container-core-group-is-layout-c0dd7891 wp-block-group-is-layout-flex\">\n<figure class=\"wp-block-image size-medium is-resized is-style-default wp-duotone-grayscale\"><img loading=\"lazy\" decoding=\"async\" width=\"300\" height=\"200\" src=\"https:\/\/profisaison.com\/wp-content\/uploads\/2026\/04\/PNG-image-17-300x200.png\" alt=\"\" class=\"wp-image-2207\" style=\"aspect-ratio:16\/9;object-fit:cover;width:210px;height:auto\" srcset=\"https:\/\/profisaison.com\/wp-content\/uploads\/2026\/04\/PNG-image-17-300x200.png 300w, https:\/\/profisaison.com\/wp-content\/uploads\/2026\/04\/PNG-image-17-416x277.png 416w, https:\/\/profisaison.com\/wp-content\/uploads\/2026\/04\/PNG-image-17-1024x683.png 1024w, https:\/\/profisaison.com\/wp-content\/uploads\/2026\/04\/PNG-image-17-768x512.png 768w, https:\/\/profisaison.com\/wp-content\/uploads\/2026\/04\/PNG-image-17.png 1536w\" sizes=\"auto, (max-width: 300px) 100vw, 300px\" \/><\/figure>\n\n\n\n<p class=\"has-text-align-center\">\u00ab Nous voulons parler d\u2019abord. \u00bb<br\/><em>(15 min. - pas d\u2019engagement)<\/em><\/p>\n\n\n\n<div class=\"wp-block-buttons is-content-justification-right is-layout-flex wp-container-core-buttons-is-layout-d445cf74 wp-block-buttons-is-layout-flex\">\n<div class=\"wp-block-button is-style-outline is-style-outline--2\"><a class=\"wp-block-button__link has-vivid-cyan-blue-color has-white-background-color has-text-color has-background has-link-color wp-element-button\" href=\"https:\/\/calendly.com\/picanex\/new-meeting\" target=\"_blank\" rel=\"noopener\">Parlons-en.<\/a><\/div>\n<\/div>\n<\/div>\n\n<div class=\"ps-div-sub\" role=\"separator\" aria-hidden=\"true\"><span class=\"ps-div-sub__line\"><\/span><img src=\"https:\/\/www.pics1.profisaison.com\/assets2\/logos2\/ps03.png\" alt=\"\" class=\"ps-div-sub__icon\" loading=\"lazy\" decoding=\"async\" width=\"22\" height=\"22\"\/><span class=\"ps-div-sub__line ps-div-sub__line--r\"><\/span><\/div><style>.ps-div-sub {\n    display: flex;\n    align-items: center;\n    gap: .9rem;\n    width: 100%;\n    max-width: 520px;\n    margin: 2.25rem auto;\n    padding: 0 1rem;\n    box-sizing: border-box;\n  }\n  .ps-div-sub__line {\n    flex: 1;\n    display: block;\n    height: 1px;\n    opacity: .4;\n    background: linear-gradient(90deg, transparent, #5D8AA8 55%);\n  }\n  .ps-div-sub__line--r {\n    background: linear-gradient(90deg, #5D8AA8, transparent 55%);\n  }\n  .ps-div-sub__icon {\n    width: auto;\n    height: 20px;\n    max-width: 22px;\n    object-fit: contain;\n    opacity: .65;\n    display: block;\n    transition: opacity .35s ease, transform .45s cubic-bezier(.16,1,.3,1);\n  }\n  .ps-div-sub__icon:hover {\n    opacity: 1;\n    transform: rotate(12deg) scale(1.1);\n  }\n  @media (prefers-reduced-motion: reduce) {\n    .ps-div-sub__icon { transition: none; }\n  }\n<\/style>\n\n<div class=\"wp-block-group has-background is-content-justification-space-between is-nowrap is-layout-flex wp-container-core-group-is-layout-cb46ffcb wp-block-group-is-layout-flex\" style=\"background-color:#ceb888\">\n<figure class=\"wp-block-image size-medium is-resized is-style-default wp-duotone-grayscale\"><img loading=\"lazy\" decoding=\"async\" width=\"300\" height=\"200\" src=\"https:\/\/profisaison.com\/wp-content\/uploads\/2026\/04\/PNG-image-18-300x200.png\" alt=\"\" class=\"wp-image-2220\" style=\"aspect-ratio:16\/9;object-fit:cover;width:210px;height:auto\" srcset=\"https:\/\/profisaison.com\/wp-content\/uploads\/2026\/04\/PNG-image-18-300x200.png 300w, https:\/\/profisaison.com\/wp-content\/uploads\/2026\/04\/PNG-image-18-416x277.png 416w, https:\/\/profisaison.com\/wp-content\/uploads\/2026\/04\/PNG-image-18-1024x683.png 1024w, https:\/\/profisaison.com\/wp-content\/uploads\/2026\/04\/PNG-image-18-768x512.png 768w, https:\/\/profisaison.com\/wp-content\/uploads\/2026\/04\/PNG-image-18.png 1536w\" sizes=\"auto, (max-width: 300px) 100vw, 300px\" \/><\/figure>\n\n\n\n<p class=\"has-text-align-center\">\u00ab Nous nous reconnaissons. \u00bb<br\/><em>(\u00c9valuation en 2 jours, livraison en 10 jours,<\/em><br\/><em>rapport \u00e9crit, pas d\u2019enregistrement)<\/em><\/p>\n\n\n\n<div class=\"wp-block-buttons is-content-justification-right is-layout-flex wp-container-core-buttons-is-layout-d445cf74 wp-block-buttons-is-layout-flex\">\n<div class=\"wp-block-button is-style-outline is-style-outline--3\"><a class=\"wp-block-button__link has-vivid-cyan-blue-color has-text-color has-link-color wp-element-button\" href=\"https:\/\/profisaison.com\/fr\/product\/controle-de-sante-du-systeme\/\" target=\"_blank\" rel=\"noreferrer noopener\">Commen\u00e7ons !<\/a><\/div>\n<\/div>\n<\/div>\n\n<div class=\"ps-div-sub\" role=\"separator\" aria-hidden=\"true\"><span class=\"ps-div-sub__line\"><\/span><img src=\"https:\/\/www.pics1.profisaison.com\/assets2\/logos2\/ps03.png\" alt=\"\" class=\"ps-div-sub__icon\" loading=\"lazy\" decoding=\"async\" width=\"22\" height=\"22\"\/><span class=\"ps-div-sub__line ps-div-sub__line--r\"><\/span><\/div><style>.ps-div-sub {\n    display: flex;\n    align-items: center;\n    gap: .9rem;\n    width: 100%;\n    max-width: 520px;\n    margin: 2.25rem auto;\n    padding: 0 1rem;\n    box-sizing: border-box;\n  }\n  .ps-div-sub__line {\n    flex: 1;\n    display: block;\n    height: 1px;\n    opacity: .4;\n    background: linear-gradient(90deg, transparent, #5D8AA8 55%);\n  }\n  .ps-div-sub__line--r {\n    background: linear-gradient(90deg, #5D8AA8, transparent 55%);\n  }\n  .ps-div-sub__icon {\n    width: auto;\n    height: 20px;\n    max-width: 22px;\n    object-fit: contain;\n    opacity: .65;\n    display: block;\n    transition: opacity .35s ease, transform .45s cubic-bezier(.16,1,.3,1);\n  }\n  .ps-div-sub__icon:hover {\n    opacity: 1;\n    transform: rotate(12deg) scale(1.1);\n  }\n  @media (prefers-reduced-motion: reduce) {\n    .ps-div-sub__icon { transition: none; }\n  }\n<\/style>\n\n<div style=\"height:100px\" aria-hidden=\"true\" class=\"wp-block-spacer\"><\/div>\n\n<div style=\"height:100px\" aria-hidden=\"true\" class=\"wp-block-spacer\"><\/div>\n\n<div class=\"ps-div-sub\" role=\"separator\" aria-hidden=\"true\"><span class=\"ps-div-sub__line\"><\/span><img src=\"https:\/\/www.pics1.profisaison.com\/assets2\/logos2\/ps03.png\" alt=\"\" class=\"ps-div-sub__icon\" loading=\"lazy\" decoding=\"sync\" width=\"22 height=\"\/><span class=\"ps-div-sub__line ps-div-sub__line--r\"><\/span><\/div><style>.ps-div-sub {\n    display: flex;\n    align-items: center;\n    gap: .9rem;\n    width: 100%;\n    max-width: 520px;\n    margin: 2.25rem auto;\n    padding: 0 1rem;\n    box-sizing: border-box;\n  }\n  .ps-div-sub__line {\n    flex: 1;\n    display: block;\n    height: 1px;\n    opacity: .4;\n    background: linear-gradient(90deg, transparent, #5D8AA8 55%);\n  }\n  .ps-div-sub__line--r {\n    background: linear-gradient(90deg, #5D8AA8, transparent 55%);\n  }\n  .ps-div-sub__icon {\n    width: auto;\n    height: 20px;\n    max-width: 22px;\n    object-fit: contain;\n    opacity: .65;\n    display: block;\n    transition: opacity .35s ease, transform .45s cubic-bezier(.16,1,.3,1);\n  }\n  .ps-div-sub__icon:hover {\n    opacity: 1;\n    transform: rotate(12deg) scale(1.1);\n  }\n  @media (prefers-reduced-motion: reduce) {\n    .ps-div-sub__icon { transition: none; }\n  }\n<\/style>\n\n<p><\/p>\n","protected":false},"excerpt":{"rendered":"<p>Le System Health Check SAP RE-FX pour les entreprises est un diagnostic ind\u00e9pendant et structur\u00e9 de votre environnement syst\u00e8me, qui vous aide \u00e0 \u00e9valuer l&rsquo;\u00e9tat de votre mise en \u0153uvre de la norme IFRS 16 et bien plus encore. \u00c7a te dit quelque chose ? All this leads to the same consideration \u2026 \u2193 \u00ab\u00a0Pour [&hellip;]<\/p>\n","protected":false},"author":1,"featured_media":0,"parent":3586,"menu_order":0,"comment_status":"closed","ping_status":"closed","template":"","meta":{"_acf_changed":false,"footnotes":""},"class_list":["post-3550","page","type-page","status-publish","hentry"],"acf":[],"_hostinger_reach_plugin_has_subscription_block":false,"_hostinger_reach_plugin_is_elementor":false,"_links":{"self":[{"href":"https:\/\/profisaison.com\/fr\/wp-json\/wp\/v2\/pages\/3550","targetHints":{"allow":["GET"]}}],"collection":[{"href":"https:\/\/profisaison.com\/fr\/wp-json\/wp\/v2\/pages"}],"about":[{"href":"https:\/\/profisaison.com\/fr\/wp-json\/wp\/v2\/types\/page"}],"author":[{"embeddable":true,"href":"https:\/\/profisaison.com\/fr\/wp-json\/wp\/v2\/users\/1"}],"replies":[{"embeddable":true,"href":"https:\/\/profisaison.com\/fr\/wp-json\/wp\/v2\/comments?post=3550"}],"version-history":[{"count":14,"href":"https:\/\/profisaison.com\/fr\/wp-json\/wp\/v2\/pages\/3550\/revisions"}],"predecessor-version":[{"id":5550,"href":"https:\/\/profisaison.com\/fr\/wp-json\/wp\/v2\/pages\/3550\/revisions\/5550"}],"up":[{"embeddable":true,"href":"https:\/\/profisaison.com\/fr\/wp-json\/wp\/v2\/pages\/3586"}],"wp:attachment":[{"href":"https:\/\/profisaison.com\/fr\/wp-json\/wp\/v2\/media?parent=3550"}],"curies":[{"name":"wp","href":"https:\/\/api.w.org\/{rel}","templated":true}]}}