{"id":3651,"date":"2026-04-19T15:06:24","date_gmt":"2026-04-19T15:06:24","guid":{"rendered":"https:\/\/profisaison.com\/profisaison-elevating-your-sap-re-fx-effectiveness\/nuestros-datos-contractuales-se-alejan-aun-mas-y-nadie-esta-alli-para-hacerse-cargo-de-la-correccion\/"},"modified":"2026-05-11T16:12:53","modified_gmt":"2026-05-11T16:12:53","slug":"nuestros-datos-contractuales-se-alejan-aun-mas-y-nadie-esta-alli-para-hacerse-cargo-de-la-correccion","status":"publish","type":"page","link":"https:\/\/profisaison.com\/es\/profisaison-te-ayudamos-a-gobernar-de-nuevo-tu-sap-real-esatet\/nuestros-datos-contractuales-se-alejan-aun-mas-y-nadie-esta-alli-para-hacerse-cargo-de-la-correccion\/","title":{"rendered":"Nuestros datos contractuales se alejan cada vez m\u00e1s y no hay nadie que se apropie de la correcci\u00f3n."},"content":{"rendered":"\n<div class=\"wp-block-group\"><div class=\"wp-block-group__inner-container is-layout-constrained wp-block-group-is-layout-constrained\">\n<div class=\"wp-block-group is-nowrap is-layout-flex wp-container-core-group-is-layout-6c531013 wp-block-group-is-layout-flex\">\n<blockquote class=\"wp-block-quote is-layout-flow wp-block-quote-is-layout-flow\">\n<figure class=\"wp-block-image size-thumbnail is-style-default\"><img loading=\"lazy\" decoding=\"async\" width=\"150\" height=\"150\" src=\"https:\/\/profisaison.com\/wp-content\/uploads\/2026\/04\/CB669050-C403-4058-A4B5-5FB5BECCDB3F-3-150x150.png\" alt=\"\" class=\"wp-image-2015\" style=\"aspect-ratio:1;object-fit:cover\" srcset=\"https:\/\/profisaison.com\/wp-content\/uploads\/2026\/04\/CB669050-C403-4058-A4B5-5FB5BECCDB3F-3-150x150.png 150w, https:\/\/profisaison.com\/wp-content\/uploads\/2026\/04\/CB669050-C403-4058-A4B5-5FB5BECCDB3F-3-324x324.png 324w, https:\/\/profisaison.com\/wp-content\/uploads\/2026\/04\/CB669050-C403-4058-A4B5-5FB5BECCDB3F-3-100x100.png 100w\" sizes=\"auto, (max-width: 150px) 100vw, 150px\" \/><\/figure>\n<\/blockquote>\n\n\n\n<h2 class=\"wp-block-heading\">Para las empresas inmobiliarias \u2014 asociaciones de vivienda, operadores comerciales, cooperativas<\/h2>\n<\/div>\n<\/div><\/div>\n\n<div class=\"ps-spacer\" aria-hidden=\"true\"><\/div><style>.ps-spacer { height: 4rem; }\n<\/style>\n\n<h4 class=\"wp-block-heading has-text-align-left\"><em>\u00bfTe suena algo de eso?<\/em><\/h4>\n\n<div class=\"ps-div-sub\" role=\"separator\" aria-hidden=\"true\"><span class=\"ps-div-sub__line\"><\/span><img src=\"https:\/\/www.pics1.profisaison.com\/assets2\/logos2\/ps03.png\" alt=\"\" class=\"ps-div-sub__icon\" loading=\"lazy\" decoding=\"async\" width=\"22\" height=\"22\"\/><span class=\"ps-div-sub__line ps-div-sub__line--r\"><\/span><\/div><style>.ps-div-sub {\n    display: flex;\n    align-items: center;\n    gap: .9rem;\n    width: 100%;\n    max-width: 520px;\n    margin: 2.25rem auto;\n    padding: 0 1rem;\n    box-sizing: border-box;\n  }\n  .ps-div-sub__line {\n    flex: 1;\n    display: block;\n    height: 1px;\n    opacity: .4;\n    background: linear-gradient(90deg, transparent, #5D8AA8 55%);\n  }\n  .ps-div-sub__line--r {\n    background: linear-gradient(90deg, #5D8AA8, transparent 55%);\n  }\n  .ps-div-sub__icon {\n    width: auto;\n    height: 20px;\n    max-width: 22px;\n    object-fit: contain;\n    opacity: .65;\n    display: block;\n    transition: opacity .35s ease, transform .45s cubic-bezier(.16,1,.3,1);\n  }\n  .ps-div-sub__icon:hover {\n    opacity: 1;\n    transform: rotate(12deg) scale(1.1);\n  }\n  @media (prefers-reduced-motion: reduce) {\n    .ps-div-sub__icon { transition: none; }\n  }\n<\/style>\n\n<h3 class=\"wp-block-heading\" style=\"margin-top:var(--wp--preset--spacing--40);margin-bottom:var(--wp--preset--spacing--40)\">1. Nuestro cierre de los cargos de liquidaci\u00f3n se sale de la l\u00ednea, con demasiada frecuencia.<\/h3>\n\n<details class=\"wp-block-details has-medium-font-size is-layout-flow wp-container-core-details-is-layout-5dafc681 wp-block-details-is-layout-flow\" style=\"border-style:none;border-width:0px\"><summary>\u00ab<strong>Nuestra ejecuci\u00f3n de liquidaci\u00f3n de cargos por servicio genera errores que ya no podemos explicar.\u00bb<\/strong><\/summary>\n<p>La liquidaci\u00f3n dispara los mensajes que rastreamos durante d\u00edas. A veces es el recaudador de costes, a veces la unidad de liquidaci\u00f3n, a veces los documentos no son entregados por los sistemas&#8230; y el plazo se acerca. <\/p>\n\n\n\n<div class=\"wp-block-buttons is-content-justification-center is-layout-flex wp-container-core-buttons-is-layout-1fb448e7 wp-block-buttons-is-layout-flex\">\n<div class=\"wp-block-button has-custom-width wp-block-button__width-50 is-style-outline is-style-outline--1\"><a class=\"wp-block-button__link has-vivid-cyan-blue-color has-white-background-color has-text-color has-background has-link-color wp-element-button\" href=\"https:\/\/profisaison.com\/es\/profisaison-te-ayudamos-a-gobernar-de-nuevo-tu-sap-real-esatet\/nuestros-datos-contractuales-se-alejan-aun-mas-y-nadie-esta-alli-para-hacerse-cargo-de-la-correccion\/errores-que-ya-no-podemos-explicar-revision-de-salud-del-sistema\/\">lo que esto suele significar\u2192  <\/a><\/div>\n<\/div>\n\n\n\n<p class=\"has-text-align-center has-normal-font-size\"><em><em>(esta secci\u00f3n est\u00e1 disponible para cualquier usuario)<\/em><\/em><\/p>\n<\/details>\n\n<div class=\"ps-div-sub\" role=\"separator\" aria-hidden=\"true\"><span class=\"ps-div-sub__line\"><\/span><img src=\"https:\/\/www.pics1.profisaison.com\/assets2\/logos2\/ps03.png\" alt=\"\" class=\"ps-div-sub__icon\" loading=\"lazy\" decoding=\"async\" width=\"22\" height=\"22\"\/><span class=\"ps-div-sub__line ps-div-sub__line--r\"><\/span><\/div><style>.ps-div-sub {\n    display: flex;\n    align-items: center;\n    gap: .9rem;\n    width: 100%;\n    max-width: 520px;\n    margin: 2.25rem auto;\n    padding: 0 1rem;\n    box-sizing: border-box;\n  }\n  .ps-div-sub__line {\n    flex: 1;\n    display: block;\n    height: 1px;\n    opacity: .4;\n    background: linear-gradient(90deg, transparent, #5D8AA8 55%);\n  }\n  .ps-div-sub__line--r {\n    background: linear-gradient(90deg, #5D8AA8, transparent 55%);\n  }\n  .ps-div-sub__icon {\n    width: auto;\n    height: 20px;\n    max-width: 22px;\n    object-fit: contain;\n    opacity: .65;\n    display: block;\n    transition: opacity .35s ease, transform .45s cubic-bezier(.16,1,.3,1);\n  }\n  .ps-div-sub__icon:hover {\n    opacity: 1;\n    transform: rotate(12deg) scale(1.1);\n  }\n  @media (prefers-reduced-motion: reduce) {\n    .ps-div-sub__icon { transition: none; }\n  }\n<\/style>\n\n<h3 class=\"wp-block-heading\" style=\"margin-top:var(--wp--preset--spacing--40);margin-bottom:var(--wp--preset--spacing--40)\">2. Estamos atascados. \u00a1Ahora! <\/h3>\n\n<details class=\"wp-block-details has-medium-font-size is-layout-flow wp-container-core-details-is-layout-5dafc681 wp-block-details-is-layout-flow\"><summary><strong><em>\u00abUn proyecto, una migraci\u00f3n ha dejado de avanzar \u2014 y cada semana de espera hace que el siguiente paso sea m\u00e1s caro.\u00bb<\/em><\/strong><\/summary>\n<p>La consolidaci\u00f3n de socios comerciales ha dejado de avanzar \u2014 y cada semana de espera hace que el proyecto del RGPD que sigue sea m\u00e1s caro. No es que no sepamos qu\u00e9 hacer. Es que todo camino a seguir requiere una decisi\u00f3n que nadie quiere tomar. Las escaladas responden con un \u00abhablemos del pr\u00f3ximo trimestre.\u00bb Mientras tanto, las operaciones de asentamiento siguen fracasando con los mismos registros.    <\/p>\n\n\n\n<div class=\"wp-block-buttons is-content-justification-center is-layout-flex wp-container-core-buttons-is-layout-1fb448e7 wp-block-buttons-is-layout-flex\">\n<div class=\"wp-block-button has-custom-width wp-block-button__width-50 is-style-outline is-style-outline--2\"><a class=\"wp-block-button__link has-luminous-vivid-orange-color has-white-background-color has-text-color has-background has-link-color wp-element-button\" href=\"https:\/\/profisaison.com\/es\/operadores-de-re-efectos-de-sap-esta-pagina-es-para-nosotros\/jour-fixe-la-gobernanza-de-proyectos-no-requiere-presencia-permanente\/\">C\u00f3mo volver a ganar velocidad en su proyecto\u2192<\/a><\/div>\n<\/div>\n\n\n\n<p class=\"has-text-align-center\"><em>(para usuarios registrados. Si a\u00fan no est\u00e1 registrado,<\/em><br\/><em>puede <a href=\"https:\/\/profisaison.com\/my-account\/\" data-type=\"link\" data-id=\"https:\/\/profisaison.com\/my-account\/\">registrarse como operador<\/a>).<\/em><\/p>\n<\/details>\n\n<div class=\"ps-div-sub\" role=\"separator\" aria-hidden=\"true\"><span class=\"ps-div-sub__line\"><\/span><img src=\"https:\/\/www.pics1.profisaison.com\/assets2\/logos2\/ps03.png\" alt=\"\" class=\"ps-div-sub__icon\" loading=\"lazy\" decoding=\"async\" width=\"22\" height=\"22\"\/><span class=\"ps-div-sub__line ps-div-sub__line--r\"><\/span><\/div><style>.ps-div-sub {\n    display: flex;\n    align-items: center;\n    gap: .9rem;\n    width: 100%;\n    max-width: 520px;\n    margin: 2.25rem auto;\n    padding: 0 1rem;\n    box-sizing: border-box;\n  }\n  .ps-div-sub__line {\n    flex: 1;\n    display: block;\n    height: 1px;\n    opacity: .4;\n    background: linear-gradient(90deg, transparent, #5D8AA8 55%);\n  }\n  .ps-div-sub__line--r {\n    background: linear-gradient(90deg, #5D8AA8, transparent 55%);\n  }\n  .ps-div-sub__icon {\n    width: auto;\n    height: 20px;\n    max-width: 22px;\n    object-fit: contain;\n    opacity: .65;\n    display: block;\n    transition: opacity .35s ease, transform .45s cubic-bezier(.16,1,.3,1);\n  }\n  .ps-div-sub__icon:hover {\n    opacity: 1;\n    transform: rotate(12deg) scale(1.1);\n  }\n  @media (prefers-reduced-motion: reduce) {\n    .ps-div-sub__icon { transition: none; }\n  }\n<\/style>\n\n<h3 class=\"wp-block-heading\" style=\"margin-top:var(--wp--preset--spacing--40);margin-bottom:var(--wp--preset--spacing--40)\">3. Hay un drenaje limitado de conocimientos en SAP RE-FX en nuestra empresa. Por otro lado, estamos formando a juniors externos con ello. <\/h3>\n\n<details class=\"wp-block-details has-medium-font-size is-layout-flow wp-container-core-details-is-layout-5dafc681 wp-block-details-is-layout-flow\"><summary><strong><em>\u00abCada mes empieza alguien nuevo. Tres meses despu\u00e9s han vuelto a desaparecer. Y ahora tambi\u00e9n se va un desarrollador de RE-FX&#8230;\u00bb<\/em><\/strong><\/summary>\n<p>Nuestros tres usuarios clave m\u00e1s fuertes se marcharon en el \u00faltimo a\u00f1o. Doce personas ahora hacen el trabajo que hac\u00edan ocho antes. Los que se quedan pasan su tiempo incorporando al siguiente lote en vez de ejecutar el sistema. Los consultores de RE-FX que traemos para los huecos no se quedan el tiempo suficiente para cubrirlos. Las solicitudes de cambio se acumulan. El sistema sigue funcionando, pero la memoria de trabajo se va debilitando, mes a mes.     <\/p>\n\n\n\n<div class=\"wp-block-buttons is-content-justification-center is-layout-flex wp-container-core-buttons-is-layout-1fb448e7 wp-block-buttons-is-layout-flex\">\n<div class=\"wp-block-button has-custom-width wp-block-button__width-50 is-style-outline is-style-outline--3\"><a class=\"wp-block-button__link has-white-background-color has-text-color has-background has-link-color wp-element-button\" href=\"https:\/\/profisaison.com\/es\/operadores-de-re-efectos-de-sap-esta-pagina-es-para-nosotros\/transferencia-de-conocimientos-el-compromiso-mas-completo-que-hacemos\/\" style=\"color:#ceb888\">Qu\u00e9 aspecto tiene un traspaso de sistemas o una conservaci\u00f3n de conocimientos \u2192 eficaz.<\/a><\/div>\n<\/div>\n\n\n\n<p class=\"has-text-align-center has-medium-font-size\"><em>(para usuarios registrados. Si a\u00fan no est\u00e1 registrado,<\/em><br\/><em>puede <a href=\"https:\/\/profisaison.com\/my-account\/\" data-type=\"link\" data-id=\"https:\/\/profisaison.com\/my-account\/\">registrarse como operador<\/a>).<\/em><\/p>\n<\/details>\n\n<div class=\"ps-div-main\" role=\"separator\" aria-hidden=\"true\"><span class=\"ps-div-main__line\"><\/span><img src=\"https:\/\/www.pics1.profisaison.com\/assets2\/logos2\/ps01.png\" alt=\"\" class=\"ps-div-main__ticket\" loading=\"lazy\" decoding=\"async\" width=\"130\" height=\"28\"\/><span class=\"ps-div-main__line ps-div-main__line--r\"><\/span><\/div><style>.ps-div-main {\n    display: flex;\n    align-items: center;\n    gap: 1.25rem;\n    width: 100%;\n    max-width: 720px;\n    margin: 3.5rem auto;\n    padding: 0 1rem;\n    box-sizing: border-box;\n  }\n  .ps-div-main__line {\n    flex: 1;\n    display: block;\n    height: 2px;\n    opacity: .55;\n    border-radius: 1px;\n    background: linear-gradient(90deg, transparent, #5D8AA8 55%);\n  }\n  .ps-div-main__line--r {\n    background: linear-gradient(90deg, #5D8AA8, transparent 55%);\n  }\n  .ps-div-main__ticket {\n    width: auto;\n    height: 28px;\n    max-width: 130px;\n    object-fit: contain;\n    opacity: .8;\n    display: block;\n    transition: opacity .35s ease, transform .45s cubic-bezier(.16,1,.3,1);\n  }\n  .ps-div-main__ticket:hover {\n    opacity: 1;\n    transform: translateY(-1px) rotate(-1.5deg);\n  }\n  @media (prefers-reduced-motion: reduce) {\n    .ps-div-main__ticket { transition: none; }\n  }\n<\/style>\n\n<div style=\"height:100px\" aria-hidden=\"true\" class=\"wp-block-spacer\"><\/div>\n\n<div style=\"height:100px\" aria-hidden=\"true\" class=\"wp-block-spacer\"><\/div>\n","protected":false},"excerpt":{"rendered":"<p>Para las empresas inmobiliarias \u2014 asociaciones de vivienda, operadores comerciales, cooperativas \u00bfTe suena algo de eso? 1. Nuestro cierre de los cargos de liquidaci\u00f3n se sale de la l\u00ednea, con demasiada frecuencia. 2. Estamos atascados. \u00a1Ahora! 3. Hay un drenaje limitado de conocimientos en SAP RE-FX en nuestra empresa. Por otro lado, estamos formando a [&hellip;]<\/p>\n","protected":false},"author":1,"featured_media":0,"parent":4549,"menu_order":0,"comment_status":"closed","ping_status":"closed","template":"","meta":{"_acf_changed":false,"footnotes":""},"class_list":["post-3651","page","type-page","status-publish","hentry"],"acf":[],"_hostinger_reach_plugin_has_subscription_block":false,"_hostinger_reach_plugin_is_elementor":false,"_links":{"self":[{"href":"https:\/\/profisaison.com\/es\/wp-json\/wp\/v2\/pages\/3651","targetHints":{"allow":["GET"]}}],"collection":[{"href":"https:\/\/profisaison.com\/es\/wp-json\/wp\/v2\/pages"}],"about":[{"href":"https:\/\/profisaison.com\/es\/wp-json\/wp\/v2\/types\/page"}],"author":[{"embeddable":true,"href":"https:\/\/profisaison.com\/es\/wp-json\/wp\/v2\/users\/1"}],"replies":[{"embeddable":true,"href":"https:\/\/profisaison.com\/es\/wp-json\/wp\/v2\/comments?post=3651"}],"version-history":[{"count":2,"href":"https:\/\/profisaison.com\/es\/wp-json\/wp\/v2\/pages\/3651\/revisions"}],"predecessor-version":[{"id":5269,"href":"https:\/\/profisaison.com\/es\/wp-json\/wp\/v2\/pages\/3651\/revisions\/5269"}],"up":[{"embeddable":true,"href":"https:\/\/profisaison.com\/es\/wp-json\/wp\/v2\/pages\/4549"}],"wp:attachment":[{"href":"https:\/\/profisaison.com\/es\/wp-json\/wp\/v2\/media?parent=3651"}],"curies":[{"name":"wp","href":"https:\/\/api.w.org\/{rel}","templated":true}]}}