{"id":3642,"date":"2026-04-19T14:53:54","date_gmt":"2026-04-19T14:53:54","guid":{"rendered":"https:\/\/profisaison.com\/profisaison-elevating-your-sap-re-fx-effectiveness\/nuestras-operaciones-de-sap-re-fx-lum-funcionan-pero-probablemente-no-como-deberian\/"},"modified":"2026-05-11T22:36:36","modified_gmt":"2026-05-11T22:36:36","slug":"nuestras-operaciones-de-sap-re-fx-lum-funcionan-pero-probablemente-no-como-deberian","status":"publish","type":"page","link":"https:\/\/profisaison.com\/es\/profisaison-te-ayudamos-a-gobernar-de-nuevo-tu-sap-real-esatet\/nuestras-operaciones-de-sap-re-fx-lum-funcionan-pero-probablemente-no-como-deberian\/","title":{"rendered":"Nuestras operaciones SAP\u00ae RE-FX &amp; LUM funcionan, pero probablemente no de la forma ideal."},"content":{"rendered":"\n<blockquote class=\"wp-block-quote is-layout-flow wp-block-quote-is-layout-flow\">\n<div class=\"wp-block-group\"><div class=\"wp-block-group__inner-container is-layout-constrained wp-block-group-is-layout-constrained\">\n<div class=\"wp-block-group is-nowrap is-layout-flex wp-container-core-group-is-layout-6c531013 wp-block-group-is-layout-flex\">\n<figure class=\"wp-block-image size-thumbnail is-resized is-style-default\"><img loading=\"lazy\" decoding=\"async\" width=\"150\" height=\"150\" src=\"https:\/\/profisaison.com\/wp-content\/uploads\/2026\/04\/386CA129-CBF9-4342-9645-75B9EAD8A8BF-2-150x150.png\" alt=\"\" class=\"wp-image-1993\" style=\"aspect-ratio:1;object-fit:cover;width:211px;height:auto\" srcset=\"https:\/\/profisaison.com\/wp-content\/uploads\/2026\/04\/386CA129-CBF9-4342-9645-75B9EAD8A8BF-2-150x150.png 150w, https:\/\/profisaison.com\/wp-content\/uploads\/2026\/04\/386CA129-CBF9-4342-9645-75B9EAD8A8BF-2-324x324.png 324w, https:\/\/profisaison.com\/wp-content\/uploads\/2026\/04\/386CA129-CBF9-4342-9645-75B9EAD8A8BF-2-100x100.png 100w\" sizes=\"auto, (max-width: 150px) 100vw, 150px\" \/><\/figure>\n\n\n\n<h2 class=\"wp-block-heading\">Para <em>organizaciones p\u00fablicas de bienes ra\u00edces e infraestructuras<\/em><\/h2>\n<\/div>\n<\/div><\/div>\n<\/blockquote>\n\n<div class=\"ps-spacer\" aria-hidden=\"true\"><\/div><style>.ps-spacer { height: 4rem; }\n<\/style>\n\n<h3 class=\"wp-block-heading has-text-align-left\"><em>\u00bfTe suena algo de eso?<\/em><\/h3>\n\n<div class=\"ps-div-sub\" role=\"separator\" aria-hidden=\"true\"><span class=\"ps-div-sub__line\"><\/span><img src=\"https:\/\/www.pics1.profisaison.com\/assets2\/logos2\/ps03.png\" alt=\"\" class=\"ps-div-sub__icon\" loading=\"lazy\" decoding=\"async\" width=\"22\" height=\"22\"\/><span class=\"ps-div-sub__line ps-div-sub__line--r\"><\/span><\/div><style>.ps-div-sub {\n    display: flex;\n    align-items: center;\n    gap: .9rem;\n    width: 100%;\n    max-width: 520px;\n    margin: 2.25rem auto;\n    padding: 0 1rem;\n    box-sizing: border-box;\n  }\n  .ps-div-sub__line {\n    flex: 1;\n    display: block;\n    height: 1px;\n    opacity: .4;\n    background: linear-gradient(90deg, transparent, #5D8AA8 55%);\n  }\n  .ps-div-sub__line--r {\n    background: linear-gradient(90deg, #5D8AA8, transparent 55%);\n  }\n  .ps-div-sub__icon {\n    width: auto;\n    height: 20px;\n    max-width: 22px;\n    object-fit: contain;\n    opacity: .65;\n    display: block;\n    transition: opacity .35s ease, transform .45s cubic-bezier(.16,1,.3,1);\n  }\n  .ps-div-sub__icon:hover {\n    opacity: 1;\n    transform: rotate(12deg) scale(1.1);\n  }\n  @media (prefers-reduced-motion: reduce) {\n    .ps-div-sub__icon { transition: none; }\n  }\n<\/style>\n\n<h3 class=\"wp-block-heading has-text-align-left\" style=\"margin-top:var(--wp--preset--spacing--40);margin-bottom:var(--wp--preset--spacing--40)\">1. Las solicitudes de cambio se acumulan mucho durante un mes.<\/h3>\n\n<details class=\"wp-block-details has-medium-font-size is-layout-flow wp-container-core-details-is-layout-5dafc681 wp-block-details-is-layout-flow\"><summary><em>Cientos de peque\u00f1os errores cada fin de mes \u2014 y nadie tiene la imagen completa del sistema.<\/em><\/summary>\n<p class=\"has-medium-font-size\">El sistema ha crecido m\u00e1s all\u00e1 de lo que una sola persona puede seguir teniendo a la vista. Las interfaces de PSCD se rompen en cada punto de contacto con RE-FX (lo mismo ocurre con la interfaz de usuario de SAP en la infraestructura), se est\u00e1 a\u00f1adiendo un nuevo proyecto CAFM sin que nadie sepa muy bien qu\u00e9 debe aportar y un SIG del que dependen la mitad de los procesos ya no recibe actualizaciones del proveedor. Cada final de mes, las consecuencias llegan en forma de cientos de peque\u00f1os errores - algunos en PSCD, otros en contabilizaciones ordinarias, y donde se aplica la NIIF 16 (normalmente operadores de infraestructuras, servicios postales, grandes empresas de servicios p\u00fablicos ) algunos ah\u00ed tambi\u00e9n. Cada uno es rastreable, si se le da tiempo. La mayor\u00eda son conocidos por alguien, en alg\u00fan lugar de la organizaci\u00f3n. Lo que ya no existe es una visi\u00f3n de conjunto: una persona, o un documento, que tenga a la vista todo el sistema a la vez. Las finanzas esperan, y la investigaci\u00f3n empieza de cero cada vez.      <\/p>\n\n\n\n<div class=\"wp-block-buttons is-content-justification-center is-layout-flex wp-container-core-buttons-is-layout-a89b3969 wp-block-buttons-is-layout-flex\">\n<div class=\"wp-block-button has-custom-width wp-block-button__width-50 is-style-outline is-style-outline--1\"><a class=\"wp-block-button__link has-vivid-cyan-blue-color has-white-background-color has-text-color has-background has-link-color wp-element-button\" href=\"https:\/\/profisaison.com\/es\/profisaison-te-ayudamos-a-gobernar-de-nuevo-tu-sap-real-esatet\/nuestras-operaciones-de-sap-re-fx-lum-funcionan-pero-probablemente-no-como-deberian\/las-solicitudes-de-cambios-se-acumulan-mucho-revision-de-estado-del-sistema-para-pre-e-infraestructura\/\">Lo que esto suele significar \u2192<\/a><\/div>\n<\/div>\n\n\n\n<p class=\"has-text-align-center has-normal-font-size\"><em>(esta secci\u00f3n est\u00e1 disponible para cualquier usuario)<\/em><\/p>\n<\/details>\n\n<div class=\"ps-div-sub\" role=\"separator\" aria-hidden=\"true\"><span class=\"ps-div-sub__line\"><\/span><img src=\"https:\/\/www.pics1.profisaison.com\/assets2\/logos2\/ps03.png\" alt=\"\" class=\"ps-div-sub__icon\" loading=\"lazy\" decoding=\"async\" width=\"22\" height=\"22\"\/><span class=\"ps-div-sub__line ps-div-sub__line--r\"><\/span><\/div><style>.ps-div-sub {\n    display: flex;\n    align-items: center;\n    gap: .9rem;\n    width: 100%;\n    max-width: 520px;\n    margin: 2.25rem auto;\n    padding: 0 1rem;\n    box-sizing: border-box;\n  }\n  .ps-div-sub__line {\n    flex: 1;\n    display: block;\n    height: 1px;\n    opacity: .4;\n    background: linear-gradient(90deg, transparent, #5D8AA8 55%);\n  }\n  .ps-div-sub__line--r {\n    background: linear-gradient(90deg, #5D8AA8, transparent 55%);\n  }\n  .ps-div-sub__icon {\n    width: auto;\n    height: 20px;\n    max-width: 22px;\n    object-fit: contain;\n    opacity: .65;\n    display: block;\n    transition: opacity .35s ease, transform .45s cubic-bezier(.16,1,.3,1);\n  }\n  .ps-div-sub__icon:hover {\n    opacity: 1;\n    transform: rotate(12deg) scale(1.1);\n  }\n  @media (prefers-reduced-motion: reduce) {\n    .ps-div-sub__icon { transition: none; }\n  }\n<\/style>\n\n<h3 class=\"wp-block-heading\">2. Pronto perderemos conocimientos.<\/h3>\n\n<details class=\"wp-block-details has-medium-font-size is-layout-flow wp-container-core-details-is-layout-119bc444 wp-block-details-is-layout-flow\"><summary><em>Nuestro consultor interno de RE-FX \/ LUM se marcha pronto. El nuevo lo resolver\u00e1 - siempre lo hacen. <\/em> <\/summary>\n<p>Nuestro consultor interno de RE-FX \/ LUM se marcha dentro de seis meses, pero tenemos un buen sucesor preparado. Tres sesiones de traspaso, unas semanas de formaci\u00f3n y estar\u00e1 al d\u00eda. De todos modos, los cambios se documentan en solicitudes de cambio. Lo que esas solicitudes de modificaci\u00f3n no contienen -el razonamiento que subyace a una clase de condici\u00f3n espec\u00edfica, la norma de contabilizaci\u00f3n modificada para una sociedad hace tres a\u00f1os, la variante de liquidaci\u00f3n ajustada para un grupo de contratos, la forma en que RE-FX habla con FI-AA, PM, IS-U, el CAFM externo, el SIG y ahora el nuevo SGD- se queda en la cabeza de una persona. Nos decimos a nosotros mismos que el sucesor lo resolver\u00e1. Si queremos ser francos, ya nos lo hemos dicho antes.      \ud83d\ude41<\/p>\n\n\n\n<div class=\"wp-block-buttons is-content-justification-center is-layout-flex wp-container-core-buttons-is-layout-1fb448e7 wp-block-buttons-is-layout-flex\">\n<div class=\"wp-block-button has-custom-width wp-block-button__width-50 is-style-outline is-style-outline--2\"><a class=\"wp-block-button__link has-white-background-color has-text-color has-background has-link-color wp-element-button\" href=\"https:\/\/profisaison.com\/es\/operadores-de-re-efectos-de-sap-esta-pagina-es-para-nosotros\/transferencia-de-conocimientos-el-compromiso-mas-completo-que-hacemos\/\" style=\"color:#ceb888\">Qu\u00e9 aspecto tiene un traspaso de sistemas o una conservaci\u00f3n de conocimientos \u2192 eficaz.<\/a><\/div>\n<\/div>\n\n\n\n<p class=\"has-text-align-center has-medium-font-size\"><em>(para usuarios registrados. Si a\u00fan no est\u00e1 registrado,<\/em><br\/><em>puede <a href=\"https:\/\/profisaison.com\/my-account\/\" data-type=\"link\" data-id=\"https:\/\/profisaison.com\/my-account\/\">registrarse como operador<\/a>).<\/em><\/p>\n<\/details>\n\n<div class=\"ps-div-sub\" role=\"separator\" aria-hidden=\"true\"><span class=\"ps-div-sub__line\"><\/span><img src=\"https:\/\/www.pics1.profisaison.com\/assets2\/logos2\/ps03.png\" alt=\"\" class=\"ps-div-sub__icon\" loading=\"lazy\" decoding=\"async\" width=\"22\" height=\"22\"\/><span class=\"ps-div-sub__line ps-div-sub__line--r\"><\/span><\/div><style>.ps-div-sub {\n    display: flex;\n    align-items: center;\n    gap: .9rem;\n    width: 100%;\n    max-width: 520px;\n    margin: 2.25rem auto;\n    padding: 0 1rem;\n    box-sizing: border-box;\n  }\n  .ps-div-sub__line {\n    flex: 1;\n    display: block;\n    height: 1px;\n    opacity: .4;\n    background: linear-gradient(90deg, transparent, #5D8AA8 55%);\n  }\n  .ps-div-sub__line--r {\n    background: linear-gradient(90deg, #5D8AA8, transparent 55%);\n  }\n  .ps-div-sub__icon {\n    width: auto;\n    height: 20px;\n    max-width: 22px;\n    object-fit: contain;\n    opacity: .65;\n    display: block;\n    transition: opacity .35s ease, transform .45s cubic-bezier(.16,1,.3,1);\n  }\n  .ps-div-sub__icon:hover {\n    opacity: 1;\n    transform: rotate(12deg) scale(1.1);\n  }\n  @media (prefers-reduced-motion: reduce) {\n    .ps-div-sub__icon { transition: none; }\n  }\n<\/style>\n\n<h3 class=\"wp-block-heading\" style=\"margin-top:var(--wp--preset--spacing--40);margin-bottom:var(--wp--preset--spacing--40)\">2. Meses despu\u00e9s, el proyecto no ha avanzado.<\/h3>\n\n<details class=\"wp-block-details has-medium-font-size is-layout-flow wp-container-core-details-is-layout-5dafc681 wp-block-details-is-layout-flow\"><summary><em>Nuestro nuevo jefe de proyecto tiene un plan. El proyecto sigue sin avanzar y empezamos a ver por qu\u00e9<\/em>.<\/summary>\n<p>Trajimos a alguien capaz o ya lo hemos hecho. El plan es s\u00f3lido. El equipo es profesional, tiene experiencia y -sobre el papel- est\u00e1 alineado. Lo que se est\u00e1 haciendo visible, mes a mes, es que cada paso significativo requiere una decisi\u00f3n que nadie est\u00e1 dispuesto a tomar primero. Los colegas que mantienen el contexto tienen razones, visibles e invisibles, para dejar que las cosas sigan como est\u00e1n. El personal subalterno que podr\u00eda avanzar m\u00e1s deprisa toma la palabra. Las escaladas vuelven con un \u00abvolvamos a revisarlo el mes que viene\u00bb El proyecto no fracasa; va a la deriva. Y nuestro nuevo jefe de proyecto est\u00e1 aprendiendo que presionar m\u00e1s no acelera nada, s\u00f3lo identifica a los que no se mover\u00e1n.       <\/p>\n\n\n\n<div class=\"wp-block-buttons is-content-justification-center is-layout-flex wp-container-core-buttons-is-layout-1fb448e7 wp-block-buttons-is-layout-flex\">\n<div class=\"wp-block-button has-custom-width wp-block-button__width-50 is-style-outline is-style-outline--3\"><a class=\"wp-block-button__link has-luminous-vivid-orange-color has-white-background-color has-text-color has-background has-link-color wp-element-button\" href=\"https:\/\/profisaison.com\/es\/operadores-de-re-efectos-de-sap-esta-pagina-es-para-nosotros\/jour-fixe-la-gobernanza-de-proyectos-no-requiere-presencia-permanente\/\">C\u00f3mo volver a ganar velocidad en su proyecto\u2192<\/a><\/div>\n<\/div>\n\n\n\n<p class=\"has-text-align-center\"><em>(para usuarios registrados. Si a\u00fan no est\u00e1 registrado,<\/em><br\/><em>puede <a href=\"https:\/\/profisaison.com\/my-account\/\" data-type=\"link\" data-id=\"https:\/\/profisaison.com\/my-account\/\">registrarse como operador<\/a>).<\/em><\/p>\n<\/details>\n\n<div class=\"ps-div-main\" role=\"separator\" aria-hidden=\"true\"><span class=\"ps-div-main__line\"><\/span><img src=\"https:\/\/www.pics1.profisaison.com\/assets2\/logos2\/ps01.png\" alt=\"\" class=\"ps-div-main__ticket\" loading=\"lazy\" decoding=\"async\" width=\"130\" height=\"28\"\/><span class=\"ps-div-main__line ps-div-main__line--r\"><\/span><\/div><style>.ps-div-main {\n    display: flex;\n    align-items: center;\n    gap: 1.25rem;\n    width: 100%;\n    max-width: 720px;\n    margin: 3.5rem auto;\n    padding: 0 1rem;\n    box-sizing: border-box;\n  }\n  .ps-div-main__line {\n    flex: 1;\n    display: block;\n    height: 2px;\n    opacity: .55;\n    border-radius: 1px;\n    background: linear-gradient(90deg, transparent, #5D8AA8 55%);\n  }\n  .ps-div-main__line--r {\n    background: linear-gradient(90deg, #5D8AA8, transparent 55%);\n  }\n  .ps-div-main__ticket {\n    width: auto;\n    height: 28px;\n    max-width: 130px;\n    object-fit: contain;\n    opacity: .8;\n    display: block;\n    transition: opacity .35s ease, transform .45s cubic-bezier(.16,1,.3,1);\n  }\n  .ps-div-main__ticket:hover {\n    opacity: 1;\n    transform: translateY(-1px) rotate(-1.5deg);\n  }\n  @media (prefers-reduced-motion: reduce) {\n    .ps-div-main__ticket { transition: none; }\n  }\n<\/style>\n\n<div style=\"height:100px\" aria-hidden=\"true\" class=\"wp-block-spacer\"><\/div>\n\n<div style=\"height:100px\" aria-hidden=\"true\" class=\"wp-block-spacer\"><\/div>\n","protected":false},"excerpt":{"rendered":"<p>\u00bfTe suena algo de eso? 1. Las solicitudes de cambio se acumulan mucho durante un mes. 2. Pronto perderemos conocimientos. 2. Meses despu\u00e9s, el proyecto no ha avanzado.<\/p>\n","protected":false},"author":1,"featured_media":0,"parent":4549,"menu_order":0,"comment_status":"closed","ping_status":"closed","template":"","meta":{"_acf_changed":false,"footnotes":""},"class_list":["post-3642","page","type-page","status-publish","hentry"],"acf":[],"_hostinger_reach_plugin_has_subscription_block":false,"_hostinger_reach_plugin_is_elementor":false,"_links":{"self":[{"href":"https:\/\/profisaison.com\/es\/wp-json\/wp\/v2\/pages\/3642","targetHints":{"allow":["GET"]}}],"collection":[{"href":"https:\/\/profisaison.com\/es\/wp-json\/wp\/v2\/pages"}],"about":[{"href":"https:\/\/profisaison.com\/es\/wp-json\/wp\/v2\/types\/page"}],"author":[{"embeddable":true,"href":"https:\/\/profisaison.com\/es\/wp-json\/wp\/v2\/users\/1"}],"replies":[{"embeddable":true,"href":"https:\/\/profisaison.com\/es\/wp-json\/wp\/v2\/comments?post=3642"}],"version-history":[{"count":5,"href":"https:\/\/profisaison.com\/es\/wp-json\/wp\/v2\/pages\/3642\/revisions"}],"predecessor-version":[{"id":5567,"href":"https:\/\/profisaison.com\/es\/wp-json\/wp\/v2\/pages\/3642\/revisions\/5567"}],"up":[{"embeddable":true,"href":"https:\/\/profisaison.com\/es\/wp-json\/wp\/v2\/pages\/4549"}],"wp:attachment":[{"href":"https:\/\/profisaison.com\/es\/wp-json\/wp\/v2\/media?parent=3642"}],"curies":[{"name":"wp","href":"https:\/\/api.w.org\/{rel}","templated":true}]}}