{"id":3591,"date":"2026-04-19T16:29:53","date_gmt":"2026-04-19T16:29:53","guid":{"rendered":"https:\/\/profisaison.com\/profisaison-elevating-your-sap-re-fx-effectiveness\/el-procesamiento-de-nuestro-contrato-de-alquiler-no-funciona-como-deberia-y-no-podemos-precisar-por-que\/"},"modified":"2026-05-11T21:27:53","modified_gmt":"2026-05-11T21:27:53","slug":"el-procesamiento-de-nuestro-contrato-de-alquiler-no-funciona-como-deberia-y-no-podemos-precisar-por-que","status":"publish","type":"page","link":"https:\/\/profisaison.com\/es\/profisaison-te-ayudamos-a-gobernar-de-nuevo-tu-sap-real-esatet\/el-procesamiento-de-nuestro-contrato-de-alquiler-no-funciona-como-deberia-y-no-podemos-precisar-por-que\/","title":{"rendered":"El procesamiento de nuestro contrato de alquiler no funciona como deber\u00eda \u2014 y no podemos precisar por qu\u00e9."},"content":{"rendered":"\n<div class=\"wp-block-group\"><div class=\"wp-block-group__inner-container is-layout-constrained wp-block-group-is-layout-constrained\">\n<div class=\"wp-block-group is-nowrap is-layout-flex wp-container-core-group-is-layout-6c531013 wp-block-group-is-layout-flex\">\n<blockquote class=\"wp-block-quote is-layout-flow wp-block-quote-is-layout-flow\">\n<div class=\"wp-block-group is-content-justification-left is-nowrap is-layout-flex wp-container-core-group-is-layout-fc9f69e7 wp-block-group-is-layout-flex\">\n<figure class=\"wp-block-image size-thumbnail is-resized is-style-default\"><img loading=\"lazy\" decoding=\"async\" width=\"150\" height=\"150\" src=\"https:\/\/profisaison.com\/wp-content\/uploads\/2026\/04\/E9DE73E7-2E60-40F5-9579-66C88BF21B3F-2-150x150.png\" alt=\"\" class=\"wp-image-1882\" style=\"aspect-ratio:1;object-fit:cover;width:211px;height:auto\" srcset=\"https:\/\/profisaison.com\/wp-content\/uploads\/2026\/04\/E9DE73E7-2E60-40F5-9579-66C88BF21B3F-2-150x150.png 150w, https:\/\/profisaison.com\/wp-content\/uploads\/2026\/04\/E9DE73E7-2E60-40F5-9579-66C88BF21B3F-2-324x324.png 324w, https:\/\/profisaison.com\/wp-content\/uploads\/2026\/04\/E9DE73E7-2E60-40F5-9579-66C88BF21B3F-2-100x100.png 100w\" sizes=\"auto, (max-width: 150px) 100vw, 150px\" \/><\/figure>\n\n\n\n<h2 class=\"wp-block-heading\">Para organizaciones corporativas que gestionan su propia cartera inmobiliaria.<\/h2>\n<\/div>\n<\/blockquote>\n<\/div>\n<\/div><\/div>\n\n<div class=\"ps-spacer\" aria-hidden=\"true\"><\/div><style>.ps-spacer { height: 4rem; }\n<\/style>\n\n<h3 class=\"wp-block-heading\"><em>\u00bfTe suena algo de eso?<\/em><\/h3>\n\n<div class=\"ps-div-sub\" role=\"separator\" aria-hidden=\"true\"><span class=\"ps-div-sub__line\"><\/span><img src=\"https:\/\/www.pics1.profisaison.com\/assets2\/logos2\/ps03.png\" alt=\"\" class=\"ps-div-sub__icon\" loading=\"lazy\" decoding=\"async\" width=\"22\" height=\"22\"\/><span class=\"ps-div-sub__line ps-div-sub__line--r\"><\/span><\/div><style>.ps-div-sub {\n    display: flex;\n    align-items: center;\n    gap: .9rem;\n    width: 100%;\n    max-width: 520px;\n    margin: 2.25rem auto;\n    padding: 0 1rem;\n    box-sizing: border-box;\n  }\n  .ps-div-sub__line {\n    flex: 1;\n    display: block;\n    height: 1px;\n    opacity: .4;\n    background: linear-gradient(90deg, transparent, #5D8AA8 55%);\n  }\n  .ps-div-sub__line--r {\n    background: linear-gradient(90deg, #5D8AA8, transparent 55%);\n  }\n  .ps-div-sub__icon {\n    width: auto;\n    height: 20px;\n    max-width: 22px;\n    object-fit: contain;\n    opacity: .65;\n    display: block;\n    transition: opacity .35s ease, transform .45s cubic-bezier(.16,1,.3,1);\n  }\n  .ps-div-sub__icon:hover {\n    opacity: 1;\n    transform: rotate(12deg) scale(1.1);\n  }\n  @media (prefers-reduced-motion: reduce) {\n    .ps-div-sub__icon { transition: none; }\n  }\n<\/style>\n\n<h3 class=\"wp-block-heading\" style=\"margin-top:var(--wp--preset--spacing--40);margin-bottom:var(--wp--preset--spacing--40)\">1. Nuestras NIIF parec\u00edan estar bien. Ahora, cada cierre de fin de mes es un riesgo. <\/h3>\n\n<details class=\"wp-block-details has-medium-font-size is-layout-flow wp-container-core-details-is-layout-5dafc681 wp-block-details-is-layout-flow\"><summary>La valoraci\u00f3n a final de mes dispara los mensajes que rastreamos durante horas. A veces es la depreciaci\u00f3n, a veces la norma contable local err\u00f3nea&#8230; y Finanzas est\u00e1 esperando. <\/summary>\n<p>Cada mes, la ejecuci\u00f3n de la valoraci\u00f3n produce mensajes que rastreamos durante horas. A veces se trata de una depreciaci\u00f3n que no tuvo lugar, otras de un contrato de alquiler demasiado complejo, que tiende a atascarse en el sistema y que, como m\u00ednimo, provoca errores de redondeo. Pero el resultado es el mismo en todos los casos: la cuenta de conciliaci\u00f3n nunca se equilibra a cero.. Casi hemos construido una lista personal de contratos que no tocamos. Finanzas pregunta por qu\u00e9 el pasivo por arrendamiento se ha desplazado en decenas de miles, y les decimos que est\u00e1 en revisi\u00f3n.<\/p>\n\n\n\n<div class=\"wp-block-buttons alignwide is-content-justification-center is-layout-flex wp-container-core-buttons-is-layout-a89b3969 wp-block-buttons-is-layout-flex\">\n<div class=\"wp-block-button has-custom-width wp-block-button__width-50 is-style-outline is-style-outline--1\"><a class=\"wp-block-button__link has-vivid-cyan-blue-color has-white-background-color has-text-color has-background has-link-color wp-element-button\" href=\"https:\/\/profisaison.com\/es\/profisaison-te-ayudamos-a-gobernar-de-nuevo-tu-sap-real-esatet\/el-procesamiento-de-nuestro-contrato-de-alquiler-no-funciona-como-deberia-y-no-podemos-precisar-por-que\/ahora-cada-cierre-de-fin-de-mes-es-un-riesgo-revision-de-salud-del-sistema-para-empresas\/\">Lo que esto suele significar \u2192<\/a><\/div>\n<\/div>\n\n\n\n<p class=\"has-text-align-center has-normal-font-size\"><em>(esta secci\u00f3n est\u00e1 disponible para cualquier usuario)<\/em><\/p>\n<\/details>\n\n<div class=\"ps-div-sub\" role=\"separator\" aria-hidden=\"true\"><span class=\"ps-div-sub__line\"><\/span><img src=\"https:\/\/www.pics1.profisaison.com\/assets2\/logos2\/ps03.png\" alt=\"\" class=\"ps-div-sub__icon\" loading=\"lazy\" decoding=\"async\" width=\"22\" height=\"22\"\/><span class=\"ps-div-sub__line ps-div-sub__line--r\"><\/span><\/div><style>.ps-div-sub {\n    display: flex;\n    align-items: center;\n    gap: .9rem;\n    width: 100%;\n    max-width: 520px;\n    margin: 2.25rem auto;\n    padding: 0 1rem;\n    box-sizing: border-box;\n  }\n  .ps-div-sub__line {\n    flex: 1;\n    display: block;\n    height: 1px;\n    opacity: .4;\n    background: linear-gradient(90deg, transparent, #5D8AA8 55%);\n  }\n  .ps-div-sub__line--r {\n    background: linear-gradient(90deg, #5D8AA8, transparent 55%);\n  }\n  .ps-div-sub__icon {\n    width: auto;\n    height: 20px;\n    max-width: 22px;\n    object-fit: contain;\n    opacity: .65;\n    display: block;\n    transition: opacity .35s ease, transform .45s cubic-bezier(.16,1,.3,1);\n  }\n  .ps-div-sub__icon:hover {\n    opacity: 1;\n    transform: rotate(12deg) scale(1.1);\n  }\n  @media (prefers-reduced-motion: reduce) {\n    .ps-div-sub__icon { transition: none; }\n  }\n<\/style>\n\n<h3 class=\"wp-block-heading\" style=\"margin-top:var(--wp--preset--spacing--40);margin-bottom:var(--wp--preset--spacing--40)\">2. Estamos atascados. Ahora. <\/h3>\n\n<details class=\"wp-block-details has-medium-font-size is-layout-flow wp-container-core-details-is-layout-5dafc681 wp-block-details-is-layout-flow\"><summary>Un proyecto, una migraci\u00f3n o una decisi\u00f3n operativa ha dejado de avanzar \u2014 y cada semana de espera hace que el siguiente paso sea m\u00e1s caro.<\/summary>\n<p>No es que no sepamos qu\u00e9 hacer. Es que todo camino a seguir requiere una decisi\u00f3n que nadie quiere tomar. El equipo lleva a cabo operaciones diarias m\u00e1s tres iniciativas a medio comenzar. Las escaladas responden con un \u00abhablemos del pr\u00f3ximo trimestre.\u00bb Mientras tanto, el problema que desencaden\u00f3 esto sigue abierto, sigue cost\u00e1ndonos y seguimos esperando a que alguien decida.    <\/p>\n\n\n\n<div class=\"wp-block-buttons is-content-justification-center is-layout-flex wp-container-core-buttons-is-layout-1fb448e7 wp-block-buttons-is-layout-flex\">\n<div class=\"wp-block-button has-custom-width wp-block-button__width-50 is-style-outline is-style-outline--2\"><a class=\"wp-block-button__link has-luminous-vivid-orange-color has-white-background-color has-text-color has-background has-link-color wp-element-button\" href=\"https:\/\/profisaison.com\/es\/operadores-de-re-efectos-de-sap-esta-pagina-es-para-nosotros\/jour-fixe-la-gobernanza-de-proyectos-no-requiere-presencia-permanente\/\">C\u00f3mo volver a ganar velocidad en su proyecto\u2192<\/a><\/div>\n<\/div>\n\n\n\n<p class=\"has-text-align-center\"><em>(para usuarios registrados. Si a\u00fan no est\u00e1 registrado,<\/em><br\/><em>puede <a href=\"https:\/\/profisaison.com\/my-account\/\" data-type=\"link\" data-id=\"https:\/\/profisaison.com\/my-account\/\"><mark style=\"background-color:rgba(0, 0, 0, 0)\" class=\"has-inline-color has-luminous-vivid-orange-color\">registrarse como operador<\/mark><\/a>.)<\/em><\/p>\n<\/details>\n\n<div class=\"ps-div-sub\" role=\"separator\" aria-hidden=\"true\"><span class=\"ps-div-sub__line\"><\/span><img src=\"https:\/\/www.pics1.profisaison.com\/assets2\/logos2\/ps03.png\" alt=\"\" class=\"ps-div-sub__icon\" loading=\"lazy\" decoding=\"async\" width=\"22\" height=\"22\"\/><span class=\"ps-div-sub__line ps-div-sub__line--r\"><\/span><\/div><style>.ps-div-sub {\n    display: flex;\n    align-items: center;\n    gap: .9rem;\n    width: 100%;\n    max-width: 520px;\n    margin: 2.25rem auto;\n    padding: 0 1rem;\n    box-sizing: border-box;\n  }\n  .ps-div-sub__line {\n    flex: 1;\n    display: block;\n    height: 1px;\n    opacity: .4;\n    background: linear-gradient(90deg, transparent, #5D8AA8 55%);\n  }\n  .ps-div-sub__line--r {\n    background: linear-gradient(90deg, #5D8AA8, transparent 55%);\n  }\n  .ps-div-sub__icon {\n    width: auto;\n    height: 20px;\n    max-width: 22px;\n    object-fit: contain;\n    opacity: .65;\n    display: block;\n    transition: opacity .35s ease, transform .45s cubic-bezier(.16,1,.3,1);\n  }\n  .ps-div-sub__icon:hover {\n    opacity: 1;\n    transform: rotate(12deg) scale(1.1);\n  }\n  @media (prefers-reduced-motion: reduce) {\n    .ps-div-sub__icon { transition: none; }\n  }\n<\/style>\n\n<h3 class=\"wp-block-heading\" style=\"margin-top:var(--wp--preset--spacing--50);margin-bottom:var(--wp--preset--spacing--50)\">2. Nuestro Key-RE-FX Inhouse se ir\u00e1 pronto.<\/h3>\n\n<details class=\"wp-block-details has-medium-font-size is-layout-flow wp-container-core-details-is-layout-5dafc681 wp-block-details-is-layout-flow\"><summary>Las personas clave se ir\u00e1n en los pr\u00f3ximos 6 meses. Sus conocimientos no est\u00e1n documentados. Tenemos tiempo, pero no un plan.  <\/summary>\n<p>Dos o tres personas poseen la memoria de trabajo de nuestro sistema RE-FX. Saben qu\u00e9 tipos de condiciones se activan y cu\u00e1ndo, qu\u00e9 soluciones existen porque una migraci\u00f3n dej\u00f3 algo roto, por eso la estructura del centro de costes tiene tres excepciones. Cuando se van, ese conocimiento se va con ellos \u2014 porque nunca se escribi\u00f3 y no estamos seguros de poder extraerlo aunque lo intent\u00e1ramos.  <\/p>\n\n\n\n<div class=\"wp-block-buttons is-content-justification-center is-layout-flex wp-container-core-buttons-is-layout-1fb448e7 wp-block-buttons-is-layout-flex\">\n<div class=\"wp-block-button has-custom-width wp-block-button__width-50 is-style-outline is-style-outline--3\"><a class=\"wp-block-button__link has-white-background-color has-text-color has-background has-link-color wp-element-button\" href=\"https:\/\/profisaison.com\/es\/operadores-de-re-efectos-de-sap-esta-pagina-es-para-nosotros\/transferencia-de-conocimientos-el-compromiso-mas-completo-que-hacemos\/\" style=\"color:#ceb888\">Qu\u00e9 aspecto tiene un traspaso de sistemas o una conservaci\u00f3n de conocimientos \u2192 eficaz.<\/a><\/div>\n<\/div>\n\n\n\n<p class=\"has-text-align-center has-medium-font-size\"><em>(para usuarios registrados. Si a\u00fan no est\u00e1 registrado,<\/em><br\/><em>puede <a href=\"https:\/\/profisaison.com\/my-account\/\" data-type=\"link\" data-id=\"https:\/\/profisaison.com\/my-account\/\">registrarse como operador<\/a>).<\/em><\/p>\n<\/details>\n\n<div class=\"ps-div-main\" role=\"separator\" aria-hidden=\"true\"><span class=\"ps-div-main__line\"><\/span><img src=\"https:\/\/www.pics1.profisaison.com\/assets2\/logos2\/ps01.png\" alt=\"\" class=\"ps-div-main__ticket\" loading=\"lazy\" decoding=\"async\" width=\"130\" height=\"28\"\/><span class=\"ps-div-main__line ps-div-main__line--r\"><\/span><\/div><style>.ps-div-main {\n    display: flex;\n    align-items: center;\n    gap: 1.25rem;\n    width: 100%;\n    max-width: 720px;\n    margin: 3.5rem auto;\n    padding: 0 1rem;\n    box-sizing: border-box;\n  }\n  .ps-div-main__line {\n    flex: 1;\n    display: block;\n    height: 2px;\n    opacity: .55;\n    border-radius: 1px;\n    background: linear-gradient(90deg, transparent, #5D8AA8 55%);\n  }\n  .ps-div-main__line--r {\n    background: linear-gradient(90deg, #5D8AA8, transparent 55%);\n  }\n  .ps-div-main__ticket {\n    width: auto;\n    height: 28px;\n    max-width: 130px;\n    object-fit: contain;\n    opacity: .8;\n    display: block;\n    transition: opacity .35s ease, transform .45s cubic-bezier(.16,1,.3,1);\n  }\n  .ps-div-main__ticket:hover {\n    opacity: 1;\n    transform: translateY(-1px) rotate(-1.5deg);\n  }\n  @media (prefers-reduced-motion: reduce) {\n    .ps-div-main__ticket { transition: none; }\n  }\n<\/style>\n\n<div style=\"height:100px\" aria-hidden=\"true\" class=\"wp-block-spacer\"><\/div>\n\n<div style=\"height:100px\" aria-hidden=\"true\" class=\"wp-block-spacer\"><\/div>\n","protected":false},"excerpt":{"rendered":"<p>Para organizaciones corporativas que gestionan su propia cartera inmobiliaria. \u00bfTe suena algo de eso? 1. Nuestras NIIF parec\u00edan estar bien. Ahora, cada cierre de fin de mes es un riesgo. 2. Estamos atascados. Ahora. 2. Nuestro Key-RE-FX Inhouse se ir\u00e1 pronto.<\/p>\n","protected":false},"author":1,"featured_media":0,"parent":4549,"menu_order":0,"comment_status":"closed","ping_status":"closed","template":"","meta":{"_acf_changed":false,"footnotes":""},"class_list":["post-3591","page","type-page","status-publish","hentry"],"acf":[],"_hostinger_reach_plugin_has_subscription_block":false,"_hostinger_reach_plugin_is_elementor":false,"_links":{"self":[{"href":"https:\/\/profisaison.com\/es\/wp-json\/wp\/v2\/pages\/3591","targetHints":{"allow":["GET"]}}],"collection":[{"href":"https:\/\/profisaison.com\/es\/wp-json\/wp\/v2\/pages"}],"about":[{"href":"https:\/\/profisaison.com\/es\/wp-json\/wp\/v2\/types\/page"}],"author":[{"embeddable":true,"href":"https:\/\/profisaison.com\/es\/wp-json\/wp\/v2\/users\/1"}],"replies":[{"embeddable":true,"href":"https:\/\/profisaison.com\/es\/wp-json\/wp\/v2\/comments?post=3591"}],"version-history":[{"count":3,"href":"https:\/\/profisaison.com\/es\/wp-json\/wp\/v2\/pages\/3591\/revisions"}],"predecessor-version":[{"id":5505,"href":"https:\/\/profisaison.com\/es\/wp-json\/wp\/v2\/pages\/3591\/revisions\/5505"}],"up":[{"embeddable":true,"href":"https:\/\/profisaison.com\/es\/wp-json\/wp\/v2\/pages\/4549"}],"wp:attachment":[{"href":"https:\/\/profisaison.com\/es\/wp-json\/wp\/v2\/media?parent=3591"}],"curies":[{"name":"wp","href":"https:\/\/api.w.org\/{rel}","templated":true}]}}