{"id":3555,"date":"2026-04-22T13:58:45","date_gmt":"2026-04-22T13:58:45","guid":{"rendered":"https:\/\/profisaison.com\/ahora-cada-cierre-de-fin-de-mes-es-un-riesgo-revision-de-salud-del-sistema-para-empresas\/"},"modified":"2026-05-11T22:19:47","modified_gmt":"2026-05-11T22:19:47","slug":"ahora-cada-cierre-de-fin-de-mes-es-un-riesgo-revision-de-salud-del-sistema-para-empresas","status":"publish","type":"page","link":"https:\/\/profisaison.com\/es\/profisaison-te-ayudamos-a-gobernar-de-nuevo-tu-sap-real-esatet\/el-procesamiento-de-nuestro-contrato-de-alquiler-no-funciona-como-deberia-y-no-podemos-precisar-por-que\/ahora-cada-cierre-de-fin-de-mes-es-un-riesgo-revision-de-salud-del-sistema-para-empresas\/","title":{"rendered":"&#8230;para evitar el riesgo de cerrar el mes en su SAP\u00ae RE-FX."},"content":{"rendered":"\n<div class=\"wp-block-columns is-layout-flex wp-container-core-columns-is-layout-28f84493 wp-block-columns-is-layout-flex\">\n<div class=\"wp-block-column is-layout-flow wp-block-column-is-layout-flow\" style=\"flex-basis:33.33%\">\n<figure class=\"wp-block-image size-medium\"><img loading=\"lazy\" decoding=\"async\" width=\"300\" height=\"200\" src=\"https:\/\/profisaison.com\/wp-content\/uploads\/2026\/05\/dsfdsfdwwwfs-300x200.png\" alt=\"\" class=\"wp-image-4734\" style=\"aspect-ratio:1;object-fit:cover\" srcset=\"https:\/\/profisaison.com\/wp-content\/uploads\/2026\/05\/dsfdsfdwwwfs-300x200.png 300w, https:\/\/profisaison.com\/wp-content\/uploads\/2026\/05\/dsfdsfdwwwfs-416x277.png 416w, https:\/\/profisaison.com\/wp-content\/uploads\/2026\/05\/dsfdsfdwwwfs-1024x683.png 1024w, https:\/\/profisaison.com\/wp-content\/uploads\/2026\/05\/dsfdsfdwwwfs-768x512.png 768w, https:\/\/profisaison.com\/wp-content\/uploads\/2026\/05\/dsfdsfdwwwfs.png 1536w\" sizes=\"auto, (max-width: 300px) 100vw, 300px\" \/><\/figure>\n<\/div>\n\n\n\n<div class=\"wp-block-column is-vertically-aligned-center is-layout-flow wp-block-column-is-layout-flow\" style=\"flex-basis:66.66%\">\n<h3 class=\"wp-block-heading has-medium-font-size\" style=\"margin-top:var(--wp--preset--spacing--40);margin-bottom:var(--wp--preset--spacing--40)\">El System Health Check de SAP RE-FX para empresas es un diagn\u00f3stico independiente y estructurado del entorno de su sistema, que le ayudar\u00e1 a evaluar el estado de la implantaci\u00f3n de la NIIF 16 y mucho m\u00e1s.<\/h3>\n<\/div>\n<\/div>\n\n<div class=\"ps-div-sub\" role=\"separator\" aria-hidden=\"true\"><span class=\"ps-div-sub__line\"><\/span><img src=\"https:\/\/www.pics1.profisaison.com\/assets2\/logos2\/ps03.png\" alt=\"\" class=\"ps-div-sub__icon\" loading=\"lazy\" decoding=\"async\" width=\"22\" height=\"22\"\/><span class=\"ps-div-sub__line ps-div-sub__line--r\"><\/span><\/div><style>.ps-div-sub {\n    display: flex;\n    align-items: center;\n    gap: .9rem;\n    width: 100%;\n    max-width: 520px;\n    margin: 2.25rem auto;\n    padding: 0 1rem;\n    box-sizing: border-box;\n  }\n  .ps-div-sub__line {\n    flex: 1;\n    display: block;\n    height: 1px;\n    opacity: .4;\n    background: linear-gradient(90deg, transparent, #5D8AA8 55%);\n  }\n  .ps-div-sub__line--r {\n    background: linear-gradient(90deg, #5D8AA8, transparent 55%);\n  }\n  .ps-div-sub__icon {\n    width: auto;\n    height: 20px;\n    max-width: 22px;\n    object-fit: contain;\n    opacity: .65;\n    display: block;\n    transition: opacity .35s ease, transform .45s cubic-bezier(.16,1,.3,1);\n  }\n  .ps-div-sub__icon:hover {\n    opacity: 1;\n    transform: rotate(12deg) scale(1.1);\n  }\n  @media (prefers-reduced-motion: reduce) {\n    .ps-div-sub__icon { transition: none; }\n  }\n<\/style>\n\n<h2 class=\"wp-block-heading has-text-align-left\">\u00bfTe suena?<\/h2>\n\n<div style=\"height:100px\" aria-hidden=\"true\" class=\"wp-block-spacer\"><\/div>\n\n<details class=\"wp-block-details has-large-font-size is-layout-flow wp-block-details-is-layout-flow\"><summary>Corridas de fin de mes - pero espero a ver cu\u00e1ntas condiciones fallaron<\/summary>\n<p class=\"has-medium-font-size\">Una vez concluida la ejecuci\u00f3n de la contabilizaci\u00f3n, espero, no por si hay errores, sino para calibrar el n\u00famero. Un pu\u00f1ado de contratos falla sistem\u00e1ticamente a la hora de contabilizar correctamente. He renunciado a solucionar la causa ra\u00edz y en su lugar mantengo una lista personal. Cuando el equipo de contabilidad pregunta por el pasivo del arrendamiento del edificio 4 que se desplaza en decenas de miles, me paso dos horas rastre\u00e1ndolo. A veces encuentro la raz\u00f3n y otras simplemente digo \u00ablo controlar\u00e9 el mes que viene\u00bb. El mes que viene, es otro edificio.     <\/p>\n\n\n\n<p class=\"has-medium-font-size\">Otro tipo de problemas surge de acontecimientos no relacionados con el propio sistema. Entre ellos se incluyen las migraciones no validadas, las reorganizaciones mal ejecutadas que transfieren contratos a una nueva sociedad y los cambios normativos aplicados bajo presi\u00f3n sin una revisi\u00f3n adecuada. No se trata de errores, sino de residuos: peque\u00f1as incoherencias que se acumulan silenciosamente hasta que se advierte una discrepancia.  <\/p>\n<\/details>\n\n<div class=\"ps-div-sub\" role=\"separator\" aria-hidden=\"true\"><span class=\"ps-div-sub__line\"><\/span><img src=\"https:\/\/www.pics1.profisaison.com\/assets2\/logos2\/ps03.png\" alt=\"\" class=\"ps-div-sub__icon\" loading=\"lazy\" decoding=\"async\" width=\"22\" height=\"22\"\/><span class=\"ps-div-sub__line ps-div-sub__line--r\"><\/span><\/div><style>.ps-div-sub {\n    display: flex;\n    align-items: center;\n    gap: .9rem;\n    width: 100%;\n    max-width: 520px;\n    margin: 2.25rem auto;\n    padding: 0 1rem;\n    box-sizing: border-box;\n  }\n  .ps-div-sub__line {\n    flex: 1;\n    display: block;\n    height: 1px;\n    opacity: .4;\n    background: linear-gradient(90deg, transparent, #5D8AA8 55%);\n  }\n  .ps-div-sub__line--r {\n    background: linear-gradient(90deg, #5D8AA8, transparent 55%);\n  }\n  .ps-div-sub__icon {\n    width: auto;\n    height: 20px;\n    max-width: 22px;\n    object-fit: contain;\n    opacity: .65;\n    display: block;\n    transition: opacity .35s ease, transform .45s cubic-bezier(.16,1,.3,1);\n  }\n  .ps-div-sub__icon:hover {\n    opacity: 1;\n    transform: rotate(12deg) scale(1.1);\n  }\n  @media (prefers-reduced-motion: reduce) {\n    .ps-div-sub__icon { transition: none; }\n  }\n<\/style>\n\n<details class=\"wp-block-details has-large-font-size is-layout-flow wp-block-details-is-layout-flow\"><summary>\u00bfEsto va a la deriva o es as\u00ed como se supone que debe funcionar?<\/summary>\n<p class=\"has-medium-font-size\">El pasivo por arrendamiento fluct\u00faa en unos cientos de euros de un mes a otro. Nunca he podido comprobar si esto es normal con arreglo a la NIIF 16 -por ejemplo, la reversi\u00f3n de intereses, los efectos del tipo de cambio o el redondeo del nuevo c\u00e1lculo del valor actual neto- o si algo en la configuraci\u00f3n ha pasado desapercibido. <\/p>\n\n\n\n<p class=\"has-medium-font-size\">En alg\u00fan momento recib\u00ed una referencia de nota SAP de un colaborador del foro. La pusimos en pr\u00e1ctica. Las fluctuaciones continuaron. Lo dej\u00e9 as\u00ed.   <\/p>\n\n\n\n<p class=\"has-medium-font-size\">Varios elementos de configuraci\u00f3n son anteriores a mi mandato. Nunca se han tocado. Parecen funcionar.  <\/p>\n\n\n\n<p class=\"has-medium-font-size\">Una clase de condici\u00f3n personalizada, \u00abZ_REFX_C_something\u00bb, se cre\u00f3 durante la implementaci\u00f3n original. Se contabiliza en una cuenta espec\u00edfica cada mes. La cuenta se compensa en la conciliaci\u00f3n. Nunca he investigado lo que hace realmente. Para ser sincero, he sido reacio a hacerlo.    <\/p>\n\n\n\n<p class=\"has-medium-font-size\">Cuando los auditores me preguntan si la cifra es completa y exacta, digo \u00abs\u00ed\u00bb. Lo digo con convicci\u00f3n. <\/p>\n\n\n\n<p class=\"has-medium-font-size\">Pero la pregunta a la que no puedo responder es otra: Puedo confirmar que la cifra se produce de la misma forma que el a\u00f1o pasado. No puedo confirmar que esta coherencia equivalga a exactitud. <\/p>\n<\/details>\n\n<div class=\"ps-div-sub\" role=\"separator\" aria-hidden=\"true\"><span class=\"ps-div-sub__line\"><\/span><img src=\"https:\/\/www.pics1.profisaison.com\/assets2\/logos2\/ps03.png\" alt=\"\" class=\"ps-div-sub__icon\" loading=\"lazy\" decoding=\"async\" width=\"22\" height=\"22\"\/><span class=\"ps-div-sub__line ps-div-sub__line--r\"><\/span><\/div><style>.ps-div-sub {\n    display: flex;\n    align-items: center;\n    gap: .9rem;\n    width: 100%;\n    max-width: 520px;\n    margin: 2.25rem auto;\n    padding: 0 1rem;\n    box-sizing: border-box;\n  }\n  .ps-div-sub__line {\n    flex: 1;\n    display: block;\n    height: 1px;\n    opacity: .4;\n    background: linear-gradient(90deg, transparent, #5D8AA8 55%);\n  }\n  .ps-div-sub__line--r {\n    background: linear-gradient(90deg, #5D8AA8, transparent 55%);\n  }\n  .ps-div-sub__icon {\n    width: auto;\n    height: 20px;\n    max-width: 22px;\n    object-fit: contain;\n    opacity: .65;\n    display: block;\n    transition: opacity .35s ease, transform .45s cubic-bezier(.16,1,.3,1);\n  }\n  .ps-div-sub__icon:hover {\n    opacity: 1;\n    transform: rotate(12deg) scale(1.1);\n  }\n  @media (prefers-reduced-motion: reduce) {\n    .ps-div-sub__icon { transition: none; }\n  }\n<\/style>\n\n<details class=\"wp-block-details has-large-font-size is-layout-flow wp-block-details-is-layout-flow\"><summary>He dejado de preguntar y he creado mis propias soluciones.<\/summary>\n<p class=\"has-medium-font-size\">La NIIF 16 se aplic\u00f3 correctamente. Los consultores externos configuraron las reglas de valoraci\u00f3n, ejecutaron la transici\u00f3n y contabilizaron el saldo de apertura. La UAT pas\u00f3. El auditor dio el visto bueno al primer cierre del ejercicio. Las cifras aterrizaron en los informes del grupo. Ese fue el momento en que el sistema se convirti\u00f3 en m\u00edo.     <\/p>\n\n\n\n<p class=\"has-medium-font-size\">Entonces las cosas empezaron a ir a la deriva. Mensajes de error que nunca hab\u00eda visto antes. Contabilizaciones que funcionaron limpias durante tres a\u00f1os arrojando de repente AA594. Una modificaci\u00f3n de contrato que deber\u00eda haber sido rutinaria produciendo diferencias de amortizaci\u00f3n que nadie puede explicar. Realizo la valoraci\u00f3n mensual, contabilizo los asientos, presento la declaraci\u00f3n&#8230; pero cada vez dedico m\u00e1s tiempo a solucionar cosas que antes simplemente funcionaban. No puedo reconstruir por qu\u00e9 una clase de condici\u00f3n espec\u00edfica se asigna a una cuenta espec\u00edfica. No puedo explicar por qu\u00e9 el pasivo por arrendamiento se mueve de la forma en que lo hace entre periodos. Los asesores dejaron documentaci\u00f3n que describe lo que se construy\u00f3 - no el porqu\u00e9, y no si todav\u00eda encaja hoy.       <\/p>\n\n\n\n<p class=\"has-medium-font-size\">Cada trimestre el auditor pregunta si la cifra es completa y exacta. Yo digo que s\u00ed. Lo digo con convicci\u00f3n. Lo que en realidad puedo confirmar es m\u00e1s escueto: la cifra se elabora de la misma forma que el trimestre pasado, menos algunas soluciones que he ido a\u00f1adiendo por el camino. Si eso es lo mismo que exacto, no lo s\u00e9. Admitirlo significar\u00eda abrir una puerta que no puedo volver a cerrar. As\u00ed que mientras las cifras no parezcan obviamente absurdas, son suficientemente buenas.      <\/p>\n<\/details>\n\n<div class=\"ps-q-funnel\" role=\"separator\"><span class=\"ps-q-funnel__line\"><\/span><span class=\"ps-q-funnel__word\">All this leads to the same consideration \u2026<\/span><span class=\"ps-q-funnel__line ps-q-funnel__line--r\"><\/span><\/div><div class=\"ps-q-funnel__arrow\">\u2193<\/div><style>.ps-q-funnel {\n  display:flex;\n  align-items:center;\n  gap:1.5rem;\n  width:100%;\n  max-width:720px;\n  margin:4rem auto 0;\n  padding:0 1rem;\n  box-sizing:border-box;\n}\n.ps-q-funnel__line {\n  flex:1;\n  height:2px;\n  background:linear-gradient(90deg,transparent,#5D8AA8 40%);\n  opacity:.85;\n  display:block;\n  border-radius:1px;\n}\n.ps-q-funnel__line--r {\n  background:linear-gradient(90deg,#5D8AA8,transparent 60%);\n}\n.ps-q-funnel__word {\n  flex-shrink:0;\n  padding:0 .9rem;\n  font-family:Georgia,\"Times New Roman\",serif;\n  font-style:italic;\n  font-size:17px;\n  font-weight:400;\n  letter-spacing:.02em;\n  color:#5D8AA8;\n  line-height:1;\n}\n.ps-q-funnel__arrow {\n  text-align:center;\n  font-size:48px;\n  color:#CEB888;\n  margin:0.25rem auto 4rem;\n  max-width:720px;\n  padding:0 1rem;\n  line-height:1;\n}\n@media(max-width:480px){\n  .ps-q-funnel{gap:1rem;}\n  .ps-q-funnel__word{font-size:14px;}\n}\n<\/style>\n\n<h2 class=\"wp-block-heading has-text-align-left\">\u00abPara resolverlos tendremos que averiguar en qu\u00e9 punto nos encontramos realmente\u00bb.<\/h2>\n\n<div class=\"wp-block-group is-content-justification-space-between is-nowrap is-layout-flex wp-container-core-group-is-layout-c0dd7891 wp-block-group-is-layout-flex\">\n<figure class=\"wp-block-image size-medium is-resized is-style-default wp-duotone-grayscale\"><img loading=\"lazy\" decoding=\"async\" width=\"300\" height=\"200\" src=\"https:\/\/profisaison.com\/wp-content\/uploads\/2026\/04\/PNG-image-23-300x200.png\" alt=\"\" class=\"wp-image-2299\" style=\"aspect-ratio:16\/9;object-fit:cover;width:210px;height:auto\" srcset=\"https:\/\/profisaison.com\/wp-content\/uploads\/2026\/04\/PNG-image-23-300x200.png 300w, https:\/\/profisaison.com\/wp-content\/uploads\/2026\/04\/PNG-image-23-416x277.png 416w, https:\/\/profisaison.com\/wp-content\/uploads\/2026\/04\/PNG-image-23-1024x683.png 1024w, https:\/\/profisaison.com\/wp-content\/uploads\/2026\/04\/PNG-image-23-768x512.png 768w, https:\/\/profisaison.com\/wp-content\/uploads\/2026\/04\/PNG-image-23.png 1536w\" sizes=\"auto, (max-width: 300px) 100vw, 300px\" \/><\/figure>\n\n\n\n<p class=\"has-text-align-center\">\u00abNecesitamos m\u00e1s informaci\u00f3n\u00bb<br\/><em>(Perspectivas sobre la empresa, lectura de 5 min)<\/em><\/p>\n\n\n\n<div class=\"wp-block-buttons is-content-justification-right is-layout-flex wp-container-core-buttons-is-layout-d445cf74 wp-block-buttons-is-layout-flex\">\n<div class=\"wp-block-button is-style-outline is-style-outline--1\"><a class=\"wp-block-button__link has-vivid-cyan-blue-color has-white-background-color has-text-color has-background has-link-color wp-element-button\" href=\"https:\/\/profisaison.com\/about\/how-we-work\/\">Leamos<\/a><\/div>\n<\/div>\n<\/div>\n\n<div class=\"ps-div-sub\" role=\"separator\" aria-hidden=\"true\"><span class=\"ps-div-sub__line\"><\/span><img src=\"https:\/\/www.pics1.profisaison.com\/assets2\/logos2\/ps03.png\" alt=\"\" class=\"ps-div-sub__icon\" loading=\"lazy\" decoding=\"async\" width=\"22\" height=\"22\"\/><span class=\"ps-div-sub__line ps-div-sub__line--r\"><\/span><\/div><style>.ps-div-sub {\n    display: flex;\n    align-items: center;\n    gap: .9rem;\n    width: 100%;\n    max-width: 520px;\n    margin: 2.25rem auto;\n    padding: 0 1rem;\n    box-sizing: border-box;\n  }\n  .ps-div-sub__line {\n    flex: 1;\n    display: block;\n    height: 1px;\n    opacity: .4;\n    background: linear-gradient(90deg, transparent, #5D8AA8 55%);\n  }\n  .ps-div-sub__line--r {\n    background: linear-gradient(90deg, #5D8AA8, transparent 55%);\n  }\n  .ps-div-sub__icon {\n    width: auto;\n    height: 20px;\n    max-width: 22px;\n    object-fit: contain;\n    opacity: .65;\n    display: block;\n    transition: opacity .35s ease, transform .45s cubic-bezier(.16,1,.3,1);\n  }\n  .ps-div-sub__icon:hover {\n    opacity: 1;\n    transform: rotate(12deg) scale(1.1);\n  }\n  @media (prefers-reduced-motion: reduce) {\n    .ps-div-sub__icon { transition: none; }\n  }\n<\/style>\n\n<div class=\"wp-block-group is-content-justification-space-between is-nowrap is-layout-flex wp-container-core-group-is-layout-c0dd7891 wp-block-group-is-layout-flex\">\n<figure class=\"wp-block-image size-medium is-resized is-style-default wp-duotone-grayscale\"><img loading=\"lazy\" decoding=\"async\" width=\"300\" height=\"200\" src=\"https:\/\/profisaison.com\/wp-content\/uploads\/2026\/04\/PNG-image-17-300x200.png\" alt=\"\" class=\"wp-image-2207\" style=\"aspect-ratio:16\/9;object-fit:cover;width:210px;height:auto\" srcset=\"https:\/\/profisaison.com\/wp-content\/uploads\/2026\/04\/PNG-image-17-300x200.png 300w, https:\/\/profisaison.com\/wp-content\/uploads\/2026\/04\/PNG-image-17-416x277.png 416w, https:\/\/profisaison.com\/wp-content\/uploads\/2026\/04\/PNG-image-17-1024x683.png 1024w, https:\/\/profisaison.com\/wp-content\/uploads\/2026\/04\/PNG-image-17-768x512.png 768w, https:\/\/profisaison.com\/wp-content\/uploads\/2026\/04\/PNG-image-17.png 1536w\" sizes=\"auto, (max-width: 300px) 100vw, 300px\" \/><\/figure>\n\n\n\n<p class=\"has-text-align-center\">\u00abQueremos hablar primero.\u00bb<br\/><em>(15 min. - sin compromiso)<\/em><\/p>\n\n\n\n<div class=\"wp-block-buttons is-content-justification-right is-layout-flex wp-container-core-buttons-is-layout-d445cf74 wp-block-buttons-is-layout-flex\">\n<div class=\"wp-block-button is-style-outline is-style-outline--2\"><a class=\"wp-block-button__link has-vivid-cyan-blue-color has-white-background-color has-text-color has-background has-link-color wp-element-button\" href=\"https:\/\/calendly.com\/picanex\/new-meeting\" target=\"_blank\" rel=\"noopener\">Vamos a hablar.<\/a><\/div>\n<\/div>\n<\/div>\n\n<div class=\"ps-div-sub\" role=\"separator\" aria-hidden=\"true\"><span class=\"ps-div-sub__line\"><\/span><img src=\"https:\/\/www.pics1.profisaison.com\/assets2\/logos2\/ps03.png\" alt=\"\" class=\"ps-div-sub__icon\" loading=\"lazy\" decoding=\"async\" width=\"22\" height=\"22\"\/><span class=\"ps-div-sub__line ps-div-sub__line--r\"><\/span><\/div><style>.ps-div-sub {\n    display: flex;\n    align-items: center;\n    gap: .9rem;\n    width: 100%;\n    max-width: 520px;\n    margin: 2.25rem auto;\n    padding: 0 1rem;\n    box-sizing: border-box;\n  }\n  .ps-div-sub__line {\n    flex: 1;\n    display: block;\n    height: 1px;\n    opacity: .4;\n    background: linear-gradient(90deg, transparent, #5D8AA8 55%);\n  }\n  .ps-div-sub__line--r {\n    background: linear-gradient(90deg, #5D8AA8, transparent 55%);\n  }\n  .ps-div-sub__icon {\n    width: auto;\n    height: 20px;\n    max-width: 22px;\n    object-fit: contain;\n    opacity: .65;\n    display: block;\n    transition: opacity .35s ease, transform .45s cubic-bezier(.16,1,.3,1);\n  }\n  .ps-div-sub__icon:hover {\n    opacity: 1;\n    transform: rotate(12deg) scale(1.1);\n  }\n  @media (prefers-reduced-motion: reduce) {\n    .ps-div-sub__icon { transition: none; }\n  }\n<\/style>\n\n<div class=\"wp-block-group has-background is-content-justification-space-between is-nowrap is-layout-flex wp-container-core-group-is-layout-cb46ffcb wp-block-group-is-layout-flex\" style=\"background-color:#ceb888\">\n<figure class=\"wp-block-image size-medium is-resized is-style-default wp-duotone-grayscale\"><img loading=\"lazy\" decoding=\"async\" width=\"300\" height=\"200\" src=\"https:\/\/profisaison.com\/wp-content\/uploads\/2026\/04\/PNG-image-18-300x200.png\" alt=\"\" class=\"wp-image-2220\" style=\"aspect-ratio:16\/9;object-fit:cover;width:210px;height:auto\" srcset=\"https:\/\/profisaison.com\/wp-content\/uploads\/2026\/04\/PNG-image-18-300x200.png 300w, https:\/\/profisaison.com\/wp-content\/uploads\/2026\/04\/PNG-image-18-416x277.png 416w, https:\/\/profisaison.com\/wp-content\/uploads\/2026\/04\/PNG-image-18-1024x683.png 1024w, https:\/\/profisaison.com\/wp-content\/uploads\/2026\/04\/PNG-image-18-768x512.png 768w, https:\/\/profisaison.com\/wp-content\/uploads\/2026\/04\/PNG-image-18.png 1536w\" sizes=\"auto, (max-width: 300px) 100vw, 300px\" \/><\/figure>\n\n\n\n<p class=\"has-text-align-center\">\u00abNos reconocemos.\u00bb<br\/><em>(Evaluaci\u00f3n en 2 d\u00edas, entrega en 10 d\u00edas,<\/em><br\/><em>Informe escrito, sin registro)<\/em><\/p>\n\n\n\n<div class=\"wp-block-buttons is-content-justification-right is-layout-flex wp-container-core-buttons-is-layout-d445cf74 wp-block-buttons-is-layout-flex\">\n<div class=\"wp-block-button is-style-outline is-style-outline--3\"><a class=\"wp-block-button__link has-vivid-cyan-blue-color has-text-color has-link-color wp-element-button\" href=\"https:\/\/profisaison.com\/es\/product\/control-de-salud-del-sistema\/\" target=\"_blank\" rel=\"noreferrer noopener\">\u00a1Empecemos!<\/a><\/div>\n<\/div>\n<\/div>\n\n<div class=\"ps-div-sub\" role=\"separator\" aria-hidden=\"true\"><span class=\"ps-div-sub__line\"><\/span><img src=\"https:\/\/www.pics1.profisaison.com\/assets2\/logos2\/ps03.png\" alt=\"\" class=\"ps-div-sub__icon\" loading=\"lazy\" decoding=\"async\" width=\"22\" height=\"22\"\/><span class=\"ps-div-sub__line ps-div-sub__line--r\"><\/span><\/div><style>.ps-div-sub {\n    display: flex;\n    align-items: center;\n    gap: .9rem;\n    width: 100%;\n    max-width: 520px;\n    margin: 2.25rem auto;\n    padding: 0 1rem;\n    box-sizing: border-box;\n  }\n  .ps-div-sub__line {\n    flex: 1;\n    display: block;\n    height: 1px;\n    opacity: .4;\n    background: linear-gradient(90deg, transparent, #5D8AA8 55%);\n  }\n  .ps-div-sub__line--r {\n    background: linear-gradient(90deg, #5D8AA8, transparent 55%);\n  }\n  .ps-div-sub__icon {\n    width: auto;\n    height: 20px;\n    max-width: 22px;\n    object-fit: contain;\n    opacity: .65;\n    display: block;\n    transition: opacity .35s ease, transform .45s cubic-bezier(.16,1,.3,1);\n  }\n  .ps-div-sub__icon:hover {\n    opacity: 1;\n    transform: rotate(12deg) scale(1.1);\n  }\n  @media (prefers-reduced-motion: reduce) {\n    .ps-div-sub__icon { transition: none; }\n  }\n<\/style>\n\n<div style=\"height:100px\" aria-hidden=\"true\" class=\"wp-block-spacer\"><\/div>\n\n<div style=\"height:100px\" aria-hidden=\"true\" class=\"wp-block-spacer\"><\/div>\n\n<div class=\"ps-div-sub\" role=\"separator\" aria-hidden=\"true\"><span class=\"ps-div-sub__line\"><\/span><img src=\"https:\/\/www.pics1.profisaison.com\/assets2\/logos2\/ps03.png\" alt=\"\" class=\"ps-div-sub__icon\" loading=\"lazy\" decoding=\"sync\" width=\"22 height=\"\/><span class=\"ps-div-sub__line ps-div-sub__line--r\"><\/span><\/div><style>.ps-div-sub {\n    display: flex;\n    align-items: center;\n    gap: .9rem;\n    width: 100%;\n    max-width: 520px;\n    margin: 2.25rem auto;\n    padding: 0 1rem;\n    box-sizing: border-box;\n  }\n  .ps-div-sub__line {\n    flex: 1;\n    display: block;\n    height: 1px;\n    opacity: .4;\n    background: linear-gradient(90deg, transparent, #5D8AA8 55%);\n  }\n  .ps-div-sub__line--r {\n    background: linear-gradient(90deg, #5D8AA8, transparent 55%);\n  }\n  .ps-div-sub__icon {\n    width: auto;\n    height: 20px;\n    max-width: 22px;\n    object-fit: contain;\n    opacity: .65;\n    display: block;\n    transition: opacity .35s ease, transform .45s cubic-bezier(.16,1,.3,1);\n  }\n  .ps-div-sub__icon:hover {\n    opacity: 1;\n    transform: rotate(12deg) scale(1.1);\n  }\n  @media (prefers-reduced-motion: reduce) {\n    .ps-div-sub__icon { transition: none; }\n  }\n<\/style>\n\n<p><\/p>\n","protected":false},"excerpt":{"rendered":"<p>El System Health Check de SAP RE-FX para empresas es un diagn\u00f3stico independiente y estructurado del entorno de su sistema, que le ayudar\u00e1 a evaluar el estado de la implantaci\u00f3n de la NIIF 16 y mucho m\u00e1s. \u00bfTe suena? All this leads to the same consideration \u2026 \u2193 \u00abPara resolverlos tendremos que averiguar en qu\u00e9 [&hellip;]<\/p>\n","protected":false},"author":1,"featured_media":0,"parent":3591,"menu_order":0,"comment_status":"closed","ping_status":"closed","template":"","meta":{"_acf_changed":false,"footnotes":""},"class_list":["post-3555","page","type-page","status-publish","hentry"],"acf":[],"_hostinger_reach_plugin_has_subscription_block":false,"_hostinger_reach_plugin_is_elementor":false,"_links":{"self":[{"href":"https:\/\/profisaison.com\/es\/wp-json\/wp\/v2\/pages\/3555","targetHints":{"allow":["GET"]}}],"collection":[{"href":"https:\/\/profisaison.com\/es\/wp-json\/wp\/v2\/pages"}],"about":[{"href":"https:\/\/profisaison.com\/es\/wp-json\/wp\/v2\/types\/page"}],"author":[{"embeddable":true,"href":"https:\/\/profisaison.com\/es\/wp-json\/wp\/v2\/users\/1"}],"replies":[{"embeddable":true,"href":"https:\/\/profisaison.com\/es\/wp-json\/wp\/v2\/comments?post=3555"}],"version-history":[{"count":14,"href":"https:\/\/profisaison.com\/es\/wp-json\/wp\/v2\/pages\/3555\/revisions"}],"predecessor-version":[{"id":5547,"href":"https:\/\/profisaison.com\/es\/wp-json\/wp\/v2\/pages\/3555\/revisions\/5547"}],"up":[{"embeddable":true,"href":"https:\/\/profisaison.com\/es\/wp-json\/wp\/v2\/pages\/3591"}],"wp:attachment":[{"href":"https:\/\/profisaison.com\/es\/wp-json\/wp\/v2\/media?parent=3555"}],"curies":[{"name":"wp","href":"https:\/\/api.w.org\/{rel}","templated":true}]}}