{"id":3603,"date":"2026-04-19T15:06:24","date_gmt":"2026-04-19T15:06:24","guid":{"rendered":"https:\/\/profisaison.com\/profisaison-elevating-your-sap-re-fx-effectiveness\/unsere-vertragsdaten-entfernen-sich-weiter-und-niemand-ist-da-um-die-korrektur-zu-uebernehmen\/"},"modified":"2026-05-11T16:12:52","modified_gmt":"2026-05-11T16:12:52","slug":"unsere-vertragsdaten-entfernen-sich-weiter-und-niemand-ist-da-um-die-korrektur-zu-uebernehmen","status":"publish","type":"page","link":"https:\/\/profisaison.com\/de\/profisaison-wir-helfen-ihnen-ihr-sap-real-esatet-wieder-zu-verwalten\/unsere-vertragsdaten-entfernen-sich-weiter-und-niemand-ist-da-um-die-korrektur-zu-uebernehmen\/","title":{"rendered":"Unsere Vertragsdaten entfernen sich immer weiter und niemand ist da, um die Korrektur zu \u00fcbernehmen."},"content":{"rendered":"\n<div class=\"wp-block-group\"><div class=\"wp-block-group__inner-container is-layout-constrained wp-block-group-is-layout-constrained\">\n<div class=\"wp-block-group is-nowrap is-layout-flex wp-container-core-group-is-layout-6c531013 wp-block-group-is-layout-flex\">\n<blockquote class=\"wp-block-quote is-layout-flow wp-block-quote-is-layout-flow\">\n<figure class=\"wp-block-image size-thumbnail is-style-default\"><img loading=\"lazy\" decoding=\"async\" width=\"150\" height=\"150\" src=\"https:\/\/profisaison.com\/wp-content\/uploads\/2026\/04\/CB669050-C403-4058-A4B5-5FB5BECCDB3F-3-150x150.png\" alt=\"\" class=\"wp-image-2015\" style=\"aspect-ratio:1;object-fit:cover\" srcset=\"https:\/\/profisaison.com\/wp-content\/uploads\/2026\/04\/CB669050-C403-4058-A4B5-5FB5BECCDB3F-3-150x150.png 150w, https:\/\/profisaison.com\/wp-content\/uploads\/2026\/04\/CB669050-C403-4058-A4B5-5FB5BECCDB3F-3-324x324.png 324w, https:\/\/profisaison.com\/wp-content\/uploads\/2026\/04\/CB669050-C403-4058-A4B5-5FB5BECCDB3F-3-100x100.png 100w\" sizes=\"auto, (max-width: 150px) 100vw, 150px\" \/><\/figure>\n<\/blockquote>\n\n\n\n<h2 class=\"wp-block-heading\">F\u00fcr Immobilienunternehmen \u2013 Wohnungsbaugenossenschaften, gewerbliche Betreiber, Genossenschaften<\/h2>\n<\/div>\n<\/div><\/div>\n\n<div class=\"ps-spacer\" aria-hidden=\"true\"><\/div><style>.ps-spacer { height: 4rem; }\n<\/style>\n\n<h4 class=\"wp-block-heading has-text-align-left\"><em>Kommt dir das irgendetwas bekannt vor?<\/em><\/h4>\n\n<div class=\"ps-div-sub\" role=\"separator\" aria-hidden=\"true\"><span class=\"ps-div-sub__line\"><\/span><img src=\"https:\/\/www.pics1.profisaison.com\/assets2\/logos2\/ps03.png\" alt=\"\" class=\"ps-div-sub__icon\" loading=\"lazy\" decoding=\"async\" width=\"22\" height=\"22\"\/><span class=\"ps-div-sub__line ps-div-sub__line--r\"><\/span><\/div><style>.ps-div-sub {\n    display: flex;\n    align-items: center;\n    gap: .9rem;\n    width: 100%;\n    max-width: 520px;\n    margin: 2.25rem auto;\n    padding: 0 1rem;\n    box-sizing: border-box;\n  }\n  .ps-div-sub__line {\n    flex: 1;\n    display: block;\n    height: 1px;\n    opacity: .4;\n    background: linear-gradient(90deg, transparent, #5D8AA8 55%);\n  }\n  .ps-div-sub__line--r {\n    background: linear-gradient(90deg, #5D8AA8, transparent 55%);\n  }\n  .ps-div-sub__icon {\n    width: auto;\n    height: 20px;\n    max-width: 22px;\n    object-fit: contain;\n    opacity: .65;\n    display: block;\n    transition: opacity .35s ease, transform .45s cubic-bezier(.16,1,.3,1);\n  }\n  .ps-div-sub__icon:hover {\n    opacity: 1;\n    transform: rotate(12deg) scale(1.1);\n  }\n  @media (prefers-reduced-motion: reduce) {\n    .ps-div-sub__icon { transition: none; }\n  }\n<\/style>\n\n<h3 class=\"wp-block-heading\" style=\"margin-top:var(--wp--preset--spacing--40);margin-bottom:var(--wp--preset--spacing--40)\">1. Unser Settlement Charges-Schluss f\u00e4llt zu oft aus dem Rahmen.<\/h3>\n\n<details class=\"wp-block-details has-medium-font-size is-layout-flow wp-container-core-details-is-layout-5dafc681 wp-block-details-is-layout-flow\" style=\"border-style:none;border-width:0px\"><summary>&#8222;<strong>Unser Servicegeb\u00fchren-Abrechnungslauf wirft Fehler, die wir nicht mehr erkl\u00e4ren k\u00f6nnen.&#8220;<\/strong><\/summary>\n<p>Die Abrechnung feuert Nachrichten ab, die wir seit Tagen verfolgen. Manchmal ist es der Kostensammler, manchmal die Abrechnungseinheit, manchmal werden die Dokumente von den Systemen nicht geliefert - und die Frist r\u00fcckt n\u00e4her. <\/p>\n\n\n\n<div class=\"wp-block-buttons is-content-justification-center is-layout-flex wp-container-core-buttons-is-layout-1fb448e7 wp-block-buttons-is-layout-flex\">\n<div class=\"wp-block-button has-custom-width wp-block-button__width-50 is-style-outline is-style-outline--1\"><a class=\"wp-block-button__link has-vivid-cyan-blue-color has-white-background-color has-text-color has-background has-link-color wp-element-button\" href=\"https:\/\/profisaison.com\/de\/profisaison-wir-helfen-ihnen-ihr-sap-real-esatet-wieder-zu-verwalten\/unsere-vertragsdaten-entfernen-sich-weiter-und-niemand-ist-da-um-die-korrektur-zu-uebernehmen\/fehler-die-wir-nicht-mehr-erklaeren-koennen-system-health-check\/\">was dies in der Regel bedeutet\u2192.  <\/a><\/div>\n<\/div>\n\n\n\n<p class=\"has-text-align-center has-normal-font-size\"><em><em>(dieser Bereich ist f\u00fcr jeden Benutzer verf\u00fcgbar)<\/em><\/em><\/p>\n<\/details>\n\n<div class=\"ps-div-sub\" role=\"separator\" aria-hidden=\"true\"><span class=\"ps-div-sub__line\"><\/span><img src=\"https:\/\/www.pics1.profisaison.com\/assets2\/logos2\/ps03.png\" alt=\"\" class=\"ps-div-sub__icon\" loading=\"lazy\" decoding=\"async\" width=\"22\" height=\"22\"\/><span class=\"ps-div-sub__line ps-div-sub__line--r\"><\/span><\/div><style>.ps-div-sub {\n    display: flex;\n    align-items: center;\n    gap: .9rem;\n    width: 100%;\n    max-width: 520px;\n    margin: 2.25rem auto;\n    padding: 0 1rem;\n    box-sizing: border-box;\n  }\n  .ps-div-sub__line {\n    flex: 1;\n    display: block;\n    height: 1px;\n    opacity: .4;\n    background: linear-gradient(90deg, transparent, #5D8AA8 55%);\n  }\n  .ps-div-sub__line--r {\n    background: linear-gradient(90deg, #5D8AA8, transparent 55%);\n  }\n  .ps-div-sub__icon {\n    width: auto;\n    height: 20px;\n    max-width: 22px;\n    object-fit: contain;\n    opacity: .65;\n    display: block;\n    transition: opacity .35s ease, transform .45s cubic-bezier(.16,1,.3,1);\n  }\n  .ps-div-sub__icon:hover {\n    opacity: 1;\n    transform: rotate(12deg) scale(1.1);\n  }\n  @media (prefers-reduced-motion: reduce) {\n    .ps-div-sub__icon { transition: none; }\n  }\n<\/style>\n\n<h3 class=\"wp-block-heading\" style=\"margin-top:var(--wp--preset--spacing--40);margin-bottom:var(--wp--preset--spacing--40)\">2. Wir stecken fest. Jetzt! <\/h3>\n\n<details class=\"wp-block-details has-medium-font-size is-layout-flow wp-container-core-details-is-layout-5dafc681 wp-block-details-is-layout-flow\"><summary><strong><em>&#8222;Ein Projekt, eine Migration hat aufgeh\u00f6rt, sich zu bewegen \u2013 und jede Woche des Wartens macht den n\u00e4chsten Schritt teurer.&#8220;<\/em><\/strong><\/summary>\n<p>Die Konsolidierung der Gesch\u00e4ftspartner hat aufgeh\u00f6rt \u2013 und jede Woche des Wartens macht das folgende DSGVO-Projekt teurer. Es ist nicht so, dass wir nicht wissen, was zu tun ist. Es ist so, dass jeder Weg nach vorne eine Entscheidung erfordert, die niemand treffen will. Die Eskalationen kommen zur\u00fcck mit &#8222;Lass uns das n\u00e4chste Quartal besprechen.&#8220; Inzwischen scheitern die Vergleichsl\u00e4ufe immer wieder bei denselben Aufzeichnungen.    <\/p>\n\n\n\n<div class=\"wp-block-buttons is-content-justification-center is-layout-flex wp-container-core-buttons-is-layout-1fb448e7 wp-block-buttons-is-layout-flex\">\n<div class=\"wp-block-button has-custom-width wp-block-button__width-50 is-style-outline is-style-outline--2\"><a class=\"wp-block-button__link has-luminous-vivid-orange-color has-white-background-color has-text-color has-background has-link-color wp-element-button\" href=\"https:\/\/profisaison.com\/de\/sap-re-fx-operatoren-diese-seite-ist-fuer-uns\/jour-fixe-projektsteuerung-erfordert-keine-dauerhafte-anwesenheit\/\">Wie Sie Ihr Projekt wieder in Schwung bringen k\u00f6nnen\u2192.<\/a><\/div>\n<\/div>\n\n\n\n<p class=\"has-text-align-center\"><em>(f\u00fcr registrierte Benutzer. Wenn Sie noch nicht registriert sind,<\/em><br\/><em>k\u00f6nnen Sie <a href=\"https:\/\/profisaison.com\/my-account\/\" data-type=\"link\" data-id=\"https:\/\/profisaison.com\/my-account\/\">sich als Betreiber registrieren<\/a>).<\/em><\/p>\n<\/details>\n\n<div class=\"ps-div-sub\" role=\"separator\" aria-hidden=\"true\"><span class=\"ps-div-sub__line\"><\/span><img src=\"https:\/\/www.pics1.profisaison.com\/assets2\/logos2\/ps03.png\" alt=\"\" class=\"ps-div-sub__icon\" loading=\"lazy\" decoding=\"async\" width=\"22\" height=\"22\"\/><span class=\"ps-div-sub__line ps-div-sub__line--r\"><\/span><\/div><style>.ps-div-sub {\n    display: flex;\n    align-items: center;\n    gap: .9rem;\n    width: 100%;\n    max-width: 520px;\n    margin: 2.25rem auto;\n    padding: 0 1rem;\n    box-sizing: border-box;\n  }\n  .ps-div-sub__line {\n    flex: 1;\n    display: block;\n    height: 1px;\n    opacity: .4;\n    background: linear-gradient(90deg, transparent, #5D8AA8 55%);\n  }\n  .ps-div-sub__line--r {\n    background: linear-gradient(90deg, #5D8AA8, transparent 55%);\n  }\n  .ps-div-sub__icon {\n    width: auto;\n    height: 20px;\n    max-width: 22px;\n    object-fit: contain;\n    opacity: .65;\n    display: block;\n    transition: opacity .35s ease, transform .45s cubic-bezier(.16,1,.3,1);\n  }\n  .ps-div-sub__icon:hover {\n    opacity: 1;\n    transform: rotate(12deg) scale(1.1);\n  }\n  @media (prefers-reduced-motion: reduce) {\n    .ps-div-sub__icon { transition: none; }\n  }\n<\/style>\n\n<h3 class=\"wp-block-heading\" style=\"margin-top:var(--wp--preset--spacing--40);margin-bottom:var(--wp--preset--spacing--40)\">3. In unserem Unternehmen gibt es eine Einschr\u00e4nkung des Know-hows von SAP RE-FX. Andererseits bilden wir externe Juniors darin aus. <\/h3>\n\n<details class=\"wp-block-details has-medium-font-size is-layout-flow wp-container-core-details-is-layout-5dafc681 wp-block-details-is-layout-flow\"><summary><strong><em>&#8222;Jeden Monat f\u00e4ngt jemand neu an. Drei Monate sp\u00e4ter sind sie wieder weg. Und jetzt verl\u00e4sst auch ein RE-FX-Entwickler&#8230;&#8220;<\/em><\/strong><\/summary>\n<p>Unsere drei st\u00e4rksten Schl\u00fcsselnutzer sind im letzten Jahr gegangen. Zw\u00f6lf Personen machen jetzt die Arbeit, die fr\u00fcher acht gemacht haben. Diejenigen, die bleiben, verbringen ihre Zeit damit, den n\u00e4chsten Batch einzuf\u00fchren, anstatt das System zu betreiben. Die RE-FX-Berater, die wir f\u00fcr L\u00fccken holen, bleiben nicht lange genug, um sie zu f\u00fcllen. \u00c4nderungsanfragen h\u00e4ufen sich. Das System l\u00e4uft weiter, aber der Arbeitsspeicher wird von Monat zu Monat d\u00fcnner.     <\/p>\n\n\n\n<div class=\"wp-block-buttons is-content-justification-center is-layout-flex wp-container-core-buttons-is-layout-1fb448e7 wp-block-buttons-is-layout-flex\">\n<div class=\"wp-block-button has-custom-width wp-block-button__width-50 is-style-outline is-style-outline--3\"><a class=\"wp-block-button__link has-white-background-color has-text-color has-background has-link-color wp-element-button\" href=\"https:\/\/profisaison.com\/de\/sap-re-fx-operatoren-diese-seite-ist-fuer-uns\/knowldege-transfer-das-komplexeste-engagement-das-wir-durchfuehren\/\" style=\"color:#ceb888\">Wie eine effektive System\u00fcbergabe oder Wissensbewahrung aussieht \u2192.<\/a><\/div>\n<\/div>\n\n\n\n<p class=\"has-text-align-center has-medium-font-size\"><em>(f\u00fcr registrierte Benutzer. Wenn Sie noch nicht registriert sind,<\/em><br\/><em>k\u00f6nnen Sie <a href=\"https:\/\/profisaison.com\/my-account\/\" data-type=\"link\" data-id=\"https:\/\/profisaison.com\/my-account\/\">sich als Betreiber registrieren<\/a>).<\/em><\/p>\n<\/details>\n\n<div class=\"ps-div-main\" role=\"separator\" aria-hidden=\"true\"><span class=\"ps-div-main__line\"><\/span><img src=\"https:\/\/www.pics1.profisaison.com\/assets2\/logos2\/ps01.png\" alt=\"\" class=\"ps-div-main__ticket\" loading=\"lazy\" decoding=\"async\" width=\"130\" height=\"28\"\/><span class=\"ps-div-main__line ps-div-main__line--r\"><\/span><\/div><style>.ps-div-main {\n    display: flex;\n    align-items: center;\n    gap: 1.25rem;\n    width: 100%;\n    max-width: 720px;\n    margin: 3.5rem auto;\n    padding: 0 1rem;\n    box-sizing: border-box;\n  }\n  .ps-div-main__line {\n    flex: 1;\n    display: block;\n    height: 2px;\n    opacity: .55;\n    border-radius: 1px;\n    background: linear-gradient(90deg, transparent, #5D8AA8 55%);\n  }\n  .ps-div-main__line--r {\n    background: linear-gradient(90deg, #5D8AA8, transparent 55%);\n  }\n  .ps-div-main__ticket {\n    width: auto;\n    height: 28px;\n    max-width: 130px;\n    object-fit: contain;\n    opacity: .8;\n    display: block;\n    transition: opacity .35s ease, transform .45s cubic-bezier(.16,1,.3,1);\n  }\n  .ps-div-main__ticket:hover {\n    opacity: 1;\n    transform: translateY(-1px) rotate(-1.5deg);\n  }\n  @media (prefers-reduced-motion: reduce) {\n    .ps-div-main__ticket { transition: none; }\n  }\n<\/style>\n\n<div style=\"height:100px\" aria-hidden=\"true\" class=\"wp-block-spacer\"><\/div>\n\n<div style=\"height:100px\" aria-hidden=\"true\" class=\"wp-block-spacer\"><\/div>\n","protected":false},"excerpt":{"rendered":"<p>F\u00fcr Immobilienunternehmen \u2013 Wohnungsbaugenossenschaften, gewerbliche Betreiber, Genossenschaften Kommt dir das irgendetwas bekannt vor? 1. Unser Settlement Charges-Schluss f\u00e4llt zu oft aus dem Rahmen. 2. Wir stecken fest. Jetzt! 3. In unserem Unternehmen gibt es eine Einschr\u00e4nkung des Know-hows von SAP RE-FX. Andererseits bilden wir externe Juniors darin aus.<\/p>\n","protected":false},"author":1,"featured_media":0,"parent":4543,"menu_order":0,"comment_status":"closed","ping_status":"closed","template":"","meta":{"_acf_changed":false,"footnotes":""},"class_list":["post-3603","page","type-page","status-publish","hentry"],"acf":[],"_hostinger_reach_plugin_has_subscription_block":false,"_hostinger_reach_plugin_is_elementor":false,"_links":{"self":[{"href":"https:\/\/profisaison.com\/de\/wp-json\/wp\/v2\/pages\/3603","targetHints":{"allow":["GET"]}}],"collection":[{"href":"https:\/\/profisaison.com\/de\/wp-json\/wp\/v2\/pages"}],"about":[{"href":"https:\/\/profisaison.com\/de\/wp-json\/wp\/v2\/types\/page"}],"author":[{"embeddable":true,"href":"https:\/\/profisaison.com\/de\/wp-json\/wp\/v2\/users\/1"}],"replies":[{"embeddable":true,"href":"https:\/\/profisaison.com\/de\/wp-json\/wp\/v2\/comments?post=3603"}],"version-history":[{"count":4,"href":"https:\/\/profisaison.com\/de\/wp-json\/wp\/v2\/pages\/3603\/revisions"}],"predecessor-version":[{"id":5273,"href":"https:\/\/profisaison.com\/de\/wp-json\/wp\/v2\/pages\/3603\/revisions\/5273"}],"up":[{"embeddable":true,"href":"https:\/\/profisaison.com\/de\/wp-json\/wp\/v2\/pages\/4543"}],"wp:attachment":[{"href":"https:\/\/profisaison.com\/de\/wp-json\/wp\/v2\/media?parent=3603"}],"curies":[{"name":"wp","href":"https:\/\/api.w.org\/{rel}","templated":true}]}}